{"id":368213,"date":"2024-06-12T10:13:28","date_gmt":"2024-06-12T10:13:28","guid":{"rendered":"https:\/\/www.glassfilms.eu\/new\/?post_type=product&#038;p=368213"},"modified":"2024-11-19T18:05:47","modified_gmt":"2024-11-19T18:05:47","slug":"sgc-6527-new-hammered-glass","status":"publish","type":"product","link":"https:\/\/staging.glassfilms.eu\/es\/producto\/laminas-de-vidrio\/simulated-glass-films\/sgc-6527-new-hammered-glass-2\/","title":{"rendered":"SGC-6527 Vidrio martillado nuevo"},"content":{"rendered":"<h2><span style=\"font-weight: 400;\">SimGlas Crystal Window Film UK Preguntas frecuentes<\/span><\/h2>\n<p><span style=\"font-weight: 400;\">A continuaci\u00f3n respondemos a algunas de las preguntas m\u00e1s frecuentes sobre la compra de l\u00e1minas para ventanas con dise\u00f1os de cristal.\u00a0<\/span><span style=\"font-weight: 400;\">Si no ve su consulta, p\u00f3ngase en contacto con nuestro equipo de atenci\u00f3n al cliente llamando al tel\u00e9fono <\/span><span style=\"font-weight: 400;\">\u00a0<\/span><b>0800 970 6366<\/b><span style=\"font-weight: 400;\"> o env\u00edenos un correo electr\u00f3nico a <\/span><a href=\"mailto:sales@glassfilms.eu\"><span style=\"font-weight: 400;\">sales@glassfilms.eu<\/span><\/a><span style=\"font-weight: 400;\">.<\/span><\/p>\n<p><span style=\"font-weight: 400;\">Tambi\u00e9n puede mantenerse al d\u00eda de nuestras \u00faltimas noticias y lanzamientos de productos sigui\u00e9ndonos en <\/span><a href=\"https:\/\/twitter.com\/glassfilmseu\" target=\"_blank\" rel=\"noopener\"><span style=\"font-weight: 400;\">Twitter<\/span><\/a><span style=\"font-weight: 400;\">, <\/span><a href=\"https:\/\/www.facebook.com\/glassfilmseurope\" target=\"_blank\" rel=\"noopener\"><span style=\"font-weight: 400;\">Facebook<\/span><\/a><span style=\"font-weight: 400;\"> o <\/span><a href=\"https:\/\/www.pinterest.co.uk\/glassfilms\/\" target=\"_blank\" rel=\"noopener\"><span style=\"font-weight: 400;\">Pinterest<\/span><\/a><span style=\"font-weight: 400;\">.\u00a0<\/span><\/p>\n<p><span style=\"font-weight: 400;\">Tambi\u00e9n puede explorar toda nuestra gama de productos en la secci\u00f3n <\/span><a href=\"https:\/\/staging.glassfilms.eu\/es\/catalogo\/\"><span style=\"font-weight: 400;\">Cat\u00e1logo de l\u00e1minas de vidrio<\/span><\/a><span style=\"font-weight: 400;\">.\u00a0<\/span><\/p>\n<h3><span style=\"font-weight: 400;\">\u00bfQu\u00e9 es el cristal?<\/span><\/h3>\n<p><span style=\"font-weight: 400;\">Para quienes no est\u00e9n familiarizados con el cristal, se trata de una lujosa forma de vidrio utilizada para fabricar cristaler\u00eda de alta gama, como copas de vino, decantadores y l\u00e1mparas de ara\u00f1a. Las copas de cristal suelen reservarse para las ocasiones m\u00e1s prestigiosas.\u00a0<\/span><span style=\"font-weight: 400;\">Conocidas por su claridad y deslumbrante belleza, muchas de estas caracter\u00edsticas tan veneradas del cristal tambi\u00e9n se han reproducido en nuestras l\u00e1minas para cristales SGC.\u00a0<\/span><span style=\"font-weight: 400;\">Es posible elegir una l\u00e1mina SGC para ventanas que ofrezca privacidad. Sin embargo, la gama SGC se prefiere sobre todo para mejorar el aspecto del propio cristal de la ventana.\u00a0<\/span><\/p>\n<h3><span style=\"font-weight: 400;\">\u00bfQu\u00e9 son las l\u00e1minas de cristal para ventanas?<\/span><\/h3>\n<p><span style=\"font-weight: 400;\">SGC - SimGlas\u00ae es el nombre que reciben nuestras l\u00e1minas para ventanas que dan la apariencia de cristal.\u00a0<\/span><span style=\"font-weight: 400;\">La posibilidad de aplicar el aspecto de alta gama del cristal sobre un vidrio liso mediante el uso de una l\u00e1mina para ventanas reduce el coste, el tiempo y el esfuerzo que supone actualizar las superficies acristaladas. El resultado es un cristal con un aspecto sofisticado y una mayor privacidad.\u00a0<\/span><span style=\"font-weight: 400;\">Despu\u00e9s de las iniciales \"SGC\", ver\u00e1 un c\u00f3digo de producto espec\u00edfico adjunto. Cada c\u00f3digo SGC se refiere a un estilo diferente de cristal de ventana para facilitar el pedido.<\/span><\/p>\n<h3><span style=\"font-weight: 400;\">\u00bfCu\u00e1l es la diferencia entre cristal para ventanas y l\u00e1mina de cristal para ventanas?<\/span><\/h3>\n<p><span style=\"font-weight: 400;\">Como la mayor\u00eda de los estilos de vidrio decorativo, no es f\u00e1cil ni barato fabricar vidrio cristal. Adem\u00e1s, no todos los estilos de cristal son adecuados para usos particulares, incluso dentro de ventanas o puertas.\u00a0<\/span><span style=\"font-weight: 400;\">Pero cuando las florituras de dise\u00f1o de la clase cristal se reproducen en las l\u00e1minas para ventanas, de repente las oportunidades se vuelven infinitas.\u00a0<\/span><\/p>\n<p><span style=\"font-weight: 400;\">Un ejemplo similar es el de las baldosas de gres porcel\u00e1nico, que reproducen los suelos de madera para ofrecer a los propietarios una superficie m\u00e1s pr\u00e1ctica. La misma filosof\u00eda se aplica a las l\u00e1minas para cristales SGC, que permiten obtener el aspecto de un cristal, pero en un formato de l\u00e1mina f\u00e1cil de usar.\u00a0<\/span><span style=\"font-weight: 400;\">Como estamos a punto de cubrir con nuestras sugerencias de ideas de uso, hay un mont\u00f3n de maneras en que el cristal de la pel\u00edcula de la ventana de cristal SGC se puede utilizar en todos los espacios interiores de su hogar.<\/span><\/p>\n<h3><span style=\"font-weight: 400;\">D\u00f3nde comprar <\/span><span style=\"font-weight: 400;\">Cristal <\/span><span style=\"font-weight: 400;\">\u00bfPel\u00edculas para ventanas?<\/span><\/h3>\n<p><span style=\"font-weight: 400;\">Glass Films tiene en stock una amplia gama de dise\u00f1os de l\u00e1minas de cristal para ventanas (conocidas como SGC) en nuestra p\u00e1gina web. Las l\u00e1minas para cristales imitan las caracter\u00edsticas del cristal, pero en formato de vinilo. Para comprar nuestras l\u00e1minas para ventanas, simplemente busque su estilo preferido, seleccione el tama\u00f1o que necesita y haga su pedido.\u00a0<\/span><\/p>\n<h3><span style=\"font-weight: 400;\">\u00bfLas l\u00e1minas para ventanas evitan el calor?<\/span><\/h3>\n<p><span style=\"font-weight: 400;\">S\u00ed, dependiendo de la l\u00e1mina que elija. Para un rechazo m\u00e1ximo del calor, le sugerimos nuestra <\/span><a href=\"https:\/\/staging.glassfilms.eu\/es\/producto\/decorative-glass-films\/ultracool-s6060-60-vlt-silver-window-film\/\"><span style=\"font-weight: 400;\">UltraCool-S6060 60% VLT Plata Window Film<\/span><\/a><span style=\"font-weight: 400;\"> que ofrece un rechazo del calor solar de 43%. Dentro de nuestra gama SGC, encontrar\u00e1 una serie de l\u00e1minas para ventanas con diferentes \u00edndices de transmisi\u00f3n de rayos UV, una propiedad similar a la que debe prestar atenci\u00f3n.\u00a0<\/span><\/p>\n<h3><span style=\"font-weight: 400;\">C\u00f3mo colocar l\u00e1minas para ventanas<\/span><\/h3>\n<p><span style=\"font-weight: 400;\">Encontrar\u00e1 instrucciones sobre c\u00f3mo colocar la l\u00e1mina en el listado de productos. Hemos simplificado el proceso para que pueda instalar y retirar f\u00e1cilmente la l\u00e1mina. Tambi\u00e9n puede recurrir a un instalador de l\u00e1minas para ventanas de confianza para que se las coloque.\u00a0<\/span><\/p>","protected":false},"excerpt":{"rendered":"<p>SGC-6527-58 New Hammered es una l\u00e1mina transparente ligeramente texturizada fabricada en poli\u00e9ster resistente que proporciona una visi\u00f3n suavizada y distorsionada.<br \/>\nEsta l\u00e1mina dimensionalmente estable est\u00e1 estabilizada 100% contra los rayos UV, no se decolora ni encoge, y se suministra con un revestimiento de silicona que protege el adhesivo acr\u00edlico transparente sensible a la presi\u00f3n. Se recomienda su aplicaci\u00f3n en cristales interiores y es ideal para la distracci\u00f3n semiprivada en aplicaciones decorativas o arquitect\u00f3nicas.<\/p>","protected":false},"featured_media":368246,"template":"","meta":{"_acf_changed":false},"product_brand":[],"product_cat":[378],"product_tag":[],"class_list":{"0":"post-368213","1":"product","2":"type-product","3":"status-publish","4":"has-post-thumbnail","6":"product_cat-simulated-glass-films","7":"pa_brand-simglas","9":"first","10":"onbackorder","11":"taxable","12":"shipping-taxable","13":"purchasable","14":"product-type-variable","15":"has-default-attributes"},"acf":[],"_links":{"self":[{"href":"https:\/\/staging.glassfilms.eu\/es\/wp-json\/wp\/v2\/product\/368213","targetHints":{"allow":["GET"]}}],"collection":[{"href":"https:\/\/staging.glassfilms.eu\/es\/wp-json\/wp\/v2\/product"}],"about":[{"href":"https:\/\/staging.glassfilms.eu\/es\/wp-json\/wp\/v2\/types\/product"}],"version-history":[{"count":1,"href":"https:\/\/staging.glassfilms.eu\/es\/wp-json\/wp\/v2\/product\/368213\/revisions"}],"predecessor-version":[{"id":385524,"href":"https:\/\/staging.glassfilms.eu\/es\/wp-json\/wp\/v2\/product\/368213\/revisions\/385524"}],"wp:featuredmedia":[{"embeddable":true,"href":"https:\/\/staging.glassfilms.eu\/es\/wp-json\/wp\/v2\/media\/368246"}],"wp:attachment":[{"href":"https:\/\/staging.glassfilms.eu\/es\/wp-json\/wp\/v2\/media?parent=368213"}],"wp:term":[{"taxonomy":"product_brand","embeddable":true,"href":"https:\/\/staging.glassfilms.eu\/es\/wp-json\/wp\/v2\/product_brand?post=368213"},{"taxonomy":"product_cat","embeddable":true,"href":"https:\/\/staging.glassfilms.eu\/es\/wp-json\/wp\/v2\/product_cat?post=368213"},{"taxonomy":"product_tag","embeddable":true,"href":"https:\/\/staging.glassfilms.eu\/es\/wp-json\/wp\/v2\/product_tag?post=368213"}],"curies":[{"name":"wp","href":"https:\/\/api.w.org\/{rel}","templated":true}]}}