{"id":368220,"date":"2024-06-12T10:13:28","date_gmt":"2024-06-12T10:13:28","guid":{"rendered":"https:\/\/www.glassfilms.eu\/new\/?post_type=product&#038;p=368220"},"modified":"2024-11-19T18:41:22","modified_gmt":"2024-11-19T18:41:22","slug":"sx-1256-corsica-glass","status":"publish","type":"product","link":"https:\/\/staging.glassfilms.eu\/es\/producto\/laminas-de-vidrio\/textured-window-film\/sx-1256-corsica-glass\/","title":{"rendered":"SX-1256 Cristal C\u00f3rcega"},"content":{"rendered":"","protected":false},"excerpt":{"rendered":"<p>SX-1256 Corsica Glass es una l\u00e1mina semitransparente ligeramente texturizada fabricada con poli\u00e9ster duradero que proporciona una visi\u00f3n de privacidad distorsionada. Esta l\u00e1mina dimensionalmente estable est\u00e1 estabilizada 100% contra los rayos UV, no se decolora ni se encoge, y se suministra con un revestimiento extra\u00edble recubierto de silicona que protege el adhesivo acr\u00edlico transparente sensible a la presi\u00f3n. Se recomienda su aplicaci\u00f3n en cristales interiores y es ideal para la distracci\u00f3n de la privacidad en aplicaciones decorativas o arquitect\u00f3nicas.<\/p>","protected":false},"featured_media":368259,"template":"","meta":{"_acf_changed":false},"product_brand":[],"product_cat":[301,377,378,303],"product_tag":[702,703],"class_list":{"0":"post-368220","1":"product","2":"type-product","3":"status-publish","4":"has-post-thumbnail","6":"product_cat-glass-films","7":"product_cat-retro-window-films","8":"product_cat-simulated-glass-films","9":"product_cat-textured-window-film","10":"product_tag-fluted","11":"product_tag-reeded","12":"pa_brand-simglas","14":"first","15":"instock","16":"taxable","17":"shipping-taxable","18":"purchasable","19":"product-type-variable","20":"has-default-attributes"},"acf":[],"_links":{"self":[{"href":"https:\/\/staging.glassfilms.eu\/es\/wp-json\/wp\/v2\/product\/368220","targetHints":{"allow":["GET"]}}],"collection":[{"href":"https:\/\/staging.glassfilms.eu\/es\/wp-json\/wp\/v2\/product"}],"about":[{"href":"https:\/\/staging.glassfilms.eu\/es\/wp-json\/wp\/v2\/types\/product"}],"version-history":[{"count":1,"href":"https:\/\/staging.glassfilms.eu\/es\/wp-json\/wp\/v2\/product\/368220\/revisions"}],"predecessor-version":[{"id":384083,"href":"https:\/\/staging.glassfilms.eu\/es\/wp-json\/wp\/v2\/product\/368220\/revisions\/384083"}],"wp:featuredmedia":[{"embeddable":true,"href":"https:\/\/staging.glassfilms.eu\/es\/wp-json\/wp\/v2\/media\/368259"}],"wp:attachment":[{"href":"https:\/\/staging.glassfilms.eu\/es\/wp-json\/wp\/v2\/media?parent=368220"}],"wp:term":[{"taxonomy":"product_brand","embeddable":true,"href":"https:\/\/staging.glassfilms.eu\/es\/wp-json\/wp\/v2\/product_brand?post=368220"},{"taxonomy":"product_cat","embeddable":true,"href":"https:\/\/staging.glassfilms.eu\/es\/wp-json\/wp\/v2\/product_cat?post=368220"},{"taxonomy":"product_tag","embeddable":true,"href":"https:\/\/staging.glassfilms.eu\/es\/wp-json\/wp\/v2\/product_tag?post=368220"}],"curies":[{"name":"wp","href":"https:\/\/api.w.org\/{rel}","templated":true}]}}