{"id":368223,"date":"2024-06-12T10:13:28","date_gmt":"2024-06-12T10:13:28","guid":{"rendered":"https:\/\/www.glassfilms.eu\/new\/?post_type=product&#038;p=368223"},"modified":"2024-12-03T11:00:29","modified_gmt":"2024-12-03T11:00:29","slug":"sx-1477-cut-glass-drops","status":"publish","type":"product","link":"https:\/\/staging.glassfilms.eu\/es\/producto\/laminas-de-vidrio\/textured-window-film\/cut-glass-window-films\/sx-1477-cut-glass-drops\/","title":{"rendered":"SX-1477 Gotas de vidrio tallado"},"content":{"rendered":"","protected":false},"excerpt":{"rendered":"<p>SX-1477 Gotas de Vidrio Cortadas. Esta l\u00e1mina tiene un adhesivo autoadhesivo sensible a la presi\u00f3n con revestimiento protector transparente Una l\u00e1mina de privacidad excelente que oscurece la visibilidad directa y permite una excelente transmisi\u00f3n de la luz.<\/p>","protected":false},"featured_media":368264,"template":"","meta":{"_acf_changed":false},"product_brand":[],"product_cat":[304,301,306,303],"product_tag":[],"class_list":{"0":"post-368223","1":"product","2":"type-product","3":"status-publish","4":"has-post-thumbnail","6":"product_cat-cut-glass-window-films","7":"product_cat-glass-films","8":"product_cat-patterned-window-film","9":"product_cat-textured-window-film","10":"pa_brand-solyx","12":"first","13":"instock","14":"taxable","15":"shipping-taxable","16":"purchasable","17":"product-type-variable","18":"has-default-attributes"},"acf":[],"_links":{"self":[{"href":"https:\/\/staging.glassfilms.eu\/es\/wp-json\/wp\/v2\/product\/368223","targetHints":{"allow":["GET"]}}],"collection":[{"href":"https:\/\/staging.glassfilms.eu\/es\/wp-json\/wp\/v2\/product"}],"about":[{"href":"https:\/\/staging.glassfilms.eu\/es\/wp-json\/wp\/v2\/types\/product"}],"version-history":[{"count":1,"href":"https:\/\/staging.glassfilms.eu\/es\/wp-json\/wp\/v2\/product\/368223\/revisions"}],"predecessor-version":[{"id":384148,"href":"https:\/\/staging.glassfilms.eu\/es\/wp-json\/wp\/v2\/product\/368223\/revisions\/384148"}],"wp:featuredmedia":[{"embeddable":true,"href":"https:\/\/staging.glassfilms.eu\/es\/wp-json\/wp\/v2\/media\/368264"}],"wp:attachment":[{"href":"https:\/\/staging.glassfilms.eu\/es\/wp-json\/wp\/v2\/media?parent=368223"}],"wp:term":[{"taxonomy":"product_brand","embeddable":true,"href":"https:\/\/staging.glassfilms.eu\/es\/wp-json\/wp\/v2\/product_brand?post=368223"},{"taxonomy":"product_cat","embeddable":true,"href":"https:\/\/staging.glassfilms.eu\/es\/wp-json\/wp\/v2\/product_cat?post=368223"},{"taxonomy":"product_tag","embeddable":true,"href":"https:\/\/staging.glassfilms.eu\/es\/wp-json\/wp\/v2\/product_tag?post=368223"}],"curies":[{"name":"wp","href":"https:\/\/api.w.org\/{rel}","templated":true}]}}