{"id":368374,"date":"2024-06-12T10:14:07","date_gmt":"2024-06-12T10:14:07","guid":{"rendered":"https:\/\/www.glassfilms.eu\/new\/?post_type=product&#038;p=368374"},"modified":"2024-11-28T13:35:19","modified_gmt":"2024-11-28T13:35:19","slug":"sx-1259-antique-wavy-glass","status":"publish","type":"product","link":"https:\/\/staging.glassfilms.eu\/es\/producto\/laminas-de-vidrio\/textured-window-film\/cut-glass-window-films\/sx-1259-antique-glass\/","title":{"rendered":"SX-1259 Cristal ondulado antiguo"},"content":{"rendered":"","protected":false},"excerpt":{"rendered":"<p>SX-1259 Antique Wavy Glass es una l\u00e1mina de poli\u00e9ster semitransparente ligeramente texturada que simula el cristal y proporciona una visi\u00f3n distorsionada con una excelente transmisi\u00f3n de la luz.<\/p>","protected":false},"featured_media":368410,"template":"","meta":{"_acf_changed":false},"product_brand":[],"product_cat":[788,304,301,306,377,303],"product_tag":[790],"class_list":{"0":"post-368374","1":"product","2":"type-product","3":"status-publish","4":"has-post-thumbnail","6":"product_cat-antique-vintage-window-films","7":"product_cat-cut-glass-window-films","8":"product_cat-glass-films","9":"product_cat-patterned-window-film","10":"product_cat-retro-window-films","11":"product_cat-textured-window-film","12":"product_tag-antique","13":"pa_brand-simglas","15":"first","16":"instock","17":"taxable","18":"shipping-taxable","19":"purchasable","20":"product-type-variable","21":"has-default-attributes"},"acf":[],"_links":{"self":[{"href":"https:\/\/staging.glassfilms.eu\/es\/wp-json\/wp\/v2\/product\/368374","targetHints":{"allow":["GET"]}}],"collection":[{"href":"https:\/\/staging.glassfilms.eu\/es\/wp-json\/wp\/v2\/product"}],"about":[{"href":"https:\/\/staging.glassfilms.eu\/es\/wp-json\/wp\/v2\/types\/product"}],"version-history":[{"count":2,"href":"https:\/\/staging.glassfilms.eu\/es\/wp-json\/wp\/v2\/product\/368374\/revisions"}],"predecessor-version":[{"id":384090,"href":"https:\/\/staging.glassfilms.eu\/es\/wp-json\/wp\/v2\/product\/368374\/revisions\/384090"}],"wp:featuredmedia":[{"embeddable":true,"href":"https:\/\/staging.glassfilms.eu\/es\/wp-json\/wp\/v2\/media\/368410"}],"wp:attachment":[{"href":"https:\/\/staging.glassfilms.eu\/es\/wp-json\/wp\/v2\/media?parent=368374"}],"wp:term":[{"taxonomy":"product_brand","embeddable":true,"href":"https:\/\/staging.glassfilms.eu\/es\/wp-json\/wp\/v2\/product_brand?post=368374"},{"taxonomy":"product_cat","embeddable":true,"href":"https:\/\/staging.glassfilms.eu\/es\/wp-json\/wp\/v2\/product_cat?post=368374"},{"taxonomy":"product_tag","embeddable":true,"href":"https:\/\/staging.glassfilms.eu\/es\/wp-json\/wp\/v2\/product_tag?post=368374"}],"curies":[{"name":"wp","href":"https:\/\/api.w.org\/{rel}","templated":true}]}}