{"id":368452,"date":"2024-06-12T10:14:24","date_gmt":"2024-06-12T10:14:24","guid":{"rendered":"https:\/\/www.glassfilms.eu\/new\/?post_type=product&#038;p=368452"},"modified":"2024-11-21T15:49:11","modified_gmt":"2024-11-21T15:49:11","slug":"sxs-m5005-gold-opaque-metal-mirror-film","status":"publish","type":"product","link":"https:\/\/staging.glassfilms.eu\/es\/producto\/laminas-de-vidrio\/frosted-window-film\/opaque-window-films\/sxs-m5005-espejo-metalico-dorado-opaco\/","title":{"rendered":"SXS-M5005 Pel\u00edcula de espejo met\u00e1lico opaco dorado"},"content":{"rendered":"","protected":false},"excerpt":{"rendered":"<p>El SXS-M5005 Espejo met\u00e1lico opaco dorado es un film de poli\u00e9ster duradero, opaco y reflectante. La cara adhesiva de esta pel\u00edcula es plateada. Se suministra con un papel siliconado que protege el adhesivo transparente sensible a la presi\u00f3n y est\u00e1 dise\u00f1ado para su aplicaci\u00f3n en cristales interiores, de una o dos hojas, y cristales exteriores. Esta l\u00e1mina es ideal para aplicaciones de privacidad, decorativas, de control solar o arquitect\u00f3nicas.<\/p>","protected":false},"featured_media":368499,"template":"","meta":{"_acf_changed":false},"product_brand":[],"product_cat":[301,309],"product_tag":[],"class_list":{"0":"post-368452","1":"product","2":"type-product","3":"status-publish","4":"has-post-thumbnail","6":"product_cat-glass-films","7":"product_cat-opaque-window-films","8":"pa_brand-solyx","10":"first","11":"onbackorder","12":"taxable","13":"shipping-taxable","14":"purchasable","15":"product-type-variable","16":"has-default-attributes"},"acf":[],"_links":{"self":[{"href":"https:\/\/staging.glassfilms.eu\/es\/wp-json\/wp\/v2\/product\/368452","targetHints":{"allow":["GET"]}}],"collection":[{"href":"https:\/\/staging.glassfilms.eu\/es\/wp-json\/wp\/v2\/product"}],"about":[{"href":"https:\/\/staging.glassfilms.eu\/es\/wp-json\/wp\/v2\/types\/product"}],"version-history":[{"count":1,"href":"https:\/\/staging.glassfilms.eu\/es\/wp-json\/wp\/v2\/product\/368452\/revisions"}],"predecessor-version":[{"id":384911,"href":"https:\/\/staging.glassfilms.eu\/es\/wp-json\/wp\/v2\/product\/368452\/revisions\/384911"}],"wp:featuredmedia":[{"embeddable":true,"href":"https:\/\/staging.glassfilms.eu\/es\/wp-json\/wp\/v2\/media\/368499"}],"wp:attachment":[{"href":"https:\/\/staging.glassfilms.eu\/es\/wp-json\/wp\/v2\/media?parent=368452"}],"wp:term":[{"taxonomy":"product_brand","embeddable":true,"href":"https:\/\/staging.glassfilms.eu\/es\/wp-json\/wp\/v2\/product_brand?post=368452"},{"taxonomy":"product_cat","embeddable":true,"href":"https:\/\/staging.glassfilms.eu\/es\/wp-json\/wp\/v2\/product_cat?post=368452"},{"taxonomy":"product_tag","embeddable":true,"href":"https:\/\/staging.glassfilms.eu\/es\/wp-json\/wp\/v2\/product_tag?post=368452"}],"curies":[{"name":"wp","href":"https:\/\/api.w.org\/{rel}","templated":true}]}}