{"id":368564,"date":"2024-06-12T10:14:56","date_gmt":"2024-06-12T10:14:56","guid":{"rendered":"https:\/\/www.glassfilms.eu\/new\/?post_type=product&#038;p=368564"},"modified":"2024-11-19T15:10:46","modified_gmt":"2024-11-19T15:10:46","slug":"sx-3177-saffron-organic-cotton","status":"publish","type":"product","link":"https:\/\/staging.glassfilms.eu\/es\/producto\/laminas-de-vidrio\/patterned-window-film\/natural-patterned-window-film\/sx-3177-azafran-algodon-organico\/","title":{"rendered":"SX-3177 Azafr\u00e1n Algod\u00f3n org\u00e1nico"},"content":{"rendered":"","protected":false},"excerpt":{"rendered":"<p>SX-3177 Algod\u00f3n org\u00e1nico azafr\u00e1n consiste en finas l\u00edneas verticales y horizontales que simulan el material de algod\u00f3n tejido. El espacio entre las l\u00edneas de color est\u00e1 ligeramente esmerilado, ideal para oscurecer la visibilidad sin dejar de permitir una buena transmisi\u00f3n de la luz.<\/p>\n<p>Esta l\u00e1mina est\u00e1 recomendada para su aplicaci\u00f3n en cristales interiores y exteriores (superficie interior). Fabricada con l\u00e1mina de PET transparente y duradera con un dibujo impreso. Se suministra con un revestimiento de silicona que protege el adhesivo transparente sensible a la presi\u00f3n y se aplica con las mismas herramientas y t\u00e9cnicas que las l\u00e1minas para ventanas.<\/p>","protected":false},"featured_media":368593,"template":"","meta":{"_acf_changed":false},"product_brand":[],"product_cat":[302,301,499,306],"product_tag":[],"class_list":{"0":"post-368564","1":"product","2":"type-product","3":"status-publish","4":"has-post-thumbnail","6":"product_cat-coloured-window-film","7":"product_cat-glass-films","8":"product_cat-natural-patterned-window-film","9":"product_cat-patterned-window-film","10":"pa_brand-solyx","12":"first","13":"onbackorder","14":"taxable","15":"shipping-taxable","16":"purchasable","17":"product-type-variable","18":"has-default-attributes"},"acf":[],"_links":{"self":[{"href":"https:\/\/staging.glassfilms.eu\/es\/wp-json\/wp\/v2\/product\/368564","targetHints":{"allow":["GET"]}}],"collection":[{"href":"https:\/\/staging.glassfilms.eu\/es\/wp-json\/wp\/v2\/product"}],"about":[{"href":"https:\/\/staging.glassfilms.eu\/es\/wp-json\/wp\/v2\/types\/product"}],"version-history":[{"count":1,"href":"https:\/\/staging.glassfilms.eu\/es\/wp-json\/wp\/v2\/product\/368564\/revisions"}],"predecessor-version":[{"id":384323,"href":"https:\/\/staging.glassfilms.eu\/es\/wp-json\/wp\/v2\/product\/368564\/revisions\/384323"}],"wp:featuredmedia":[{"embeddable":true,"href":"https:\/\/staging.glassfilms.eu\/es\/wp-json\/wp\/v2\/media\/368593"}],"wp:attachment":[{"href":"https:\/\/staging.glassfilms.eu\/es\/wp-json\/wp\/v2\/media?parent=368564"}],"wp:term":[{"taxonomy":"product_brand","embeddable":true,"href":"https:\/\/staging.glassfilms.eu\/es\/wp-json\/wp\/v2\/product_brand?post=368564"},{"taxonomy":"product_cat","embeddable":true,"href":"https:\/\/staging.glassfilms.eu\/es\/wp-json\/wp\/v2\/product_cat?post=368564"},{"taxonomy":"product_tag","embeddable":true,"href":"https:\/\/staging.glassfilms.eu\/es\/wp-json\/wp\/v2\/product_tag?post=368564"}],"curies":[{"name":"wp","href":"https:\/\/api.w.org\/{rel}","templated":true}]}}