{"id":368573,"date":"2024-06-12T10:14:56","date_gmt":"2024-06-12T10:14:56","guid":{"rendered":"https:\/\/www.glassfilms.eu\/new\/?post_type=product&#038;p=368573"},"modified":"2024-11-19T16:49:31","modified_gmt":"2024-11-19T16:49:31","slug":"sx-1281-crystal-weave-1-2","status":"publish","type":"product","link":"https:\/\/staging.glassfilms.eu\/es\/producto\/laminas-de-vidrio\/patterned-window-film\/square-pattern-window-films\/sx-1281-crystal-weave-1-2\/","title":{"rendered":"SX-1281 Tejido de cristal 1\/2"},"content":{"rendered":"","protected":false},"excerpt":{"rendered":"<p>SX-1281 Crystal Weave es una l\u00e1mina de poli\u00e9ster en relieve dise\u00f1ada para asemejarse al cristal tallado en una elegante configuraci\u00f3n de tejido. El patr\u00f3n consiste en bloques, cada uno de los cuales mide \u00bd pulgada. Esta pel\u00edcula proporciona una visibilidad oscurecida a la vez que permite una excelente transmisi\u00f3n de la luz.<\/p>","protected":false},"featured_media":368602,"template":"","meta":{"_acf_changed":false},"product_brand":[],"product_cat":[304,301,306,378,380,303],"product_tag":[],"class_list":{"0":"post-368573","1":"product","2":"type-product","3":"status-publish","4":"has-post-thumbnail","6":"product_cat-cut-glass-window-films","7":"product_cat-glass-films","8":"product_cat-patterned-window-film","9":"product_cat-simulated-glass-films","10":"product_cat-square-pattern-window-films","11":"product_cat-textured-window-film","12":"pa_brand-simglas","14":"first","15":"instock","16":"taxable","17":"shipping-taxable","18":"purchasable","19":"product-type-variable","20":"has-default-attributes"},"acf":[],"_links":{"self":[{"href":"https:\/\/staging.glassfilms.eu\/es\/wp-json\/wp\/v2\/product\/368573","targetHints":{"allow":["GET"]}}],"collection":[{"href":"https:\/\/staging.glassfilms.eu\/es\/wp-json\/wp\/v2\/product"}],"about":[{"href":"https:\/\/staging.glassfilms.eu\/es\/wp-json\/wp\/v2\/types\/product"}],"version-history":[{"count":1,"href":"https:\/\/staging.glassfilms.eu\/es\/wp-json\/wp\/v2\/product\/368573\/revisions"}],"predecessor-version":[{"id":384124,"href":"https:\/\/staging.glassfilms.eu\/es\/wp-json\/wp\/v2\/product\/368573\/revisions\/384124"}],"wp:featuredmedia":[{"embeddable":true,"href":"https:\/\/staging.glassfilms.eu\/es\/wp-json\/wp\/v2\/media\/368602"}],"wp:attachment":[{"href":"https:\/\/staging.glassfilms.eu\/es\/wp-json\/wp\/v2\/media?parent=368573"}],"wp:term":[{"taxonomy":"product_brand","embeddable":true,"href":"https:\/\/staging.glassfilms.eu\/es\/wp-json\/wp\/v2\/product_brand?post=368573"},{"taxonomy":"product_cat","embeddable":true,"href":"https:\/\/staging.glassfilms.eu\/es\/wp-json\/wp\/v2\/product_cat?post=368573"},{"taxonomy":"product_tag","embeddable":true,"href":"https:\/\/staging.glassfilms.eu\/es\/wp-json\/wp\/v2\/product_tag?post=368573"}],"curies":[{"name":"wp","href":"https:\/\/api.w.org\/{rel}","templated":true}]}}