{"id":366582,"date":"2024-06-12T10:07:04","date_gmt":"2024-06-12T10:07:04","guid":{"rendered":"https:\/\/www.glassfilms.eu\/new\/?post_type=product&#038;p=366582"},"modified":"2024-11-15T16:12:34","modified_gmt":"2024-11-15T16:12:34","slug":"sxp-025uv-brimstone-yellow","status":"publish","type":"product","link":"https:\/\/staging.glassfilms.eu\/fr\/produit\/films-de-verre\/coloured-window-film\/sxp-025uv-brimstone-jaune-2\/","title":{"rendered":"SXP-025UV Jaune d'am\u00e9thyste"},"content":{"rendered":"","protected":false},"excerpt":{"rendered":"<p>Film polyester transparent, optiquement clair, stabilis\u00e9 aux UV, color\u00e9, avec rev\u00eatement protecteur r\u00e9sistant aux rayures. Surface brillante. Con\u00e7u pour les conceptions de verre illumin\u00e9 ou de vitrail de haute qualit\u00e9, les graphiques de fen\u00eatre et les surfaces de verre r\u00e9tro-\u00e9clair\u00e9es. Disponible en 25 couleurs brillantes qui peuvent \u00eatre superpos\u00e9es pour cr\u00e9er une palette de couleurs infinie. (Les couleurs des images sont repr\u00e9sentatives. Veuillez commander des \u00e9chantillons pour voir les couleurs avec pr\u00e9cision). Ce film peut \u00eatre install\u00e9 en plein soleil !<\/p>","protected":false},"featured_media":366615,"template":"","meta":{"_acf_changed":false},"product_brand":[],"product_cat":[302,301],"product_tag":[],"class_list":{"0":"post-366582","1":"product","2":"type-product","3":"status-publish","4":"has-post-thumbnail","6":"product_cat-coloured-window-film","7":"product_cat-glass-films","8":"pa_brand-solyx","10":"first","11":"onbackorder","12":"taxable","13":"shipping-taxable","14":"purchasable","15":"product-type-variable","16":"has-default-attributes"},"acf":[],"_links":{"self":[{"href":"https:\/\/staging.glassfilms.eu\/fr\/wp-json\/wp\/v2\/product\/366582","targetHints":{"allow":["GET"]}}],"collection":[{"href":"https:\/\/staging.glassfilms.eu\/fr\/wp-json\/wp\/v2\/product"}],"about":[{"href":"https:\/\/staging.glassfilms.eu\/fr\/wp-json\/wp\/v2\/types\/product"}],"version-history":[{"count":1,"href":"https:\/\/staging.glassfilms.eu\/fr\/wp-json\/wp\/v2\/product\/366582\/revisions"}],"predecessor-version":[{"id":383539,"href":"https:\/\/staging.glassfilms.eu\/fr\/wp-json\/wp\/v2\/product\/366582\/revisions\/383539"}],"wp:featuredmedia":[{"embeddable":true,"href":"https:\/\/staging.glassfilms.eu\/fr\/wp-json\/wp\/v2\/media\/366615"}],"wp:attachment":[{"href":"https:\/\/staging.glassfilms.eu\/fr\/wp-json\/wp\/v2\/media?parent=366582"}],"wp:term":[{"taxonomy":"product_brand","embeddable":true,"href":"https:\/\/staging.glassfilms.eu\/fr\/wp-json\/wp\/v2\/product_brand?post=366582"},{"taxonomy":"product_cat","embeddable":true,"href":"https:\/\/staging.glassfilms.eu\/fr\/wp-json\/wp\/v2\/product_cat?post=366582"},{"taxonomy":"product_tag","embeddable":true,"href":"https:\/\/staging.glassfilms.eu\/fr\/wp-json\/wp\/v2\/product_tag?post=366582"}],"curies":[{"name":"wp","href":"https:\/\/api.w.org\/{rel}","templated":true}]}}