{"id":366587,"date":"2024-06-12T10:07:05","date_gmt":"2024-06-12T10:07:05","guid":{"rendered":"https:\/\/www.glassfilms.eu\/new\/?post_type=product&#038;p=366587"},"modified":"2024-11-15T15:36:53","modified_gmt":"2024-11-15T15:36:53","slug":"sxp-096uv-steel-blue","status":"publish","type":"product","link":"https:\/\/staging.glassfilms.eu\/fr\/produit\/films-de-verre\/coloured-window-film\/sxp-096uv-acier-bleu-2\/","title":{"rendered":"SXP-096UV Bleu acier"},"content":{"rendered":"","protected":false},"excerpt":{"rendered":"<p>Film polyester transparent, optiquement clair, color\u00e9, avec rev\u00eatement protecteur r\u00e9sistant aux rayures. Surface brillante. Con\u00e7u pour des conceptions de verre illumin\u00e9 ou de vitrail de haute qualit\u00e9, des graphiques de fen\u00eatres et des surfaces de verre r\u00e9tro-\u00e9clair\u00e9es. Disponible en 25 couleurs brillantes qui peuvent \u00eatre superpos\u00e9es pour cr\u00e9er une palette de couleurs infinie. (Les couleurs des images sont repr\u00e9sentatives. Veuillez commander des \u00e9chantillons pour voir les couleurs avec pr\u00e9cision).<\/p>","protected":false},"featured_media":366642,"template":"","meta":{"_acf_changed":false},"product_brand":[],"product_cat":[302,301],"product_tag":[],"class_list":{"0":"post-366587","1":"product","2":"type-product","3":"status-publish","4":"has-post-thumbnail","6":"product_cat-coloured-window-film","7":"product_cat-glass-films","8":"pa_brand-solyx","10":"first","11":"onbackorder","12":"taxable","13":"shipping-taxable","14":"purchasable","15":"product-type-variable","16":"has-default-attributes"},"acf":[],"_links":{"self":[{"href":"https:\/\/staging.glassfilms.eu\/fr\/wp-json\/wp\/v2\/product\/366587","targetHints":{"allow":["GET"]}}],"collection":[{"href":"https:\/\/staging.glassfilms.eu\/fr\/wp-json\/wp\/v2\/product"}],"about":[{"href":"https:\/\/staging.glassfilms.eu\/fr\/wp-json\/wp\/v2\/types\/product"}],"version-history":[{"count":1,"href":"https:\/\/staging.glassfilms.eu\/fr\/wp-json\/wp\/v2\/product\/366587\/revisions"}],"predecessor-version":[{"id":383564,"href":"https:\/\/staging.glassfilms.eu\/fr\/wp-json\/wp\/v2\/product\/366587\/revisions\/383564"}],"wp:featuredmedia":[{"embeddable":true,"href":"https:\/\/staging.glassfilms.eu\/fr\/wp-json\/wp\/v2\/media\/366642"}],"wp:attachment":[{"href":"https:\/\/staging.glassfilms.eu\/fr\/wp-json\/wp\/v2\/media?parent=366587"}],"wp:term":[{"taxonomy":"product_brand","embeddable":true,"href":"https:\/\/staging.glassfilms.eu\/fr\/wp-json\/wp\/v2\/product_brand?post=366587"},{"taxonomy":"product_cat","embeddable":true,"href":"https:\/\/staging.glassfilms.eu\/fr\/wp-json\/wp\/v2\/product_cat?post=366587"},{"taxonomy":"product_tag","embeddable":true,"href":"https:\/\/staging.glassfilms.eu\/fr\/wp-json\/wp\/v2\/product_tag?post=366587"}],"curies":[{"name":"wp","href":"https:\/\/api.w.org\/{rel}","templated":true}]}}