{"id":366596,"date":"2024-06-12T10:07:05","date_gmt":"2024-06-12T10:07:05","guid":{"rendered":"https:\/\/www.glassfilms.eu\/new\/?post_type=product&#038;p=366596"},"modified":"2024-11-19T17:26:05","modified_gmt":"2024-11-19T17:26:05","slug":"sxlt-1305-clear-sheet-of-ice","status":"publish","type":"product","link":"https:\/\/staging.glassfilms.eu\/fr\/produit\/films-de-verre\/textured-window-film\/cut-glass-window-films\/sxlt-1305-clear-sheet-of-ice\/","title":{"rendered":"SXLT-1305 Feuille de glace transparente"},"content":{"rendered":"","protected":false},"excerpt":{"rendered":"<p>SXLT-1305 Clear Sheet of Ice est un magnifique film diffusant la lumi\u00e8re avec un design al\u00e9atoire textur\u00e9. Ce film convient pour masquer la visibilit\u00e9 directe et permettre une excellente transmission de la lumi\u00e8re. Ce film est dimensionnellement stable, ne jaunit pas et s'installe selon les m\u00eames m\u00e9thodes que n'importe quel film pour fen\u00eatre. Ce film remplace le SX-0044 Stucco Ice.<\/p>","protected":false},"featured_media":366688,"template":"","meta":{"_acf_changed":false},"product_brand":[],"product_cat":[304,305,301,303],"product_tag":[],"class_list":{"0":"post-366596","1":"product","2":"type-product","3":"status-publish","4":"has-post-thumbnail","6":"product_cat-cut-glass-window-films","7":"product_cat-frosted-window-film","8":"product_cat-glass-films","9":"product_cat-textured-window-film","10":"pa_brand-solyx","12":"first","13":"onbackorder","14":"taxable","15":"shipping-taxable","16":"purchasable","17":"product-type-variable","18":"has-default-attributes"},"acf":[],"_links":{"self":[{"href":"https:\/\/staging.glassfilms.eu\/fr\/wp-json\/wp\/v2\/product\/366596","targetHints":{"allow":["GET"]}}],"collection":[{"href":"https:\/\/staging.glassfilms.eu\/fr\/wp-json\/wp\/v2\/product"}],"about":[{"href":"https:\/\/staging.glassfilms.eu\/fr\/wp-json\/wp\/v2\/types\/product"}],"version-history":[{"count":1,"href":"https:\/\/staging.glassfilms.eu\/fr\/wp-json\/wp\/v2\/product\/366596\/revisions"}],"predecessor-version":[{"id":382829,"href":"https:\/\/staging.glassfilms.eu\/fr\/wp-json\/wp\/v2\/product\/366596\/revisions\/382829"}],"wp:featuredmedia":[{"embeddable":true,"href":"https:\/\/staging.glassfilms.eu\/fr\/wp-json\/wp\/v2\/media\/366688"}],"wp:attachment":[{"href":"https:\/\/staging.glassfilms.eu\/fr\/wp-json\/wp\/v2\/media?parent=366596"}],"wp:term":[{"taxonomy":"product_brand","embeddable":true,"href":"https:\/\/staging.glassfilms.eu\/fr\/wp-json\/wp\/v2\/product_brand?post=366596"},{"taxonomy":"product_cat","embeddable":true,"href":"https:\/\/staging.glassfilms.eu\/fr\/wp-json\/wp\/v2\/product_cat?post=366596"},{"taxonomy":"product_tag","embeddable":true,"href":"https:\/\/staging.glassfilms.eu\/fr\/wp-json\/wp\/v2\/product_tag?post=366596"}],"curies":[{"name":"wp","href":"https:\/\/api.w.org\/{rel}","templated":true}]}}