{"id":366601,"date":"2024-06-12T10:07:05","date_gmt":"2024-06-12T10:07:05","guid":{"rendered":"https:\/\/www.glassfilms.eu\/new\/?post_type=product&#038;p=366601"},"modified":"2024-11-21T14:03:52","modified_gmt":"2024-11-21T14:03:52","slug":"sx-1305-bronze-frost","status":"publish","type":"product","link":"https:\/\/staging.glassfilms.eu\/fr\/produit\/films-de-verre\/frosted-window-film\/simple-frost\/sx-1305-bronze-frost-2\/","title":{"rendered":"SX-1305 Bronze Frost"},"content":{"rendered":"","protected":false},"excerpt":{"rendered":"<p>SX-1305 Bronze Frost est un film vinyle gaufr\u00e9 translucide de haute qualit\u00e9 qui simule le verre sabl\u00e9. Id\u00e9al pour masquer la visibilit\u00e9 directe tout en permettant une excellente transmission de la lumi\u00e8re.<\/p>\n<p>Ce film est recommand\u00e9 pour les vitres int\u00e9rieures et ext\u00e9rieures. Fabriqu\u00e9 \u00e0 partir d'un PVC polym\u00e8re durable avec une surface d\u00e9corative gaufr\u00e9e, parfait pour les applications d'intimit\u00e9, d\u00e9coratives ou architecturales. Fabriqu\u00e9 avec une doublure en silicone, qui prot\u00e8ge l'adh\u00e9sif transparent sensible \u00e0 la pression, et appliqu\u00e9 \u00e0 l'aide des m\u00eames outils et techniques que les films pour fen\u00eatres.<\/p>","protected":false},"featured_media":366727,"template":"","meta":{"_acf_changed":false},"product_brand":[],"product_cat":[305,301,23],"product_tag":[],"class_list":{"0":"post-366601","1":"product","2":"type-product","3":"status-publish","4":"has-post-thumbnail","6":"product_cat-frosted-window-film","7":"product_cat-glass-films","8":"product_cat-simple-frost","9":"pa_brand-solyx","11":"first","12":"onbackorder","13":"taxable","14":"shipping-taxable","15":"purchasable","16":"product-type-variable","17":"has-default-attributes"},"acf":[],"_links":{"self":[{"href":"https:\/\/staging.glassfilms.eu\/fr\/wp-json\/wp\/v2\/product\/366601","targetHints":{"allow":["GET"]}}],"collection":[{"href":"https:\/\/staging.glassfilms.eu\/fr\/wp-json\/wp\/v2\/product"}],"about":[{"href":"https:\/\/staging.glassfilms.eu\/fr\/wp-json\/wp\/v2\/types\/product"}],"version-history":[{"count":1,"href":"https:\/\/staging.glassfilms.eu\/fr\/wp-json\/wp\/v2\/product\/366601\/revisions"}],"predecessor-version":[{"id":385537,"href":"https:\/\/staging.glassfilms.eu\/fr\/wp-json\/wp\/v2\/product\/366601\/revisions\/385537"}],"wp:featuredmedia":[{"embeddable":true,"href":"https:\/\/staging.glassfilms.eu\/fr\/wp-json\/wp\/v2\/media\/366727"}],"wp:attachment":[{"href":"https:\/\/staging.glassfilms.eu\/fr\/wp-json\/wp\/v2\/media?parent=366601"}],"wp:term":[{"taxonomy":"product_brand","embeddable":true,"href":"https:\/\/staging.glassfilms.eu\/fr\/wp-json\/wp\/v2\/product_brand?post=366601"},{"taxonomy":"product_cat","embeddable":true,"href":"https:\/\/staging.glassfilms.eu\/fr\/wp-json\/wp\/v2\/product_cat?post=366601"},{"taxonomy":"product_tag","embeddable":true,"href":"https:\/\/staging.glassfilms.eu\/fr\/wp-json\/wp\/v2\/product_tag?post=366601"}],"curies":[{"name":"wp","href":"https:\/\/api.w.org\/{rel}","templated":true}]}}