{"id":366610,"date":"2024-06-12T10:07:06","date_gmt":"2024-06-12T10:07:06","guid":{"rendered":"https:\/\/www.glassfilms.eu\/new\/?post_type=product&#038;p=366610"},"modified":"2024-11-19T15:57:24","modified_gmt":"2024-11-19T15:57:24","slug":"sxj-0567-solid-white","status":"publish","type":"product","link":"https:\/\/staging.glassfilms.eu\/fr\/produit\/films-de-verre\/gradient-window-film\/60-high-gradient-films\/sxj-0567-blanc-uni-2\/","title":{"rendered":"SXJ-0567 Blanc uni"},"content":{"rendered":"","protected":false},"excerpt":{"rendered":"<p>Ce film est recommand\u00e9 pour une utilisation avec la zone la plus opaque des films blancs d\u00e9grad\u00e9s de 71\u2033 et 60\u2033 de hauteur. Les films compatibles avec ce film sont <a href=\"https:\/\/staging.glassfilms.eu\/fr\/produit\/solyx-decorative-films\/gradient-window-film\/71-high-gradient-films\/sxj-0541-lignes-brisees-gradient-2\/\">SXJ-0541<\/a>, <a href=\"https:\/\/staging.glassfilms.eu\/fr\/produit\/solyx-decorative-films\/gradient-window-film\/71-high-gradient-films\/sxj-0545-beach-grass-gradient\/\">SXJ-0545<\/a>, <a href=\"https:\/\/staging.glassfilms.eu\/fr\/produit\/solyx-decorative-films\/gradient-window-film\/71-high-gradient-films\/sxj-0546-coton-organique-gradient-2\/\">SXJ-0546<\/a>,<a href=\"https:\/\/staging.glassfilms.eu\/fr\/produit\/solyx-decorative-films\/gradient-window-film\/71-high-gradient-films\/sxj-0547-feather-gradient-2\/\"> SXJ-0547<\/a>, <a href=\"https:\/\/staging.glassfilms.eu\/fr\/produit\/solyx-decorative-films\/gradient-window-film\/71-high-gradient-films\/sxj-0549-lignes-variables-gradient-2\/\">SXJ-0549<\/a>, <a href=\"https:\/\/staging.glassfilms.eu\/fr\/produit\/solyx-decorative-films\/gradient-window-film\/71-high-gradient-films\/sxj-0594-triangle-gradient\/\">SXJ-0594<\/a>.<\/p>","protected":false},"featured_media":366778,"template":"","meta":{"_acf_changed":false},"product_brand":[],"product_cat":[311,312,305,301,310,23],"product_tag":[],"class_list":{"0":"post-366610","1":"product","2":"type-product","3":"status-publish","4":"has-post-thumbnail","6":"product_cat-60-high-gradient-films","7":"product_cat-71-high-gradient-films","8":"product_cat-frosted-window-film","9":"product_cat-glass-films","10":"product_cat-gradient-window-film","11":"product_cat-simple-frost","12":"pa_brand-solyx","14":"first","15":"onbackorder","16":"taxable","17":"shipping-taxable","18":"purchasable","19":"product-type-variable","20":"has-default-attributes"},"acf":[],"_links":{"self":[{"href":"https:\/\/staging.glassfilms.eu\/fr\/wp-json\/wp\/v2\/product\/366610","targetHints":{"allow":["GET"]}}],"collection":[{"href":"https:\/\/staging.glassfilms.eu\/fr\/wp-json\/wp\/v2\/product"}],"about":[{"href":"https:\/\/staging.glassfilms.eu\/fr\/wp-json\/wp\/v2\/types\/product"}],"version-history":[{"count":1,"href":"https:\/\/staging.glassfilms.eu\/fr\/wp-json\/wp\/v2\/product\/366610\/revisions"}],"predecessor-version":[{"id":380737,"href":"https:\/\/staging.glassfilms.eu\/fr\/wp-json\/wp\/v2\/product\/366610\/revisions\/380737"}],"wp:featuredmedia":[{"embeddable":true,"href":"https:\/\/staging.glassfilms.eu\/fr\/wp-json\/wp\/v2\/media\/366778"}],"wp:attachment":[{"href":"https:\/\/staging.glassfilms.eu\/fr\/wp-json\/wp\/v2\/media?parent=366610"}],"wp:term":[{"taxonomy":"product_brand","embeddable":true,"href":"https:\/\/staging.glassfilms.eu\/fr\/wp-json\/wp\/v2\/product_brand?post=366610"},{"taxonomy":"product_cat","embeddable":true,"href":"https:\/\/staging.glassfilms.eu\/fr\/wp-json\/wp\/v2\/product_cat?post=366610"},{"taxonomy":"product_tag","embeddable":true,"href":"https:\/\/staging.glassfilms.eu\/fr\/wp-json\/wp\/v2\/product_tag?post=366610"}],"curies":[{"name":"wp","href":"https:\/\/api.w.org\/{rel}","templated":true}]}}