{"id":366909,"date":"2024-06-12T10:08:40","date_gmt":"2024-06-12T10:08:40","guid":{"rendered":"https:\/\/www.glassfilms.eu\/new\/?post_type=product&#038;p=366909"},"modified":"2024-12-06T13:42:26","modified_gmt":"2024-12-06T13:42:26","slug":"sx-1254-reeded-glass","status":"publish","type":"product","link":"https:\/\/staging.glassfilms.eu\/fr\/produit\/films-de-verre\/patterned-window-film\/striped-window-film\/sx-1254-verre-reeded-2\/","title":{"rendered":"SX-1254 Verre cannel\u00e9 sans soudure"},"content":{"rendered":"","protected":false},"excerpt":{"rendered":"<p>SX-1254 Reeded Glass Film adh\u00e9sif sans couture simulant un v\u00e9ritable verre cannel\u00e9. Les bandes cannel\u00e9es ont une largeur de 1\/2\u2033 et la direction de la bande cannel\u00e9e est verticale sur la longueur du rouleau. La hauteur de la bande est d\u00e9termin\u00e9e par la longueur du mat\u00e9riau command\u00e9.<\/p>\n<p><strong>AUCUN MOTIF, AUCUNE LIGNE DE R\u00c9P\u00c9TITION, AUCUNE COUTURE. LE SEUL FILM DE VERRE CANNEL\u00c9 CLASS\u00c9 AU FEU SELON LES NORMES BSI DU ROYAUME-UNI.\u00a0<\/strong><\/p>\n<p>Con\u00e7u pour \u00eatre appliqu\u00e9 sur les vitres int\u00e9rieures, \u00e0 simple ou double vitrage, et sur les vitres ext\u00e9rieures. L'\u00e9paisseur nominale totale est de 2,5 millim\u00e8tres. <strong>Ce film est dot\u00e9 d'une pellicule transparente en silicone qui doit \u00eatre enlev\u00e9e avant l'installation.<\/strong>\u00a0Ce film est appliqu\u00e9 \u00e0 l'aide des m\u00eames outils et techniques que les films pour fen\u00eatres.<\/p>\n<p><span style=\"color: #ff6600;\"><strong>PRODUIT ORIGINAL, ADH\u00c9SIF DE HAUTE QUALIT\u00c9, GARANTIE DE 5 ANS<\/strong><\/span><\/p>","protected":false},"featured_media":367045,"template":"","meta":{"_acf_changed":false},"product_brand":[],"product_cat":[306,377,307,303],"product_tag":[500,501],"class_list":{"0":"post-366909","1":"product","2":"type-product","3":"status-publish","4":"has-post-thumbnail","6":"product_cat-patterned-window-film","7":"product_cat-retro-window-films","8":"product_cat-striped-window-film","9":"product_cat-textured-window-film","10":"product_tag-fluted-glass","11":"product_tag-reeded-glass","12":"pa_brand-simglas","14":"first","15":"instock","16":"featured","17":"taxable","18":"shipping-taxable","19":"purchasable","20":"product-type-variable","21":"has-default-attributes"},"acf":[],"_links":{"self":[{"href":"https:\/\/staging.glassfilms.eu\/fr\/wp-json\/wp\/v2\/product\/366909","targetHints":{"allow":["GET"]}}],"collection":[{"href":"https:\/\/staging.glassfilms.eu\/fr\/wp-json\/wp\/v2\/product"}],"about":[{"href":"https:\/\/staging.glassfilms.eu\/fr\/wp-json\/wp\/v2\/types\/product"}],"version-history":[{"count":2,"href":"https:\/\/staging.glassfilms.eu\/fr\/wp-json\/wp\/v2\/product\/366909\/revisions"}],"predecessor-version":[{"id":385123,"href":"https:\/\/staging.glassfilms.eu\/fr\/wp-json\/wp\/v2\/product\/366909\/revisions\/385123"}],"wp:featuredmedia":[{"embeddable":true,"href":"https:\/\/staging.glassfilms.eu\/fr\/wp-json\/wp\/v2\/media\/367045"}],"wp:attachment":[{"href":"https:\/\/staging.glassfilms.eu\/fr\/wp-json\/wp\/v2\/media?parent=366909"}],"wp:term":[{"taxonomy":"product_brand","embeddable":true,"href":"https:\/\/staging.glassfilms.eu\/fr\/wp-json\/wp\/v2\/product_brand?post=366909"},{"taxonomy":"product_cat","embeddable":true,"href":"https:\/\/staging.glassfilms.eu\/fr\/wp-json\/wp\/v2\/product_cat?post=366909"},{"taxonomy":"product_tag","embeddable":true,"href":"https:\/\/staging.glassfilms.eu\/fr\/wp-json\/wp\/v2\/product_tag?post=366909"}],"curies":[{"name":"wp","href":"https:\/\/api.w.org\/{rel}","templated":true}]}}