{"id":366921,"date":"2024-06-12T10:08:40","date_gmt":"2024-06-12T10:08:40","guid":{"rendered":"https:\/\/www.glassfilms.eu\/new\/?post_type=product&#038;p=366921"},"modified":"2024-09-16T15:11:02","modified_gmt":"2024-09-16T15:11:02","slug":"sx-bsfv-bird-safety-film-vertical","status":"publish","type":"product","link":"https:\/\/staging.glassfilms.eu\/fr\/produit\/films-de-verre\/speciality-window-films\/bird-safety-window-film\/sx-bsfv-oiseau-securite-film-vertical\/","title":{"rendered":"SX-BSFV Film de s\u00e9curit\u00e9 pour oiseaux - vertical"},"content":{"rendered":"","protected":false},"excerpt":{"rendered":"<p>Le film de protection contre les oiseaux SX-BSFV Vertical Pattern Bird Safety est con\u00e7u pour dissuader les oiseaux de voler dans les vitres r\u00e9fl\u00e9chissantes, et donc de se blesser ou de mourir et de causer des dommages potentiels aux biens. Notre film de dissuasion des oiseaux est le meilleur moyen d'emp\u00eacher les oiseaux de voler dans les fen\u00eatres une fois pour toutes. Les collisions avec les oiseaux sont un probl\u00e8me courant aujourd'hui dans les r\u00e9sidences et il a \u00e9t\u00e9 d\u00e9montr\u00e9 que nos films contre les collisions avec les oiseaux aident \u00e0 emp\u00eacher les oiseaux de frapper les fen\u00eatres. Cr\u00e9ez des fen\u00eatres sans danger pour les oiseaux avec notre film de s\u00e9curit\u00e9 contre les impacts d'oiseaux SX-BSFV.<\/p>\n<p>&nbsp;<\/p>","protected":false},"featured_media":367090,"template":"","meta":{"_acf_changed":false},"product_brand":[],"product_cat":[503,379],"product_tag":[],"class_list":{"0":"post-366921","1":"product","2":"type-product","3":"status-publish","4":"has-post-thumbnail","6":"product_cat-bird-safety-window-film","7":"product_cat-speciality-window-films","8":"pa_brand-solyx","10":"first","11":"onbackorder","12":"taxable","13":"shipping-taxable","14":"purchasable","15":"product-type-variable","16":"has-default-attributes"},"acf":[],"_links":{"self":[{"href":"https:\/\/staging.glassfilms.eu\/fr\/wp-json\/wp\/v2\/product\/366921","targetHints":{"allow":["GET"]}}],"collection":[{"href":"https:\/\/staging.glassfilms.eu\/fr\/wp-json\/wp\/v2\/product"}],"about":[{"href":"https:\/\/staging.glassfilms.eu\/fr\/wp-json\/wp\/v2\/types\/product"}],"version-history":[{"count":1,"href":"https:\/\/staging.glassfilms.eu\/fr\/wp-json\/wp\/v2\/product\/366921\/revisions"}],"predecessor-version":[{"id":380308,"href":"https:\/\/staging.glassfilms.eu\/fr\/wp-json\/wp\/v2\/product\/366921\/revisions\/380308"}],"wp:featuredmedia":[{"embeddable":true,"href":"https:\/\/staging.glassfilms.eu\/fr\/wp-json\/wp\/v2\/media\/367090"}],"wp:attachment":[{"href":"https:\/\/staging.glassfilms.eu\/fr\/wp-json\/wp\/v2\/media?parent=366921"}],"wp:term":[{"taxonomy":"product_brand","embeddable":true,"href":"https:\/\/staging.glassfilms.eu\/fr\/wp-json\/wp\/v2\/product_brand?post=366921"},{"taxonomy":"product_cat","embeddable":true,"href":"https:\/\/staging.glassfilms.eu\/fr\/wp-json\/wp\/v2\/product_cat?post=366921"},{"taxonomy":"product_tag","embeddable":true,"href":"https:\/\/staging.glassfilms.eu\/fr\/wp-json\/wp\/v2\/product_tag?post=366921"}],"curies":[{"name":"wp","href":"https:\/\/api.w.org\/{rel}","templated":true}]}}