{"id":367261,"date":"2024-06-12T10:10:03","date_gmt":"2024-06-12T10:10:03","guid":{"rendered":"https:\/\/www.glassfilms.eu\/new\/?post_type=product&#038;p=367261"},"modified":"2024-11-21T16:24:25","modified_gmt":"2024-11-21T16:24:25","slug":"sx-3006-white-frosted-mini-blind","status":"publish","type":"product","link":"https:\/\/staging.glassfilms.eu\/fr\/produit\/films-de-verre\/patterned-window-film\/striped-window-film\/sx-3006-white-frosted-mini-blind\/","title":{"rendered":"SX-3006 Mini store blanc d\u00e9poli"},"content":{"rendered":"","protected":false},"excerpt":{"rendered":"<p>SX-3006 White Frosted Mini Blind est un film vinyle gaufr\u00e9 translucide et d\u00e9poli de haute qualit\u00e9 qui simule les mini stores. Ce produit est id\u00e9al pour masquer la visibilit\u00e9 directe tout en permettant une excellente transmission de la lumi\u00e8re.<\/p>\n<p>Ce film d\u00e9coratif est recommand\u00e9 pour une application sur les vitres int\u00e9rieures et ext\u00e9rieures. Ce film est un vinyle durable avec une surface d\u00e9corative matte gaufr\u00e9e et un motif de store minimal. Bandes horizontales d\u00e9grad\u00e9es de 3\u20444\". Ce film est dot\u00e9 d'une doublure en silicone et d'un adh\u00e9sif sensible \u00e0 la pression. Il est parfait pour les applications d'intimit\u00e9, d\u00e9coratives ou architecturales.<\/p>","protected":false},"featured_media":367298,"template":"","meta":{"_acf_changed":false},"product_brand":[],"product_cat":[305,301,659,306,307],"product_tag":[],"class_list":{"0":"post-367261","1":"product","2":"type-product","3":"status-publish","4":"has-post-thumbnail","6":"product_cat-frosted-window-film","7":"product_cat-glass-films","8":"product_cat-patterned-frost-window-films","9":"product_cat-patterned-window-film","10":"product_cat-striped-window-film","11":"pa_brand-solyx","13":"first","14":"onbackorder","15":"taxable","16":"shipping-taxable","17":"purchasable","18":"product-type-variable","19":"has-default-attributes"},"acf":[],"_links":{"self":[{"href":"https:\/\/staging.glassfilms.eu\/fr\/wp-json\/wp\/v2\/product\/367261","targetHints":{"allow":["GET"]}}],"collection":[{"href":"https:\/\/staging.glassfilms.eu\/fr\/wp-json\/wp\/v2\/product"}],"about":[{"href":"https:\/\/staging.glassfilms.eu\/fr\/wp-json\/wp\/v2\/types\/product"}],"version-history":[{"count":1,"href":"https:\/\/staging.glassfilms.eu\/fr\/wp-json\/wp\/v2\/product\/367261\/revisions"}],"predecessor-version":[{"id":384199,"href":"https:\/\/staging.glassfilms.eu\/fr\/wp-json\/wp\/v2\/product\/367261\/revisions\/384199"}],"wp:featuredmedia":[{"embeddable":true,"href":"https:\/\/staging.glassfilms.eu\/fr\/wp-json\/wp\/v2\/media\/367298"}],"wp:attachment":[{"href":"https:\/\/staging.glassfilms.eu\/fr\/wp-json\/wp\/v2\/media?parent=367261"}],"wp:term":[{"taxonomy":"product_brand","embeddable":true,"href":"https:\/\/staging.glassfilms.eu\/fr\/wp-json\/wp\/v2\/product_brand?post=367261"},{"taxonomy":"product_cat","embeddable":true,"href":"https:\/\/staging.glassfilms.eu\/fr\/wp-json\/wp\/v2\/product_cat?post=367261"},{"taxonomy":"product_tag","embeddable":true,"href":"https:\/\/staging.glassfilms.eu\/fr\/wp-json\/wp\/v2\/product_tag?post=367261"}],"curies":[{"name":"wp","href":"https:\/\/api.w.org\/{rel}","templated":true}]}}