{"id":367265,"date":"2024-06-12T10:10:03","date_gmt":"2024-06-12T10:10:03","guid":{"rendered":"https:\/\/www.glassfilms.eu\/new\/?post_type=product&#038;p=367265"},"modified":"2024-11-21T16:03:26","modified_gmt":"2024-11-21T16:03:26","slug":"sx-3130-white-70-diffuser","status":"publish","type":"product","link":"https:\/\/staging.glassfilms.eu\/fr\/produit\/films-de-verre\/frosted-window-film\/sx-3130-white-70-diffuser-2\/","title":{"rendered":"SX-3130 Blanc 70 Diffuseur"},"content":{"rendered":"","protected":false},"excerpt":{"rendered":"<p>SX-3130 White 70 Diffuser Un film vinyle translucide coul\u00e9, durable et ind\u00e9formable. La surface blanche translucide donne l'apparence uniforme d'un verre grav\u00e9 blanc.<\/p>\n<p>Ce film est un vinyle coul\u00e9 de qualit\u00e9 sup\u00e9rieure de 2 millim\u00e8tres (50 microns) auquel a \u00e9t\u00e9 ajout\u00e9e une surface grav\u00e9e. Il est parfait pour les applications d'intimit\u00e9, d\u00e9coratives ou architecturales. Utilisez-le chaque fois que vous avez besoin de l'\u00e9l\u00e9gance suppl\u00e9mentaire d'un aspect de verre grav\u00e9 sans avoir recours \u00e0 une gravure ou \u00e0 un sablage co\u00fbteux. Ce produit polyvalent a \u00e9t\u00e9 con\u00e7u pour offrir des performances et une durabilit\u00e9 exceptionnelles. Un rev\u00eatement en silicone synth\u00e9tique unique en son genre permet de voir plus facilement que le vinyle de verre grav\u00e9 standard lors du d\u00e9sherbage - m\u00eame en cas d'utilisation de graphiques et de lettrages aux contours fins. Un syst\u00e8me adh\u00e9sif sp\u00e9cial garantit une adh\u00e9rence sup\u00e9rieure dans les conditions les plus exigeantes. Ce film est appliqu\u00e9 \u00e0 l'aide des m\u00eames outils et techniques que les films pour fen\u00eatres.<\/p>","protected":false},"featured_media":367306,"template":"","meta":{"_acf_changed":false},"product_brand":[],"product_cat":[305,301,308],"product_tag":[],"class_list":{"0":"post-367265","1":"product","2":"type-product","3":"status-publish","4":"has-post-thumbnail","6":"product_cat-frosted-window-film","7":"product_cat-glass-films","8":"product_cat-light-diffusing-window-films","9":"pa_brand-solyx","11":"first","12":"onbackorder","13":"taxable","14":"shipping-taxable","15":"purchasable","16":"product-type-variable","17":"has-default-attributes"},"acf":[],"_links":{"self":[{"href":"https:\/\/staging.glassfilms.eu\/fr\/wp-json\/wp\/v2\/product\/367265","targetHints":{"allow":["GET"]}}],"collection":[{"href":"https:\/\/staging.glassfilms.eu\/fr\/wp-json\/wp\/v2\/product"}],"about":[{"href":"https:\/\/staging.glassfilms.eu\/fr\/wp-json\/wp\/v2\/types\/product"}],"version-history":[{"count":1,"href":"https:\/\/staging.glassfilms.eu\/fr\/wp-json\/wp\/v2\/product\/367265\/revisions"}],"predecessor-version":[{"id":384237,"href":"https:\/\/staging.glassfilms.eu\/fr\/wp-json\/wp\/v2\/product\/367265\/revisions\/384237"}],"wp:featuredmedia":[{"embeddable":true,"href":"https:\/\/staging.glassfilms.eu\/fr\/wp-json\/wp\/v2\/media\/367306"}],"wp:attachment":[{"href":"https:\/\/staging.glassfilms.eu\/fr\/wp-json\/wp\/v2\/media?parent=367265"}],"wp:term":[{"taxonomy":"product_brand","embeddable":true,"href":"https:\/\/staging.glassfilms.eu\/fr\/wp-json\/wp\/v2\/product_brand?post=367265"},{"taxonomy":"product_cat","embeddable":true,"href":"https:\/\/staging.glassfilms.eu\/fr\/wp-json\/wp\/v2\/product_cat?post=367265"},{"taxonomy":"product_tag","embeddable":true,"href":"https:\/\/staging.glassfilms.eu\/fr\/wp-json\/wp\/v2\/product_tag?post=367265"}],"curies":[{"name":"wp","href":"https:\/\/api.w.org\/{rel}","templated":true}]}}