{"id":367267,"date":"2024-06-12T10:10:03","date_gmt":"2024-06-12T10:10:03","guid":{"rendered":"https:\/\/www.glassfilms.eu\/new\/?post_type=product&#038;p=367267"},"modified":"2024-11-21T16:29:51","modified_gmt":"2024-11-21T16:29:51","slug":"sx-3141-dusted-leaf","status":"publish","type":"product","link":"https:\/\/staging.glassfilms.eu\/fr\/produit\/films-de-verre\/frosted-window-film\/patterned-frost-window-films\/sx-3141-feuille-depoussieree-2\/","title":{"rendered":"SX-3141 Feuille d\u00e9poussi\u00e9r\u00e9e"},"content":{"rendered":"","protected":false},"excerpt":{"rendered":"<p>SX-3141 Feuille d\u00e9poussi\u00e9r\u00e9e. Un motif de feuille blanc al\u00e9atoire sur un fond mat. Excellent film d'intimit\u00e9. Recommand\u00e9 pour les vitres int\u00e9rieures et ext\u00e9rieures (surface int\u00e9rieure). Fabriqu\u00e9 \u00e0 partir d'un film PET durable et optiquement clair avec un motif imprim\u00e9. L'\u00e9paisseur nominale totale est de 2,5 mil. Fourni avec une doublure en silicone, qui prot\u00e8ge l'adh\u00e9sif transparent sensible \u00e0 la pression, et appliqu\u00e9 \u00e0 l'aide des m\u00eames outils et techniques que les films pour fen\u00eatres.<\/p>","protected":false},"featured_media":367311,"template":"","meta":{"_acf_changed":false},"product_brand":[],"product_cat":[305,301,659,306],"product_tag":[],"class_list":{"0":"post-367267","1":"product","2":"type-product","3":"status-publish","4":"has-post-thumbnail","6":"product_cat-frosted-window-film","7":"product_cat-glass-films","8":"product_cat-patterned-frost-window-films","9":"product_cat-patterned-window-film","10":"pa_brand-solyx","12":"first","13":"onbackorder","14":"taxable","15":"shipping-taxable","16":"purchasable","17":"product-type-variable","18":"has-default-attributes"},"acf":[],"_links":{"self":[{"href":"https:\/\/staging.glassfilms.eu\/fr\/wp-json\/wp\/v2\/product\/367267","targetHints":{"allow":["GET"]}}],"collection":[{"href":"https:\/\/staging.glassfilms.eu\/fr\/wp-json\/wp\/v2\/product"}],"about":[{"href":"https:\/\/staging.glassfilms.eu\/fr\/wp-json\/wp\/v2\/types\/product"}],"version-history":[{"count":1,"href":"https:\/\/staging.glassfilms.eu\/fr\/wp-json\/wp\/v2\/product\/367267\/revisions"}],"predecessor-version":[{"id":384251,"href":"https:\/\/staging.glassfilms.eu\/fr\/wp-json\/wp\/v2\/product\/367267\/revisions\/384251"}],"wp:featuredmedia":[{"embeddable":true,"href":"https:\/\/staging.glassfilms.eu\/fr\/wp-json\/wp\/v2\/media\/367311"}],"wp:attachment":[{"href":"https:\/\/staging.glassfilms.eu\/fr\/wp-json\/wp\/v2\/media?parent=367267"}],"wp:term":[{"taxonomy":"product_brand","embeddable":true,"href":"https:\/\/staging.glassfilms.eu\/fr\/wp-json\/wp\/v2\/product_brand?post=367267"},{"taxonomy":"product_cat","embeddable":true,"href":"https:\/\/staging.glassfilms.eu\/fr\/wp-json\/wp\/v2\/product_cat?post=367267"},{"taxonomy":"product_tag","embeddable":true,"href":"https:\/\/staging.glassfilms.eu\/fr\/wp-json\/wp\/v2\/product_tag?post=367267"}],"curies":[{"name":"wp","href":"https:\/\/api.w.org\/{rel}","templated":true}]}}