{"id":367270,"date":"2024-06-12T10:10:03","date_gmt":"2024-06-12T10:10:03","guid":{"rendered":"https:\/\/www.glassfilms.eu\/new\/?post_type=product&#038;p=367270"},"modified":"2024-11-21T16:31:29","modified_gmt":"2024-11-21T16:31:29","slug":"sx-3147-dusted-waters","status":"publish","type":"product","link":"https:\/\/staging.glassfilms.eu\/fr\/produit\/films-de-verre\/patterned-window-film\/striped-window-film\/sx-3147-dusted-waters-2\/","title":{"rendered":"SX-3147 Eaux d\u00e9poussi\u00e9r\u00e9es"},"content":{"rendered":"","protected":false},"excerpt":{"rendered":"<p>SX-3147 Dusted Waters. Our white waters pattern on a white matte finish background. Excellent privacy film.<\/p>\n<p>Ce film est recommand\u00e9 pour une application sur le verre int\u00e9rieur et ext\u00e9rieur (surface int\u00e9rieure). Fabriqu\u00e9 \u00e0 partir d'un film PET durable et optiquement clair avec un motif imprim\u00e9. L'\u00e9paisseur nominale totale est de 2,5 mil. Fourni avec une doublure en silicone, qui prot\u00e8ge l'adh\u00e9sif transparent sensible \u00e0 la pression, et appliqu\u00e9 \u00e0 l'aide des m\u00eames outils et techniques que les films pour fen\u00eatres.<\/p>","protected":false},"featured_media":367323,"template":"","meta":{"_acf_changed":false},"product_brand":[],"product_cat":[305,301,499,659,306,307],"product_tag":[],"class_list":{"0":"post-367270","1":"product","2":"type-product","3":"status-publish","4":"has-post-thumbnail","6":"product_cat-frosted-window-film","7":"product_cat-glass-films","8":"product_cat-natural-patterned-window-film","9":"product_cat-patterned-frost-window-films","10":"product_cat-patterned-window-film","11":"product_cat-striped-window-film","12":"pa_brand-solyx","14":"first","15":"onbackorder","16":"taxable","17":"shipping-taxable","18":"purchasable","19":"product-type-variable","20":"has-default-attributes"},"acf":[],"_links":{"self":[{"href":"https:\/\/staging.glassfilms.eu\/fr\/wp-json\/wp\/v2\/product\/367270","targetHints":{"allow":["GET"]}}],"collection":[{"href":"https:\/\/staging.glassfilms.eu\/fr\/wp-json\/wp\/v2\/product"}],"about":[{"href":"https:\/\/staging.glassfilms.eu\/fr\/wp-json\/wp\/v2\/types\/product"}],"version-history":[{"count":1,"href":"https:\/\/staging.glassfilms.eu\/fr\/wp-json\/wp\/v2\/product\/367270\/revisions"}],"predecessor-version":[{"id":384264,"href":"https:\/\/staging.glassfilms.eu\/fr\/wp-json\/wp\/v2\/product\/367270\/revisions\/384264"}],"wp:featuredmedia":[{"embeddable":true,"href":"https:\/\/staging.glassfilms.eu\/fr\/wp-json\/wp\/v2\/media\/367323"}],"wp:attachment":[{"href":"https:\/\/staging.glassfilms.eu\/fr\/wp-json\/wp\/v2\/media?parent=367270"}],"wp:term":[{"taxonomy":"product_brand","embeddable":true,"href":"https:\/\/staging.glassfilms.eu\/fr\/wp-json\/wp\/v2\/product_brand?post=367270"},{"taxonomy":"product_cat","embeddable":true,"href":"https:\/\/staging.glassfilms.eu\/fr\/wp-json\/wp\/v2\/product_cat?post=367270"},{"taxonomy":"product_tag","embeddable":true,"href":"https:\/\/staging.glassfilms.eu\/fr\/wp-json\/wp\/v2\/product_tag?post=367270"}],"curies":[{"name":"wp","href":"https:\/\/api.w.org\/{rel}","templated":true}]}}