{"id":367273,"date":"2024-06-12T10:10:04","date_gmt":"2024-06-12T10:10:04","guid":{"rendered":"https:\/\/www.glassfilms.eu\/new\/?post_type=product&#038;p=367273"},"modified":"2024-11-26T13:27:13","modified_gmt":"2024-11-26T13:27:13","slug":"sx-3150-geometric","status":"publish","type":"product","link":"https:\/\/staging.glassfilms.eu\/fr\/produit\/films-de-verre\/patterned-window-film\/striped-window-film\/sx-3150-geometric-2\/","title":{"rendered":"SX-3150 G\u00e9om\u00e9trique"},"content":{"rendered":"","protected":false},"excerpt":{"rendered":"<p>Le film g\u00e9om\u00e9trique SX-3150 est un motif g\u00e9om\u00e9trique carr\u00e9 architectural attrayant avec une finition mate et de fines lignes transparentes. Parfait pour une intimit\u00e9 subtile. Fabriqu\u00e9 \u00e0 partir d'un film PET durable et optiquement transparent avec un motif imprim\u00e9. L'\u00e9paisseur nominale totale est de 2,5 mil. Fourni avec une doublure en silicone, qui prot\u00e8ge l'adh\u00e9sif transparent sensible \u00e0 la pression, et appliqu\u00e9 \u00e0 l'aide des m\u00eames outils et techniques que les films pour fen\u00eatres.<\/p>","protected":false},"featured_media":367333,"template":"","meta":{"_acf_changed":false},"product_brand":[],"product_cat":[305,301,306,307],"product_tag":[],"class_list":{"0":"post-367273","1":"product","2":"type-product","3":"status-publish","4":"has-post-thumbnail","6":"product_cat-frosted-window-film","7":"product_cat-glass-films","8":"product_cat-patterned-window-film","9":"product_cat-striped-window-film","10":"pa_brand-solyx","12":"first","13":"onbackorder","14":"taxable","15":"shipping-taxable","16":"purchasable","17":"product-type-variable","18":"has-default-attributes"},"acf":[],"_links":{"self":[{"href":"https:\/\/staging.glassfilms.eu\/fr\/wp-json\/wp\/v2\/product\/367273","targetHints":{"allow":["GET"]}}],"collection":[{"href":"https:\/\/staging.glassfilms.eu\/fr\/wp-json\/wp\/v2\/product"}],"about":[{"href":"https:\/\/staging.glassfilms.eu\/fr\/wp-json\/wp\/v2\/types\/product"}],"version-history":[{"count":1,"href":"https:\/\/staging.glassfilms.eu\/fr\/wp-json\/wp\/v2\/product\/367273\/revisions"}],"predecessor-version":[{"id":384272,"href":"https:\/\/staging.glassfilms.eu\/fr\/wp-json\/wp\/v2\/product\/367273\/revisions\/384272"}],"wp:featuredmedia":[{"embeddable":true,"href":"https:\/\/staging.glassfilms.eu\/fr\/wp-json\/wp\/v2\/media\/367333"}],"wp:attachment":[{"href":"https:\/\/staging.glassfilms.eu\/fr\/wp-json\/wp\/v2\/media?parent=367273"}],"wp:term":[{"taxonomy":"product_brand","embeddable":true,"href":"https:\/\/staging.glassfilms.eu\/fr\/wp-json\/wp\/v2\/product_brand?post=367273"},{"taxonomy":"product_cat","embeddable":true,"href":"https:\/\/staging.glassfilms.eu\/fr\/wp-json\/wp\/v2\/product_cat?post=367273"},{"taxonomy":"product_tag","embeddable":true,"href":"https:\/\/staging.glassfilms.eu\/fr\/wp-json\/wp\/v2\/product_tag?post=367273"}],"curies":[{"name":"wp","href":"https:\/\/api.w.org\/{rel}","templated":true}]}}