{"id":367658,"date":"2024-06-12T10:11:25","date_gmt":"2024-06-12T10:11:25","guid":{"rendered":"https:\/\/www.glassfilms.eu\/new\/?post_type=product&#038;p=367658"},"modified":"2024-11-22T13:53:18","modified_gmt":"2024-11-22T13:53:18","slug":"sxj-0535-omega-gradient","status":"publish","type":"product","link":"https:\/\/staging.glassfilms.eu\/fr\/produit\/films-de-verre\/gradient-window-film\/60-high-gradient-films\/sxj-0535-omega-gradient-2\/","title":{"rendered":"SXJ-0535 Omega Gradient"},"content":{"rendered":"","protected":false},"excerpt":{"rendered":"<p>SXJ-0535 Omega Dual Gradient est un film polyester avec un effet de bande d\u00e9grad\u00e9 blanc mat et translucide. Les bandes deviennent plus \u00e9troites du centre vers le haut et vers le bas, ce qui permet un contr\u00f4le direct de la visibilit\u00e9. Ce film est con\u00e7u pour \u00eatre appliqu\u00e9 sur les vitres int\u00e9rieures, \u00e0 simple ou double vitrage, et sur les vitres ext\u00e9rieures.<\/p>","protected":false},"featured_media":367696,"template":"","meta":{"_acf_changed":false},"product_brand":[],"product_cat":[311,310],"product_tag":[],"class_list":{"0":"post-367658","1":"product","2":"type-product","3":"status-publish","4":"has-post-thumbnail","6":"product_cat-60-high-gradient-films","7":"product_cat-gradient-window-film","8":"pa_brand-solyx","10":"first","11":"onbackorder","12":"taxable","13":"shipping-taxable","14":"purchasable","15":"product-type-variable","16":"has-default-attributes"},"acf":[],"_links":{"self":[{"href":"https:\/\/staging.glassfilms.eu\/fr\/wp-json\/wp\/v2\/product\/367658","targetHints":{"allow":["GET"]}}],"collection":[{"href":"https:\/\/staging.glassfilms.eu\/fr\/wp-json\/wp\/v2\/product"}],"about":[{"href":"https:\/\/staging.glassfilms.eu\/fr\/wp-json\/wp\/v2\/types\/product"}],"version-history":[{"count":1,"href":"https:\/\/staging.glassfilms.eu\/fr\/wp-json\/wp\/v2\/product\/367658\/revisions"}],"predecessor-version":[{"id":383510,"href":"https:\/\/staging.glassfilms.eu\/fr\/wp-json\/wp\/v2\/product\/367658\/revisions\/383510"}],"wp:featuredmedia":[{"embeddable":true,"href":"https:\/\/staging.glassfilms.eu\/fr\/wp-json\/wp\/v2\/media\/367696"}],"wp:attachment":[{"href":"https:\/\/staging.glassfilms.eu\/fr\/wp-json\/wp\/v2\/media?parent=367658"}],"wp:term":[{"taxonomy":"product_brand","embeddable":true,"href":"https:\/\/staging.glassfilms.eu\/fr\/wp-json\/wp\/v2\/product_brand?post=367658"},{"taxonomy":"product_cat","embeddable":true,"href":"https:\/\/staging.glassfilms.eu\/fr\/wp-json\/wp\/v2\/product_cat?post=367658"},{"taxonomy":"product_tag","embeddable":true,"href":"https:\/\/staging.glassfilms.eu\/fr\/wp-json\/wp\/v2\/product_tag?post=367658"}],"curies":[{"name":"wp","href":"https:\/\/api.w.org\/{rel}","templated":true}]}}