{"id":367799,"date":"2024-06-12T10:11:54","date_gmt":"2024-06-12T10:11:54","guid":{"rendered":"https:\/\/www.glassfilms.eu\/new\/?post_type=product&#038;p=367799"},"modified":"2024-11-19T14:47:15","modified_gmt":"2024-11-19T14:47:15","slug":"sxd-4230-dichroshards","status":"publish","type":"product","link":"https:\/\/staging.glassfilms.eu\/fr\/produit\/films-de-verre\/coloured-window-film\/dichroic-window-film\/sxd-4230-dichroshards\/","title":{"rendered":"SXD-4230 DichroShards"},"content":{"rendered":"","protected":false},"excerpt":{"rendered":"<p>SXD-4230 DichroShards est un film vinyle translucide durable, ind\u00e9formable, avec un effet 3D dichro\u00efque.<\/p>\n<p>Un film en verre coup\u00e9 dichro\u00efque, chatoyant et magnifique, qui passe d'un arc-en-ciel de couleurs \u00e0 un changement de lumi\u00e8re ou de mouvement. C'est un excellent film d'intimit\u00e9 qui masque la visibilit\u00e9 directe et permet une excellente transmission de la lumi\u00e8re. Adh\u00e9sif.<\/p>","protected":false},"featured_media":367850,"template":"","meta":{"_acf_changed":false},"product_brand":[],"product_cat":[302,523,301],"product_tag":[],"class_list":{"0":"post-367799","1":"product","2":"type-product","3":"status-publish","4":"has-post-thumbnail","6":"product_cat-coloured-window-film","7":"product_cat-dichroic-window-film","8":"product_cat-glass-films","9":"pa_brand-solyx","11":"first","12":"instock","13":"taxable","14":"shipping-taxable","15":"purchasable","16":"product-type-variable","17":"has-default-attributes"},"acf":[],"_links":{"self":[{"href":"https:\/\/staging.glassfilms.eu\/fr\/wp-json\/wp\/v2\/product\/367799","targetHints":{"allow":["GET"]}}],"collection":[{"href":"https:\/\/staging.glassfilms.eu\/fr\/wp-json\/wp\/v2\/product"}],"about":[{"href":"https:\/\/staging.glassfilms.eu\/fr\/wp-json\/wp\/v2\/types\/product"}],"version-history":[{"count":2,"href":"https:\/\/staging.glassfilms.eu\/fr\/wp-json\/wp\/v2\/product\/367799\/revisions"}],"predecessor-version":[{"id":385589,"href":"https:\/\/staging.glassfilms.eu\/fr\/wp-json\/wp\/v2\/product\/367799\/revisions\/385589"}],"wp:featuredmedia":[{"embeddable":true,"href":"https:\/\/staging.glassfilms.eu\/fr\/wp-json\/wp\/v2\/media\/367850"}],"wp:attachment":[{"href":"https:\/\/staging.glassfilms.eu\/fr\/wp-json\/wp\/v2\/media?parent=367799"}],"wp:term":[{"taxonomy":"product_brand","embeddable":true,"href":"https:\/\/staging.glassfilms.eu\/fr\/wp-json\/wp\/v2\/product_brand?post=367799"},{"taxonomy":"product_cat","embeddable":true,"href":"https:\/\/staging.glassfilms.eu\/fr\/wp-json\/wp\/v2\/product_cat?post=367799"},{"taxonomy":"product_tag","embeddable":true,"href":"https:\/\/staging.glassfilms.eu\/fr\/wp-json\/wp\/v2\/product_tag?post=367799"}],"curies":[{"name":"wp","href":"https:\/\/api.w.org\/{rel}","templated":true}]}}