{"id":367802,"date":"2024-06-12T10:11:55","date_gmt":"2024-06-12T10:11:55","guid":{"rendered":"https:\/\/www.glassfilms.eu\/new\/?post_type=product&#038;p=367802"},"modified":"2024-11-19T14:35:44","modified_gmt":"2024-11-19T14:35:44","slug":"sxd-4270-dichroglitter","status":"publish","type":"product","link":"https:\/\/staging.glassfilms.eu\/fr\/produit\/films-de-verre\/coloured-window-film\/dichroic-window-film\/sxd-4270-dichroglitter-2\/","title":{"rendered":"SXD-4270 DichroGlitter"},"content":{"rendered":"","protected":false},"excerpt":{"rendered":"<p>SXD-4270 DichroGlitter est un film vinyle translucide durable, ind\u00e9formable, avec un effet dichro\u00efque en 3D.<\/p>\n<p>Un film en verre coup\u00e9 dichro\u00efque, chatoyant et magnifique, qui passe d'un arc-en-ciel de couleurs \u00e0 un changement de lumi\u00e8re ou de mouvement. Un excellent film d'intimit\u00e9 qui masque la visibilit\u00e9 directe et permet une excellente transmission de la lumi\u00e8re. Adh\u00e9sif.<\/p>","protected":false},"featured_media":367868,"template":"","meta":{"_acf_changed":false},"product_brand":[],"product_cat":[302,523,301],"product_tag":[],"class_list":{"0":"post-367802","1":"product","2":"type-product","3":"status-publish","4":"has-post-thumbnail","6":"product_cat-coloured-window-film","7":"product_cat-dichroic-window-film","8":"product_cat-glass-films","9":"pa_brand-solyx","11":"first","12":"onbackorder","13":"taxable","14":"shipping-taxable","15":"purchasable","16":"product-type-variable","17":"has-default-attributes"},"acf":[],"_links":{"self":[{"href":"https:\/\/staging.glassfilms.eu\/fr\/wp-json\/wp\/v2\/product\/367802","targetHints":{"allow":["GET"]}}],"collection":[{"href":"https:\/\/staging.glassfilms.eu\/fr\/wp-json\/wp\/v2\/product"}],"about":[{"href":"https:\/\/staging.glassfilms.eu\/fr\/wp-json\/wp\/v2\/types\/product"}],"version-history":[{"count":1,"href":"https:\/\/staging.glassfilms.eu\/fr\/wp-json\/wp\/v2\/product\/367802\/revisions"}],"predecessor-version":[{"id":385606,"href":"https:\/\/staging.glassfilms.eu\/fr\/wp-json\/wp\/v2\/product\/367802\/revisions\/385606"}],"wp:featuredmedia":[{"embeddable":true,"href":"https:\/\/staging.glassfilms.eu\/fr\/wp-json\/wp\/v2\/media\/367868"}],"wp:attachment":[{"href":"https:\/\/staging.glassfilms.eu\/fr\/wp-json\/wp\/v2\/media?parent=367802"}],"wp:term":[{"taxonomy":"product_brand","embeddable":true,"href":"https:\/\/staging.glassfilms.eu\/fr\/wp-json\/wp\/v2\/product_brand?post=367802"},{"taxonomy":"product_cat","embeddable":true,"href":"https:\/\/staging.glassfilms.eu\/fr\/wp-json\/wp\/v2\/product_cat?post=367802"},{"taxonomy":"product_tag","embeddable":true,"href":"https:\/\/staging.glassfilms.eu\/fr\/wp-json\/wp\/v2\/product_tag?post=367802"}],"curies":[{"name":"wp","href":"https:\/\/api.w.org\/{rel}","templated":true}]}}