{"id":367996,"date":"2024-06-12T10:12:41","date_gmt":"2024-06-12T10:12:41","guid":{"rendered":"https:\/\/www.glassfilms.eu\/new\/?post_type=product&#038;p=367996"},"modified":"2024-11-21T16:06:28","modified_gmt":"2024-11-21T16:06:28","slug":"sxr-9829-glassfrost","status":"publish","type":"product","link":"https:\/\/staging.glassfilms.eu\/fr\/produit\/films-de-verre\/frosted-window-film\/sxr-9829-glassfrost-2\/","title":{"rendered":"SXR-9829 Glassfrost"},"content":{"rendered":"","protected":false},"excerpt":{"rendered":"<p>SXR-9829 Glassfrost est un film polyol\u00e9fine transparent, translucide et textur\u00e9 de haute qualit\u00e9. Id\u00e9al pour masquer la visibilit\u00e9 directe tout en permettant une excellente transmission de la lumi\u00e8re. Respectueux de l'environnement. Class\u00e9 UL-410 pour la r\u00e9sistance au glissement. Convient pour une application sur le verre, l'acrylique et les feuilles de polycarbonate.<\/p>","protected":false},"featured_media":368036,"template":"","meta":{"_acf_changed":false},"product_brand":[],"product_cat":[305,301,308],"product_tag":[],"class_list":{"0":"post-367996","1":"product","2":"type-product","3":"status-publish","4":"has-post-thumbnail","6":"product_cat-frosted-window-film","7":"product_cat-glass-films","8":"product_cat-light-diffusing-window-films","9":"pa_brand-solyx","11":"first","12":"onbackorder","13":"taxable","14":"shipping-taxable","15":"purchasable","16":"product-type-variable","17":"has-default-attributes"},"acf":[],"_links":{"self":[{"href":"https:\/\/staging.glassfilms.eu\/fr\/wp-json\/wp\/v2\/product\/367996","targetHints":{"allow":["GET"]}}],"collection":[{"href":"https:\/\/staging.glassfilms.eu\/fr\/wp-json\/wp\/v2\/product"}],"about":[{"href":"https:\/\/staging.glassfilms.eu\/fr\/wp-json\/wp\/v2\/types\/product"}],"version-history":[{"count":1,"href":"https:\/\/staging.glassfilms.eu\/fr\/wp-json\/wp\/v2\/product\/367996\/revisions"}],"predecessor-version":[{"id":383565,"href":"https:\/\/staging.glassfilms.eu\/fr\/wp-json\/wp\/v2\/product\/367996\/revisions\/383565"}],"wp:featuredmedia":[{"embeddable":true,"href":"https:\/\/staging.glassfilms.eu\/fr\/wp-json\/wp\/v2\/media\/368036"}],"wp:attachment":[{"href":"https:\/\/staging.glassfilms.eu\/fr\/wp-json\/wp\/v2\/media?parent=367996"}],"wp:term":[{"taxonomy":"product_brand","embeddable":true,"href":"https:\/\/staging.glassfilms.eu\/fr\/wp-json\/wp\/v2\/product_brand?post=367996"},{"taxonomy":"product_cat","embeddable":true,"href":"https:\/\/staging.glassfilms.eu\/fr\/wp-json\/wp\/v2\/product_cat?post=367996"},{"taxonomy":"product_tag","embeddable":true,"href":"https:\/\/staging.glassfilms.eu\/fr\/wp-json\/wp\/v2\/product_tag?post=367996"}],"curies":[{"name":"wp","href":"https:\/\/api.w.org\/{rel}","templated":true}]}}