{"id":368016,"date":"2024-06-12T10:12:42","date_gmt":"2024-06-12T10:12:42","guid":{"rendered":"https:\/\/www.glassfilms.eu\/new\/?post_type=product&#038;p=368016"},"modified":"2024-11-15T15:15:07","modified_gmt":"2024-11-15T15:15:07","slug":"sxp-076-lilac","status":"publish","type":"product","link":"https:\/\/staging.glassfilms.eu\/fr\/produit\/films-de-verre\/coloured-window-film\/sxp-076-lilac-2\/","title":{"rendered":"SXP-076 Lilas"},"content":{"rendered":"","protected":false},"excerpt":{"rendered":"<p>Film polyester transparent, optiquement clair, color\u00e9, avec rev\u00eatement protecteur r\u00e9sistant aux rayures. Surface brillante. Con\u00e7u pour les vitrines lumineuses de haute qualit\u00e9, les vitraux, les graphiques de fen\u00eatres et les surfaces vitr\u00e9es r\u00e9tro-\u00e9clair\u00e9es. Disponible en 25 couleurs brillantes qui peuvent \u00eatre superpos\u00e9es pour cr\u00e9er une palette de couleurs infinie. (Les couleurs des images sont repr\u00e9sentatives. Veuillez commander des \u00e9chantillons pour voir les couleurs avec pr\u00e9cision). **Ce film n'est pas recommand\u00e9 pour une installation en plein soleil.<\/p>","protected":false},"featured_media":368086,"template":"","meta":{"_acf_changed":false},"product_brand":[],"product_cat":[302,301],"product_tag":[],"class_list":{"0":"post-368016","1":"product","2":"type-product","3":"status-publish","4":"has-post-thumbnail","6":"product_cat-coloured-window-film","7":"product_cat-glass-films","8":"pa_brand-solyx","10":"first","11":"onbackorder","12":"taxable","13":"shipping-taxable","14":"purchasable","15":"product-type-variable","16":"has-default-attributes"},"acf":[],"_links":{"self":[{"href":"https:\/\/staging.glassfilms.eu\/fr\/wp-json\/wp\/v2\/product\/368016","targetHints":{"allow":["GET"]}}],"collection":[{"href":"https:\/\/staging.glassfilms.eu\/fr\/wp-json\/wp\/v2\/product"}],"about":[{"href":"https:\/\/staging.glassfilms.eu\/fr\/wp-json\/wp\/v2\/types\/product"}],"version-history":[{"count":1,"href":"https:\/\/staging.glassfilms.eu\/fr\/wp-json\/wp\/v2\/product\/368016\/revisions"}],"predecessor-version":[{"id":383558,"href":"https:\/\/staging.glassfilms.eu\/fr\/wp-json\/wp\/v2\/product\/368016\/revisions\/383558"}],"wp:featuredmedia":[{"embeddable":true,"href":"https:\/\/staging.glassfilms.eu\/fr\/wp-json\/wp\/v2\/media\/368086"}],"wp:attachment":[{"href":"https:\/\/staging.glassfilms.eu\/fr\/wp-json\/wp\/v2\/media?parent=368016"}],"wp:term":[{"taxonomy":"product_brand","embeddable":true,"href":"https:\/\/staging.glassfilms.eu\/fr\/wp-json\/wp\/v2\/product_brand?post=368016"},{"taxonomy":"product_cat","embeddable":true,"href":"https:\/\/staging.glassfilms.eu\/fr\/wp-json\/wp\/v2\/product_cat?post=368016"},{"taxonomy":"product_tag","embeddable":true,"href":"https:\/\/staging.glassfilms.eu\/fr\/wp-json\/wp\/v2\/product_tag?post=368016"}],"curies":[{"name":"wp","href":"https:\/\/api.w.org\/{rel}","templated":true}]}}