{"id":368099,"date":"2024-06-12T10:13:04","date_gmt":"2024-06-12T10:13:04","guid":{"rendered":"https:\/\/www.glassfilms.eu\/new\/?post_type=product&#038;p=368099"},"modified":"2024-11-21T14:31:14","modified_gmt":"2024-11-21T14:31:14","slug":"sx3-314-acid-etch","status":"publish","type":"product","link":"https:\/\/staging.glassfilms.eu\/fr\/produit\/films-de-verre\/frosted-window-film\/simple-frost\/sx3-314-acid-etch-2\/","title":{"rendered":"SX3-314 Gravure \u00e0 l'acide"},"content":{"rendered":"","protected":false},"excerpt":{"rendered":"<p>SX3-314 Acid Etch est un film vinyle mat d\u00e9poussi\u00e9r\u00e9 de haute qualit\u00e9 qui est plus transparent que les films Dusted Crystal. Ce produit est id\u00e9al pour masquer la visibilit\u00e9 directe tout en permettant une excellente transmission de la lumi\u00e8re. Ce film est un vinyle durable dont la surface mate d\u00e9poussi\u00e9r\u00e9e \u00e9limine les reflets. Il est parfait pour les applications d'intimit\u00e9, d\u00e9coratives ou architecturales.<\/p>\n<p><strong>Adh\u00e9sif<\/strong><br \/>\nAcrylique transparent \u00e0 base d'eau, sensible \u00e0 la pression (Remarque : l'adh\u00e9sif blanchit lorsqu'il est install\u00e9 avec une solution d'eau et s'\u00e9claircit une fois durci) Sauf pour la largeur de 45\" !<\/p>\n<p><strong>Support de d\u00e9clenchement<\/strong><br \/>\nPapier sur toutes les largeurs \u00e0 l'exception de la largeur 45\" qui a une doublure en polyester.<\/p>","protected":false},"featured_media":368130,"template":"","meta":{"_acf_changed":false},"product_brand":[],"product_cat":[305,301,308,23],"product_tag":[],"class_list":{"0":"post-368099","1":"product","2":"type-product","3":"status-publish","4":"has-post-thumbnail","6":"product_cat-frosted-window-film","7":"product_cat-glass-films","8":"product_cat-light-diffusing-window-films","9":"product_cat-simple-frost","10":"pa_brand-solyx","12":"first","13":"onbackorder","14":"taxable","15":"shipping-taxable","16":"purchasable","17":"product-type-variable","18":"has-default-attributes"},"acf":[],"_links":{"self":[{"href":"https:\/\/staging.glassfilms.eu\/fr\/wp-json\/wp\/v2\/product\/368099","targetHints":{"allow":["GET"]}}],"collection":[{"href":"https:\/\/staging.glassfilms.eu\/fr\/wp-json\/wp\/v2\/product"}],"about":[{"href":"https:\/\/staging.glassfilms.eu\/fr\/wp-json\/wp\/v2\/types\/product"}],"version-history":[{"count":1,"href":"https:\/\/staging.glassfilms.eu\/fr\/wp-json\/wp\/v2\/product\/368099\/revisions"}],"predecessor-version":[{"id":384332,"href":"https:\/\/staging.glassfilms.eu\/fr\/wp-json\/wp\/v2\/product\/368099\/revisions\/384332"}],"wp:featuredmedia":[{"embeddable":true,"href":"https:\/\/staging.glassfilms.eu\/fr\/wp-json\/wp\/v2\/media\/368130"}],"wp:attachment":[{"href":"https:\/\/staging.glassfilms.eu\/fr\/wp-json\/wp\/v2\/media?parent=368099"}],"wp:term":[{"taxonomy":"product_brand","embeddable":true,"href":"https:\/\/staging.glassfilms.eu\/fr\/wp-json\/wp\/v2\/product_brand?post=368099"},{"taxonomy":"product_cat","embeddable":true,"href":"https:\/\/staging.glassfilms.eu\/fr\/wp-json\/wp\/v2\/product_cat?post=368099"},{"taxonomy":"product_tag","embeddable":true,"href":"https:\/\/staging.glassfilms.eu\/fr\/wp-json\/wp\/v2\/product_tag?post=368099"}],"curies":[{"name":"wp","href":"https:\/\/api.w.org\/{rel}","templated":true}]}}