{"id":368106,"date":"2024-06-12T10:13:04","date_gmt":"2024-06-12T10:13:04","guid":{"rendered":"https:\/\/www.glassfilms.eu\/new\/?post_type=product&#038;p=368106"},"modified":"2024-11-19T14:16:27","modified_gmt":"2024-11-19T14:16:27","slug":"sx-3066-aurora-transparent-dichroic-film","status":"publish","type":"product","link":"https:\/\/staging.glassfilms.eu\/fr\/produit\/films-de-verre\/coloured-window-film\/dichroic-window-film\/sx-3066-aurora-transparent-dichroic-film\/","title":{"rendered":"SX-3066 Film dichro\u00efque transparent Aurora"},"content":{"rendered":"","protected":false},"excerpt":{"rendered":"<p>Le film polyester dichro\u00efque SX-3066 Aurora est con\u00e7u pour \u00eatre appliqu\u00e9 sur les surfaces vitr\u00e9es int\u00e9rieures. Ce film est compos\u00e9 de plusieurs couches de polyester durable pour des effets sp\u00e9ciaux de changement de couleur.<\/p>\n<p>Les couleurs de ce film dichro\u00efque changent en fonction de l'angle d'observation. Lorsque la lumi\u00e8re est derri\u00e8re le film (le jour, de l'int\u00e9rieur vers l'ext\u00e9rieur), les couleurs sont le magenta, le violet, le bleu et le sarcelle. Lorsque l'on regarde avec moins de lumi\u00e8re derri\u00e8re le film (de l'ext\u00e9rieur vers le jour), les couleurs sont Cuivre\/Or.<\/p>","protected":false},"featured_media":368144,"template":"","meta":{"_acf_changed":false},"product_brand":[],"product_cat":[302,523,301],"product_tag":[],"class_list":{"0":"post-368106","1":"product","2":"type-product","3":"status-publish","4":"has-post-thumbnail","6":"product_cat-coloured-window-film","7":"product_cat-dichroic-window-film","8":"product_cat-glass-films","9":"pa_brand-solyx","11":"first","12":"onbackorder","13":"taxable","14":"shipping-taxable","15":"purchasable","16":"product-type-variable","17":"has-default-attributes"},"acf":[],"_links":{"self":[{"href":"https:\/\/staging.glassfilms.eu\/fr\/wp-json\/wp\/v2\/product\/368106","targetHints":{"allow":["GET"]}}],"collection":[{"href":"https:\/\/staging.glassfilms.eu\/fr\/wp-json\/wp\/v2\/product"}],"about":[{"href":"https:\/\/staging.glassfilms.eu\/fr\/wp-json\/wp\/v2\/types\/product"}],"version-history":[{"count":1,"href":"https:\/\/staging.glassfilms.eu\/fr\/wp-json\/wp\/v2\/product\/368106\/revisions"}],"predecessor-version":[{"id":384215,"href":"https:\/\/staging.glassfilms.eu\/fr\/wp-json\/wp\/v2\/product\/368106\/revisions\/384215"}],"wp:featuredmedia":[{"embeddable":true,"href":"https:\/\/staging.glassfilms.eu\/fr\/wp-json\/wp\/v2\/media\/368144"}],"wp:attachment":[{"href":"https:\/\/staging.glassfilms.eu\/fr\/wp-json\/wp\/v2\/media?parent=368106"}],"wp:term":[{"taxonomy":"product_brand","embeddable":true,"href":"https:\/\/staging.glassfilms.eu\/fr\/wp-json\/wp\/v2\/product_brand?post=368106"},{"taxonomy":"product_cat","embeddable":true,"href":"https:\/\/staging.glassfilms.eu\/fr\/wp-json\/wp\/v2\/product_cat?post=368106"},{"taxonomy":"product_tag","embeddable":true,"href":"https:\/\/staging.glassfilms.eu\/fr\/wp-json\/wp\/v2\/product_tag?post=368106"}],"curies":[{"name":"wp","href":"https:\/\/api.w.org\/{rel}","templated":true}]}}