{"id":368112,"date":"2024-06-12T10:13:04","date_gmt":"2024-06-12T10:13:04","guid":{"rendered":"https:\/\/www.glassfilms.eu\/new\/?post_type=product&#038;p=368112"},"modified":"2024-11-26T15:32:18","modified_gmt":"2024-11-26T15:32:18","slug":"ultraglare-g035-light-shade","status":"publish","type":"product","link":"https:\/\/staging.glassfilms.eu\/fr\/produit\/films-de-verre\/solar-window-films\/ultraglare-g035-light-shade\/","title":{"rendered":"UltraGlare-G035 Abat-jour"},"content":{"rendered":"","protected":false},"excerpt":{"rendered":"<p>UltraGlare-G035 Light Shade est un film pour fen\u00eatre non r\u00e9fl\u00e9chissant qui offre une r\u00e9duction maximale de l'ombre et de l'\u00e9blouissement. Il r\u00e9duit la transmission de la lumi\u00e8re visible de 67%, rejette la chaleur de 35% et bloque les rayons UV de 99%. Ce film est l'un des meilleurs films d'ombrage disponibles. Il est recommand\u00e9 de l'appliquer sur les vitres int\u00e9rieures. Ce film est fabriqu\u00e9 en polyester durable, transparent, teint\u00e9 dans la masse, avec une surface r\u00e9sistante aux rayures. L'adh\u00e9sif sensible \u00e0 la pression est prot\u00e9g\u00e9 par une pellicule de protection synth\u00e9tique. Excellente intimit\u00e9 de jour. Id\u00e9al pour la teinte des v\u00e9hicules et pour toutes les applications int\u00e9rieures.<\/p>","protected":false},"featured_media":368158,"template":"","meta":{"_acf_changed":false},"product_brand":[],"product_cat":[301,524],"product_tag":[],"class_list":{"0":"post-368112","1":"product","2":"type-product","3":"status-publish","4":"has-post-thumbnail","6":"product_cat-glass-films","7":"product_cat-solar-window-films","8":"pa_brand-ultraglare","10":"first","11":"onbackorder","12":"taxable","13":"shipping-taxable","14":"purchasable","15":"product-type-variable","16":"has-default-attributes"},"acf":[],"_links":{"self":[{"href":"https:\/\/staging.glassfilms.eu\/fr\/wp-json\/wp\/v2\/product\/368112","targetHints":{"allow":["GET"]}}],"collection":[{"href":"https:\/\/staging.glassfilms.eu\/fr\/wp-json\/wp\/v2\/product"}],"about":[{"href":"https:\/\/staging.glassfilms.eu\/fr\/wp-json\/wp\/v2\/types\/product"}],"version-history":[{"count":1,"href":"https:\/\/staging.glassfilms.eu\/fr\/wp-json\/wp\/v2\/product\/368112\/revisions"}],"predecessor-version":[{"id":383171,"href":"https:\/\/staging.glassfilms.eu\/fr\/wp-json\/wp\/v2\/product\/368112\/revisions\/383171"}],"wp:featuredmedia":[{"embeddable":true,"href":"https:\/\/staging.glassfilms.eu\/fr\/wp-json\/wp\/v2\/media\/368158"}],"wp:attachment":[{"href":"https:\/\/staging.glassfilms.eu\/fr\/wp-json\/wp\/v2\/media?parent=368112"}],"wp:term":[{"taxonomy":"product_brand","embeddable":true,"href":"https:\/\/staging.glassfilms.eu\/fr\/wp-json\/wp\/v2\/product_brand?post=368112"},{"taxonomy":"product_cat","embeddable":true,"href":"https:\/\/staging.glassfilms.eu\/fr\/wp-json\/wp\/v2\/product_cat?post=368112"},{"taxonomy":"product_tag","embeddable":true,"href":"https:\/\/staging.glassfilms.eu\/fr\/wp-json\/wp\/v2\/product_tag?post=368112"}],"curies":[{"name":"wp","href":"https:\/\/api.w.org\/{rel}","templated":true}]}}