{"id":368196,"date":"2024-06-12T10:13:27","date_gmt":"2024-06-12T10:13:27","guid":{"rendered":"https:\/\/www.glassfilms.eu\/new\/?post_type=product&#038;p=368196"},"modified":"2024-11-19T14:08:40","modified_gmt":"2024-11-19T14:08:40","slug":"sx-3069-chromatic-dichroic-film","status":"publish","type":"product","link":"https:\/\/staging.glassfilms.eu\/fr\/produit\/films-de-verre\/coloured-window-film\/dichroic-window-film\/sx-3069-film-dichroique-chromatique-2\/","title":{"rendered":"SX-3069 Film dichro\u00efque chromatique"},"content":{"rendered":"","protected":false},"excerpt":{"rendered":"<p>Le film polyester dichro\u00efque SOLYX SX-3069 Chromatic est con\u00e7u pour \u00eatre appliqu\u00e9 sur les surfaces vitr\u00e9es int\u00e9rieures. Chromatic est un film dichro\u00efque sans m\u00e9tal. Ce film est compos\u00e9 de plusieurs couches de polyester durable pour des effets sp\u00e9ciaux de changement de couleur. L'\u00e9paisseur nominale totale est de 2,0 millim\u00e8tres. Ce film est fabriqu\u00e9 avec une doublure en silicone, qui prot\u00e8ge l'adh\u00e9sif transparent sensible \u00e0 la pression, et est appliqu\u00e9 en utilisant les m\u00eames outils et techniques que les films pour fen\u00eatres standard.<br \/>\nLes couleurs de ce film dichro\u00efque changent en fonction de l'angle d'observation. Lorsque la lumi\u00e8re est derri\u00e8re le film (le jour, de l'int\u00e9rieur vers l'ext\u00e9rieur), les couleurs sont le cyan, le bleu et le magenta. Lorsque l'on regarde le film avec moins de lumi\u00e8re derri\u00e8re lui (de l'ext\u00e9rieur vers le jour), la couleur est argent\u00e9e\/dor\u00e9e.<\/p>","protected":false},"featured_media":368225,"template":"","meta":{"_acf_changed":false},"product_brand":[],"product_cat":[302,523,301],"product_tag":[],"class_list":{"0":"post-368196","1":"product","2":"type-product","3":"status-publish","4":"has-post-thumbnail","6":"product_cat-coloured-window-film","7":"product_cat-dichroic-window-film","8":"product_cat-glass-films","9":"pa_brand-solyx","11":"first","12":"onbackorder","13":"taxable","14":"shipping-taxable","15":"purchasable","16":"product-type-variable","17":"has-default-attributes"},"acf":[],"_links":{"self":[{"href":"https:\/\/staging.glassfilms.eu\/fr\/wp-json\/wp\/v2\/product\/368196","targetHints":{"allow":["GET"]}}],"collection":[{"href":"https:\/\/staging.glassfilms.eu\/fr\/wp-json\/wp\/v2\/product"}],"about":[{"href":"https:\/\/staging.glassfilms.eu\/fr\/wp-json\/wp\/v2\/types\/product"}],"version-history":[{"count":1,"href":"https:\/\/staging.glassfilms.eu\/fr\/wp-json\/wp\/v2\/product\/368196\/revisions"}],"predecessor-version":[{"id":384233,"href":"https:\/\/staging.glassfilms.eu\/fr\/wp-json\/wp\/v2\/product\/368196\/revisions\/384233"}],"wp:featuredmedia":[{"embeddable":true,"href":"https:\/\/staging.glassfilms.eu\/fr\/wp-json\/wp\/v2\/media\/368225"}],"wp:attachment":[{"href":"https:\/\/staging.glassfilms.eu\/fr\/wp-json\/wp\/v2\/media?parent=368196"}],"wp:term":[{"taxonomy":"product_brand","embeddable":true,"href":"https:\/\/staging.glassfilms.eu\/fr\/wp-json\/wp\/v2\/product_brand?post=368196"},{"taxonomy":"product_cat","embeddable":true,"href":"https:\/\/staging.glassfilms.eu\/fr\/wp-json\/wp\/v2\/product_cat?post=368196"},{"taxonomy":"product_tag","embeddable":true,"href":"https:\/\/staging.glassfilms.eu\/fr\/wp-json\/wp\/v2\/product_tag?post=368196"}],"curies":[{"name":"wp","href":"https:\/\/api.w.org\/{rel}","templated":true}]}}