{"id":368213,"date":"2024-06-12T10:13:28","date_gmt":"2024-06-12T10:13:28","guid":{"rendered":"https:\/\/www.glassfilms.eu\/new\/?post_type=product&#038;p=368213"},"modified":"2024-11-19T18:05:47","modified_gmt":"2024-11-19T18:05:47","slug":"sgc-6527-new-hammered-glass","status":"publish","type":"product","link":"https:\/\/staging.glassfilms.eu\/fr\/produit\/films-de-verre\/simulated-glass-films\/sgc-6527-new-hammered-glass-2\/","title":{"rendered":"SGC-6527 Nouveau verre martel\u00e9"},"content":{"rendered":"<h2><span style=\"font-weight: 400;\">SimGlas Crystal Window Film UK FAQs<\/span><\/h2>\n<p><span style=\"font-weight: 400;\">Nous avons r\u00e9pondu \u00e0 certaines des questions les plus courantes sur l'achat de films pour fen\u00eatres avec des motifs en cristal ci-dessous.\u00a0<\/span><span style=\"font-weight: 400;\">Si vous ne voyez pas votre demande, veuillez contacter notre \u00e9quipe de service client\u00e8le en nous appelant au <\/span><span style=\"font-weight: 400;\">\u00a0<\/span><b>0800 970 6366<\/b><span style=\"font-weight: 400;\"> ou nous envoyer un courriel \u00e0 l'adresse suivante <\/span><a href=\"mailto:sales@glassfilms.eu\"><span style=\"font-weight: 400;\">sales@glassfilms.eu<\/span><\/a><span style=\"font-weight: 400;\">.<\/span><\/p>\n<p><span style=\"font-weight: 400;\">Vous pouvez \u00e9galement vous tenir au courant de nos derni\u00e8res nouvelles et des lancements de produits en nous suivant sur <\/span><a href=\"https:\/\/twitter.com\/glassfilmseu\" target=\"_blank\" rel=\"noopener\"><span style=\"font-weight: 400;\">Twitter<\/span><\/a><span style=\"font-weight: 400;\">, <\/span><a href=\"https:\/\/www.facebook.com\/glassfilmseurope\" target=\"_blank\" rel=\"noopener\"><span style=\"font-weight: 400;\">Facebook<\/span><\/a><span style=\"font-weight: 400;\"> ou <\/span><a href=\"https:\/\/www.pinterest.co.uk\/glassfilms\/\" target=\"_blank\" rel=\"noopener\"><span style=\"font-weight: 400;\">Pinterest<\/span><\/a><span style=\"font-weight: 400;\">.\u00a0<\/span><\/p>\n<p><span style=\"font-weight: 400;\">Vous pouvez \u00e9galement d\u00e9couvrir notre gamme compl\u00e8te de produits en parcourant la rubrique <\/span><a href=\"https:\/\/staging.glassfilms.eu\/fr\/catalogue\/\"><span style=\"font-weight: 400;\">Catalogue des films en verre<\/span><\/a><span style=\"font-weight: 400;\">.\u00a0<\/span><\/p>\n<h3><span style=\"font-weight: 400;\">Qu'est-ce que le verre de cristal ?<\/span><\/h3>\n<p><span style=\"font-weight: 400;\">Pour ceux qui ne connaissent pas le verre de cristal, il s'agit d'une forme luxueuse de verre utilis\u00e9e pour fabriquer des objets en verre haut de gamme tels que des verres \u00e0 vin, des carafes et des lustres. Les verres en cristal sont souvent r\u00e9serv\u00e9s aux occasions les plus prestigieuses.\u00a0<\/span><span style=\"font-weight: 400;\">Connues pour leur clart\u00e9 et leur beaut\u00e9 \u00e9blouissante, de nombreuses caract\u00e9ristiques du verre de cristal ont \u00e9galement \u00e9t\u00e9 reproduites dans nos films pour fen\u00eatres SGC.\u00a0<\/span><span style=\"font-weight: 400;\">Il est possible de choisir un film pour fen\u00eatre SGC qui offre une certaine intimit\u00e9. Cependant, la gamme SGC est surtout pr\u00e9f\u00e9r\u00e9e pour am\u00e9liorer l'apparence de la vitre elle-m\u00eame.\u00a0<\/span><\/p>\n<h3><span style=\"font-weight: 400;\">Qu'est-ce qu'un film cristal ?<\/span><\/h3>\n<p><span style=\"font-weight: 400;\">SGC - SimGlas\u00ae est le nom donn\u00e9 \u00e0 nos films pour fen\u00eatres qui donnent l'apparence du verre cristallin.\u00a0<\/span><span style=\"font-weight: 400;\">La possibilit\u00e9 d'appliquer l'aspect haut de gamme du verre de cristal sur du verre ordinaire gr\u00e2ce \u00e0 l'utilisation d'un film pour fen\u00eatre r\u00e9duit le co\u00fbt, le temps et les efforts n\u00e9cessaires pour moderniser les surfaces vitr\u00e9es. Le r\u00e9sultat donne un aspect sophistiqu\u00e9 \u00e0 votre verre, tout en am\u00e9liorant l'intimit\u00e9.\u00a0<\/span><span style=\"font-weight: 400;\">Apr\u00e8s les initiales \"SGC\", vous verrez un code produit sp\u00e9cifique. Pour faciliter la commande, chaque code SGC correspond \u00e0 un style diff\u00e9rent de verre de fen\u00eatre en cristal.<\/span><\/p>\n<h3><span style=\"font-weight: 400;\">Quelle est la diff\u00e9rence entre le verre de fen\u00eatre en cristal et le film de fen\u00eatre en cristal ?<\/span><\/h3>\n<p><span style=\"font-weight: 400;\">Comme pour la plupart des styles de verre d\u00e9coratif, il n'est ni facile ni bon march\u00e9 de fabriquer du verre de cristal. En outre, tous les styles de verre ne conviennent pas \u00e0 des utilisations particuli\u00e8res, notamment \u00e0 l'int\u00e9rieur des fen\u00eatres ou des portes.\u00a0<\/span><span style=\"font-weight: 400;\">Mais lorsque le design de la classe cristal est reproduit dans le film pour vitrage, les possibilit\u00e9s deviennent soudain infinies.\u00a0<\/span><\/p>\n<p><span style=\"font-weight: 400;\">Un exemple similaire est la fa\u00e7on dont les carreaux de porcelaine peuvent maintenant reproduire les planchers en bois, afin d'offrir aux propri\u00e9taires une surface de plancher plus pratique. La m\u00eame philosophie s'applique \u00e9galement aux films pour fen\u00eatres en cristal SGC, qui permettent d'obtenir l'aspect du verre en cristal, mais dans un format de film pour fen\u00eatres facile \u00e0 utiliser.\u00a0<\/span><span style=\"font-weight: 400;\">Comme nous allons le voir avec nos suggestions d'utilisation, il existe de nombreuses fa\u00e7ons d'utiliser le film SGC pour fen\u00eatres cristal dans les espaces int\u00e9rieurs de votre maison.<\/span><\/p>\n<h3><span style=\"font-weight: 400;\">O\u00f9 acheter <\/span><span style=\"font-weight: 400;\">Cristal <\/span><span style=\"font-weight: 400;\">Film pour fen\u00eatre ?<\/span><\/h3>\n<p><span style=\"font-weight: 400;\">Glass Films stocke une large gamme de films pour fen\u00eatres en cristal (connus sous le nom de SGC) sur notre site Internet. Le film pour fen\u00eatre en cristal imite les caract\u00e9ristiques du verre en cristal, mais dans un format de film pour fen\u00eatre en vinyle. Pour acheter nos films pour fen\u00eatres, il vous suffit de choisir le style que vous pr\u00e9f\u00e9rez, de s\u00e9lectionner la taille dont vous avez besoin et de passer votre commande.\u00a0<\/span><\/p>\n<h3><span style=\"font-weight: 400;\">Le film pour vitrage emp\u00eache-t-il la chaleur d'entrer ?<\/span><\/h3>\n<p><span style=\"font-weight: 400;\">Oui, en fonction du film pour fen\u00eatres que vous choisissez. Pour un rejet maximal de la chaleur, nous vous conseillons notre film <\/span><a href=\"https:\/\/staging.glassfilms.eu\/fr\/produit\/decorative-glass-films\/ultracool-s6060-60-vlt-silver-window-film\/\"><span style=\"font-weight: 400;\">UltraCool-S6060 60% VLT Silver Window Film<\/span><\/a><span style=\"font-weight: 400;\"> qui affiche un rejet de la chaleur solaire de 43%. Dans notre gamme SGC en particulier, vous trouverez une s\u00e9rie de films pour fen\u00eatres qui ont diff\u00e9rents indices de transmission des UV, ce qui est une propri\u00e9t\u00e9 similaire \u00e0 rechercher.\u00a0<\/span><\/p>\n<h3><span style=\"font-weight: 400;\">Comment poser un film pour fen\u00eatre<\/span><\/h3>\n<p><span style=\"font-weight: 400;\">Les instructions relatives \u00e0 la pose de votre film pour vitrage figurent sur la liste des produits. Nous avons simplifi\u00e9 le processus afin que vous puissiez facilement installer et retirer votre film pour vitres. Vous pouvez \u00e9galement faire appel \u00e0 un installateur de films pour vitres de confiance qui le posera pour vous.\u00a0<\/span><\/p>","protected":false},"excerpt":{"rendered":"<p>SGC-6527-58 New Hammered est un film transparent l\u00e9g\u00e8rement textur\u00e9, fabriqu\u00e9 \u00e0 partir de polyester durable, qui offre une vue adoucie et d\u00e9form\u00e9e.<br \/>\nCe film ind\u00e9formable est stabilis\u00e9 aux UV (100%), ne se d\u00e9colore pas et ne r\u00e9tr\u00e9cit pas. Il est fourni avec un rev\u00eatement en silicone qui prot\u00e8ge l'adh\u00e9sif acrylique transparent sensible \u00e0 la pression. Il est recommand\u00e9 pour l'application sur le verre int\u00e9rieur et est id\u00e9al pour la distraction semi-priv\u00e9e dans les applications d\u00e9coratives ou architecturales.<\/p>","protected":false},"featured_media":368246,"template":"","meta":{"_acf_changed":false},"product_brand":[],"product_cat":[378],"product_tag":[],"class_list":{"0":"post-368213","1":"product","2":"type-product","3":"status-publish","4":"has-post-thumbnail","6":"product_cat-simulated-glass-films","7":"pa_brand-simglas","9":"first","10":"onbackorder","11":"taxable","12":"shipping-taxable","13":"purchasable","14":"product-type-variable","15":"has-default-attributes"},"acf":[],"_links":{"self":[{"href":"https:\/\/staging.glassfilms.eu\/fr\/wp-json\/wp\/v2\/product\/368213","targetHints":{"allow":["GET"]}}],"collection":[{"href":"https:\/\/staging.glassfilms.eu\/fr\/wp-json\/wp\/v2\/product"}],"about":[{"href":"https:\/\/staging.glassfilms.eu\/fr\/wp-json\/wp\/v2\/types\/product"}],"version-history":[{"count":1,"href":"https:\/\/staging.glassfilms.eu\/fr\/wp-json\/wp\/v2\/product\/368213\/revisions"}],"predecessor-version":[{"id":385524,"href":"https:\/\/staging.glassfilms.eu\/fr\/wp-json\/wp\/v2\/product\/368213\/revisions\/385524"}],"wp:featuredmedia":[{"embeddable":true,"href":"https:\/\/staging.glassfilms.eu\/fr\/wp-json\/wp\/v2\/media\/368246"}],"wp:attachment":[{"href":"https:\/\/staging.glassfilms.eu\/fr\/wp-json\/wp\/v2\/media?parent=368213"}],"wp:term":[{"taxonomy":"product_brand","embeddable":true,"href":"https:\/\/staging.glassfilms.eu\/fr\/wp-json\/wp\/v2\/product_brand?post=368213"},{"taxonomy":"product_cat","embeddable":true,"href":"https:\/\/staging.glassfilms.eu\/fr\/wp-json\/wp\/v2\/product_cat?post=368213"},{"taxonomy":"product_tag","embeddable":true,"href":"https:\/\/staging.glassfilms.eu\/fr\/wp-json\/wp\/v2\/product_tag?post=368213"}],"curies":[{"name":"wp","href":"https:\/\/api.w.org\/{rel}","templated":true}]}}