{"id":368332,"date":"2024-06-12T10:13:56","date_gmt":"2024-06-12T10:13:56","guid":{"rendered":"https:\/\/www.glassfilms.eu\/new\/?post_type=product&#038;p=368332"},"modified":"2024-11-22T16:05:11","modified_gmt":"2024-11-22T16:05:11","slug":"sxj-0598-dual-misty-frost-gradient","status":"publish","type":"product","link":"https:\/\/staging.glassfilms.eu\/fr\/produit\/films-de-verre\/gradient-window-film\/60-high-gradient-films\/sxj-0598-dual-misty-frost-gradient-2\/","title":{"rendered":"SXJ-0598 Dual Misty Frost Gradient (d\u00e9grad\u00e9 de givre brumeux)"},"content":{"rendered":"","protected":false},"excerpt":{"rendered":"<p>SXJ-0598 Dual Misty Frost Gradient. Un d\u00e9grad\u00e9 brumeux, gris, givr\u00e9, \u00e0 double fondu. Le d\u00e9grad\u00e9 part du centre, la zone la plus intime, et va du haut vers le bas jusqu'\u00e0 la clart\u00e9. Le film SXJ-0598 Dual Misty Frost est parfaitement adapt\u00e9 au film SXJ-0598 Dual Misty Frost. <a href=\"https:\/\/staging.glassfilms.eu\/fr\/produit\/decorative-glass-films\/gradient-window-film\/60-high-gradient-films\/sxj-0597-isoline-frost-2\/\">SXJ-0597 Isoline Frost<\/a>.<\/p>","protected":false},"featured_media":368354,"template":"","meta":{"_acf_changed":false},"product_brand":[],"product_cat":[311,310],"product_tag":[],"class_list":{"0":"post-368332","1":"product","2":"type-product","3":"status-publish","4":"has-post-thumbnail","6":"product_cat-60-high-gradient-films","7":"product_cat-gradient-window-film","8":"pa_brand-solyx","10":"first","11":"onbackorder","12":"taxable","13":"shipping-taxable","14":"purchasable","15":"product-type-variable","16":"has-default-attributes"},"acf":[],"_links":{"self":[{"href":"https:\/\/staging.glassfilms.eu\/fr\/wp-json\/wp\/v2\/product\/368332","targetHints":{"allow":["GET"]}}],"collection":[{"href":"https:\/\/staging.glassfilms.eu\/fr\/wp-json\/wp\/v2\/product"}],"about":[{"href":"https:\/\/staging.glassfilms.eu\/fr\/wp-json\/wp\/v2\/types\/product"}],"version-history":[{"count":1,"href":"https:\/\/staging.glassfilms.eu\/fr\/wp-json\/wp\/v2\/product\/368332\/revisions"}],"predecessor-version":[{"id":383535,"href":"https:\/\/staging.glassfilms.eu\/fr\/wp-json\/wp\/v2\/product\/368332\/revisions\/383535"}],"wp:featuredmedia":[{"embeddable":true,"href":"https:\/\/staging.glassfilms.eu\/fr\/wp-json\/wp\/v2\/media\/368354"}],"wp:attachment":[{"href":"https:\/\/staging.glassfilms.eu\/fr\/wp-json\/wp\/v2\/media?parent=368332"}],"wp:term":[{"taxonomy":"product_brand","embeddable":true,"href":"https:\/\/staging.glassfilms.eu\/fr\/wp-json\/wp\/v2\/product_brand?post=368332"},{"taxonomy":"product_cat","embeddable":true,"href":"https:\/\/staging.glassfilms.eu\/fr\/wp-json\/wp\/v2\/product_cat?post=368332"},{"taxonomy":"product_tag","embeddable":true,"href":"https:\/\/staging.glassfilms.eu\/fr\/wp-json\/wp\/v2\/product_tag?post=368332"}],"curies":[{"name":"wp","href":"https:\/\/api.w.org\/{rel}","templated":true}]}}