{"id":368367,"date":"2024-06-12T10:14:07","date_gmt":"2024-06-12T10:14:07","guid":{"rendered":"https:\/\/www.glassfilms.eu\/new\/?post_type=product&#038;p=368367"},"modified":"2024-11-21T15:52:15","modified_gmt":"2024-11-21T15:52:15","slug":"sxv-9-1003-black-gloss-opaque","status":"publish","type":"product","link":"https:\/\/staging.glassfilms.eu\/fr\/produit\/films-de-verre\/frosted-window-film\/opaque-window-films\/sxv-9-1003-black-gloss-opaque\/","title":{"rendered":"SXV-9-1003 Noir brillant opaque"},"content":{"rendered":"<h3>Propri\u00e9t\u00e9s physiques<\/h3>\n<p><strong>Temp\u00e9rature minimale d'application surface\/air ambiant<\/strong><br \/>\n50\u00b0 F. \u00e0 90\u00b0F. (10\u00b0 C \u00e0 32\u00b0C)<\/p>\n<p><strong>Plage de temp\u00e9rature de service<\/strong><br \/>\nDe -40\u00b0 F. \u00e0 +225\u00b0 F. (de -40\u00b0 C. \u00e0 +107\u00b0 C.)<br \/>\n-Une gamme raisonnable de temp\u00e9ratures, qui serait attendue dans des conditions environnementales normales de temps et de temp\u00e9rature.<\/p>\n<p><strong>Pied \u00e0 coulisse \u00e0 film typique (avec adh\u00e9sif)<\/strong><br \/>\n2,5 - 3,5 mils<\/p>\n<p><strong>R\u00e9sistance chimique<\/strong><br \/>\nR\u00e9siste aux acides doux, aux alcalis et aux sels.<\/p>\n<p><strong>R\u00e9sistance \u00e0 l'eau<\/strong><br \/>\nExcellente r\u00e9sistance \u00e0 l'eau<br \/>\nREMARQUE : Toujours effectuer des essais pr\u00e9alables sur les substrats sp\u00e9cifiques avant de proc\u00e9der \u00e0 l'application proprement dite.<\/p>","protected":false},"excerpt":{"rendered":"<p>SXV-9-1003 Noir brillant Film vinyle coul\u00e9 opaque. Convient pour une application sur le verre et les acryliques. Convient aux applications ext\u00e9rieures.<\/p>","protected":false},"featured_media":368391,"template":"","meta":{"_acf_changed":false},"product_brand":[],"product_cat":[301,309],"product_tag":[],"class_list":{"0":"post-368367","1":"product","2":"type-product","3":"status-publish","4":"has-post-thumbnail","6":"product_cat-glass-films","7":"product_cat-opaque-window-films","8":"pa_brand-solyx","10":"first","11":"outofstock","12":"taxable","13":"shipping-taxable","14":"purchasable","15":"product-type-variable","16":"has-default-attributes"},"acf":[],"_links":{"self":[{"href":"https:\/\/staging.glassfilms.eu\/fr\/wp-json\/wp\/v2\/product\/368367","targetHints":{"allow":["GET"]}}],"collection":[{"href":"https:\/\/staging.glassfilms.eu\/fr\/wp-json\/wp\/v2\/product"}],"about":[{"href":"https:\/\/staging.glassfilms.eu\/fr\/wp-json\/wp\/v2\/types\/product"}],"version-history":[{"count":1,"href":"https:\/\/staging.glassfilms.eu\/fr\/wp-json\/wp\/v2\/product\/368367\/revisions"}],"predecessor-version":[{"id":387943,"href":"https:\/\/staging.glassfilms.eu\/fr\/wp-json\/wp\/v2\/product\/368367\/revisions\/387943"}],"wp:featuredmedia":[{"embeddable":true,"href":"https:\/\/staging.glassfilms.eu\/fr\/wp-json\/wp\/v2\/media\/368391"}],"wp:attachment":[{"href":"https:\/\/staging.glassfilms.eu\/fr\/wp-json\/wp\/v2\/media?parent=368367"}],"wp:term":[{"taxonomy":"product_brand","embeddable":true,"href":"https:\/\/staging.glassfilms.eu\/fr\/wp-json\/wp\/v2\/product_brand?post=368367"},{"taxonomy":"product_cat","embeddable":true,"href":"https:\/\/staging.glassfilms.eu\/fr\/wp-json\/wp\/v2\/product_cat?post=368367"},{"taxonomy":"product_tag","embeddable":true,"href":"https:\/\/staging.glassfilms.eu\/fr\/wp-json\/wp\/v2\/product_tag?post=368367"}],"curies":[{"name":"wp","href":"https:\/\/api.w.org\/{rel}","templated":true}]}}