{"id":368432,"date":"2024-06-12T10:14:23","date_gmt":"2024-06-12T10:14:23","guid":{"rendered":"https:\/\/www.glassfilms.eu\/new\/?post_type=product&#038;p=368432"},"modified":"2024-11-19T17:17:55","modified_gmt":"2024-11-19T17:17:55","slug":"sx-sc463-easyfit-axis","status":"publish","type":"product","link":"https:\/\/staging.glassfilms.eu\/fr\/produit\/films-de-verre\/easyfit-window-films\/easyfit-cut-glass\/sx-sc463-easyfit-axis\/","title":{"rendered":"SX-SC463 Axe easyfit"},"content":{"rendered":"","protected":false},"excerpt":{"rendered":"<p>SX-SC463 easyfit Axis est recommand\u00e9 pour les applications sur les vitres int\u00e9rieures, les plastiques et les feuilles de polycarbonate. Ce film est compos\u00e9 d'un film polypropyl\u00e8ne durable easyfit avec une surface textur\u00e9e gaufr\u00e9e. Les films sont dot\u00e9s d'une pellicule protectrice amovible transparente qui doit \u00eatre enlev\u00e9e avant l'installation.<\/p>\n<p>Notre gamme de <a href=\"https:\/\/staging.glassfilms.eu\/fr\/easyfit\/\">easyfit<\/a> Les films en verre sont enti\u00e8rement amovibles, r\u00e9utilisables et ne contiennent pas d'adh\u00e9sif. Notre gamme easyfit peut \u00eatre utilis\u00e9e sur n'importe quelle surface lisse et non poreuse et, surtout, peut \u00eatre install\u00e9e en quelques minutes seulement !<\/p>","protected":false},"featured_media":368463,"template":"","meta":{"_acf_changed":false},"product_brand":[],"product_cat":[304,744,742,301,303],"product_tag":[],"class_list":{"0":"post-368432","1":"product","2":"type-product","3":"status-publish","4":"has-post-thumbnail","6":"product_cat-cut-glass-window-films","7":"product_cat-easyfit-cut-glass","8":"product_cat-easyfit-window-films","9":"product_cat-glass-films","10":"product_cat-textured-window-film","11":"pa_brand-easyfit","13":"first","14":"onbackorder","15":"taxable","16":"shipping-taxable","17":"purchasable","18":"product-type-variable","19":"has-default-attributes"},"acf":[],"_links":{"self":[{"href":"https:\/\/staging.glassfilms.eu\/fr\/wp-json\/wp\/v2\/product\/368432","targetHints":{"allow":["GET"]}}],"collection":[{"href":"https:\/\/staging.glassfilms.eu\/fr\/wp-json\/wp\/v2\/product"}],"about":[{"href":"https:\/\/staging.glassfilms.eu\/fr\/wp-json\/wp\/v2\/types\/product"}],"version-history":[{"count":1,"href":"https:\/\/staging.glassfilms.eu\/fr\/wp-json\/wp\/v2\/product\/368432\/revisions"}],"predecessor-version":[{"id":387766,"href":"https:\/\/staging.glassfilms.eu\/fr\/wp-json\/wp\/v2\/product\/368432\/revisions\/387766"}],"wp:featuredmedia":[{"embeddable":true,"href":"https:\/\/staging.glassfilms.eu\/fr\/wp-json\/wp\/v2\/media\/368463"}],"wp:attachment":[{"href":"https:\/\/staging.glassfilms.eu\/fr\/wp-json\/wp\/v2\/media?parent=368432"}],"wp:term":[{"taxonomy":"product_brand","embeddable":true,"href":"https:\/\/staging.glassfilms.eu\/fr\/wp-json\/wp\/v2\/product_brand?post=368432"},{"taxonomy":"product_cat","embeddable":true,"href":"https:\/\/staging.glassfilms.eu\/fr\/wp-json\/wp\/v2\/product_cat?post=368432"},{"taxonomy":"product_tag","embeddable":true,"href":"https:\/\/staging.glassfilms.eu\/fr\/wp-json\/wp\/v2\/product_tag?post=368432"}],"curies":[{"name":"wp","href":"https:\/\/api.w.org\/{rel}","templated":true}]}}