{"id":368442,"date":"2024-06-12T10:14:24","date_gmt":"2024-06-12T10:14:24","guid":{"rendered":"https:\/\/www.glassfilms.eu\/new\/?post_type=product&#038;p=368442"},"modified":"2025-06-30T13:57:56","modified_gmt":"2025-06-30T13:57:56","slug":"sx-1261-solitude","status":"publish","type":"product","link":"https:\/\/staging.glassfilms.eu\/fr\/produit\/films-de-verre\/patterned-window-film\/striped-window-film\/sx-1261-solitude-2\/","title":{"rendered":"SX-1261 Solitude"},"content":{"rendered":"","protected":false},"excerpt":{"rendered":"<p>SX-1261 Solitude est un film semi-transparent l\u00e9g\u00e8rement textur\u00e9, fabriqu\u00e9 \u00e0 partir de polyester durable, qui offre une vision d\u00e9form\u00e9e de l'intimit\u00e9. Ce film ind\u00e9formable est stabilis\u00e9 aux UV 100%, ne se d\u00e9colore pas et ne r\u00e9tr\u00e9cit pas. Il est fourni avec une doublure amovible enduite de silicone qui prot\u00e8ge l'adh\u00e9sif acrylique transparent sensible \u00e0 la pression. Il est recommand\u00e9 pour une application sur le verre int\u00e9rieur et est id\u00e9al pour la distraction de l'intimit\u00e9 dans les applications d\u00e9coratives ou architecturales.<\/p>","protected":false},"featured_media":368474,"template":"","meta":{"_acf_changed":false},"product_brand":[],"product_cat":[304,301,306,377,307,303],"product_tag":[],"class_list":{"0":"post-368442","1":"product","2":"type-product","3":"status-publish","4":"has-post-thumbnail","6":"product_cat-cut-glass-window-films","7":"product_cat-glass-films","8":"product_cat-patterned-window-film","9":"product_cat-retro-window-films","10":"product_cat-striped-window-film","11":"product_cat-textured-window-film","12":"pa_brand-simglas","14":"first","15":"instock","16":"taxable","17":"shipping-taxable","18":"purchasable","19":"product-type-variable","20":"has-default-attributes"},"acf":[],"_links":{"self":[{"href":"https:\/\/staging.glassfilms.eu\/fr\/wp-json\/wp\/v2\/product\/368442","targetHints":{"allow":["GET"]}}],"collection":[{"href":"https:\/\/staging.glassfilms.eu\/fr\/wp-json\/wp\/v2\/product"}],"about":[{"href":"https:\/\/staging.glassfilms.eu\/fr\/wp-json\/wp\/v2\/types\/product"}],"version-history":[{"count":2,"href":"https:\/\/staging.glassfilms.eu\/fr\/wp-json\/wp\/v2\/product\/368442\/revisions"}],"predecessor-version":[{"id":384101,"href":"https:\/\/staging.glassfilms.eu\/fr\/wp-json\/wp\/v2\/product\/368442\/revisions\/384101"}],"wp:featuredmedia":[{"embeddable":true,"href":"https:\/\/staging.glassfilms.eu\/fr\/wp-json\/wp\/v2\/media\/368474"}],"wp:attachment":[{"href":"https:\/\/staging.glassfilms.eu\/fr\/wp-json\/wp\/v2\/media?parent=368442"}],"wp:term":[{"taxonomy":"product_brand","embeddable":true,"href":"https:\/\/staging.glassfilms.eu\/fr\/wp-json\/wp\/v2\/product_brand?post=368442"},{"taxonomy":"product_cat","embeddable":true,"href":"https:\/\/staging.glassfilms.eu\/fr\/wp-json\/wp\/v2\/product_cat?post=368442"},{"taxonomy":"product_tag","embeddable":true,"href":"https:\/\/staging.glassfilms.eu\/fr\/wp-json\/wp\/v2\/product_tag?post=368442"}],"curies":[{"name":"wp","href":"https:\/\/api.w.org\/{rel}","templated":true}]}}