{"id":368446,"date":"2024-06-12T10:14:24","date_gmt":"2024-06-12T10:14:24","guid":{"rendered":"https:\/\/www.glassfilms.eu\/new\/?post_type=product&#038;p=368446"},"modified":"2024-11-26T15:06:10","modified_gmt":"2024-11-26T15:06:10","slug":"ultracool-s1560-15-vlt-silver-window-film","status":"publish","type":"product","link":"https:\/\/staging.glassfilms.eu\/fr\/produit\/films-de-verre\/solar-window-films\/ultracool-s1560-15-vlt-silver-window-film-2\/","title":{"rendered":"UltraCool-S1560 15% VLT Silver Window Film"},"content":{"rendered":"","protected":false},"excerpt":{"rendered":"<p>UltraCool-S1560 15% VLT Silver Window Film est un film argent\u00e9 r\u00e9fl\u00e9chissant pour fen\u00eatres qui rejette 65% de chaleur solaire et bloque 99% de rayons UV nocifs tout en permettant une bonne transmission de la lumi\u00e8re. Recommand\u00e9 pour une application sur les vitres int\u00e9rieures et ext\u00e9rieures (surface int\u00e9rieure), ce film est fabriqu\u00e9 en polyester m\u00e9tallis\u00e9 argent\u00e9, transparent et durable, et est fourni avec un adh\u00e9sif prot\u00e9g\u00e9 par une pellicule de protection synth\u00e9tique. Il s'agit de l'un des meilleurs films de rejet de la chaleur disponibles sur le march\u00e9 et il offre une excellente intimit\u00e9 pendant la journ\u00e9e.<\/p>","protected":false},"featured_media":368481,"template":"","meta":{"_acf_changed":false},"product_brand":[],"product_cat":[301,524],"product_tag":[],"class_list":{"0":"post-368446","1":"product","2":"type-product","3":"status-publish","4":"has-post-thumbnail","6":"product_cat-glass-films","7":"product_cat-solar-window-films","8":"pa_brand-ultracool","10":"first","11":"onbackorder","12":"taxable","13":"shipping-taxable","14":"purchasable","15":"product-type-variable","16":"has-default-attributes"},"acf":[],"_links":{"self":[{"href":"https:\/\/staging.glassfilms.eu\/fr\/wp-json\/wp\/v2\/product\/368446","targetHints":{"allow":["GET"]}}],"collection":[{"href":"https:\/\/staging.glassfilms.eu\/fr\/wp-json\/wp\/v2\/product"}],"about":[{"href":"https:\/\/staging.glassfilms.eu\/fr\/wp-json\/wp\/v2\/types\/product"}],"version-history":[{"count":1,"href":"https:\/\/staging.glassfilms.eu\/fr\/wp-json\/wp\/v2\/product\/368446\/revisions"}],"predecessor-version":[{"id":383166,"href":"https:\/\/staging.glassfilms.eu\/fr\/wp-json\/wp\/v2\/product\/368446\/revisions\/383166"}],"wp:featuredmedia":[{"embeddable":true,"href":"https:\/\/staging.glassfilms.eu\/fr\/wp-json\/wp\/v2\/media\/368481"}],"wp:attachment":[{"href":"https:\/\/staging.glassfilms.eu\/fr\/wp-json\/wp\/v2\/media?parent=368446"}],"wp:term":[{"taxonomy":"product_brand","embeddable":true,"href":"https:\/\/staging.glassfilms.eu\/fr\/wp-json\/wp\/v2\/product_brand?post=368446"},{"taxonomy":"product_cat","embeddable":true,"href":"https:\/\/staging.glassfilms.eu\/fr\/wp-json\/wp\/v2\/product_cat?post=368446"},{"taxonomy":"product_tag","embeddable":true,"href":"https:\/\/staging.glassfilms.eu\/fr\/wp-json\/wp\/v2\/product_tag?post=368446"}],"curies":[{"name":"wp","href":"https:\/\/api.w.org\/{rel}","templated":true}]}}