{"id":368515,"date":"2024-06-12T10:14:44","date_gmt":"2024-06-12T10:14:44","guid":{"rendered":"https:\/\/www.glassfilms.eu\/new\/?post_type=product&#038;p=368515"},"modified":"2024-11-22T13:41:47","modified_gmt":"2024-11-22T13:41:47","slug":"sx-1279-arctic-glass","status":"publish","type":"product","link":"https:\/\/staging.glassfilms.eu\/fr\/produit\/films-de-verre\/textured-window-film\/cut-glass-window-films\/sx-1279-verre-arctique\/","title":{"rendered":"SX-1279 Verre arctique"},"content":{"rendered":"","protected":false},"excerpt":{"rendered":"<p>SX-1279 Arctic Glass est un film semi-transparent l\u00e9g\u00e8rement textur\u00e9, fabriqu\u00e9 \u00e0 partir d'un polyester durable, qui offre une vue priv\u00e9e d\u00e9form\u00e9e simulant le verre textur\u00e9 de l'Arctique. Ce film ind\u00e9formable est stabilis\u00e9 aux UV 100%, ne se d\u00e9colore pas et ne r\u00e9tr\u00e9cit pas. Il est fourni avec une doublure amovible enduite de silicone qui prot\u00e8ge l'adh\u00e9sif acrylique transparent sensible \u00e0 la pression. Il est recommand\u00e9 pour l'application sur le verre int\u00e9rieur et est id\u00e9al pour la distraction de l'intimit\u00e9 dans les applications d\u00e9coratives ou architecturales.<\/p>","protected":false},"featured_media":368546,"template":"","meta":{"_acf_changed":false},"product_brand":[],"product_cat":[304,301,378,303],"product_tag":[],"class_list":{"0":"post-368515","1":"product","2":"type-product","3":"status-publish","4":"has-post-thumbnail","6":"product_cat-cut-glass-window-films","7":"product_cat-glass-films","8":"product_cat-simulated-glass-films","9":"product_cat-textured-window-film","10":"pa_brand-simglas","12":"first","13":"instock","14":"taxable","15":"shipping-taxable","16":"purchasable","17":"product-type-variable","18":"has-default-attributes"},"acf":[],"_links":{"self":[{"href":"https:\/\/staging.glassfilms.eu\/fr\/wp-json\/wp\/v2\/product\/368515","targetHints":{"allow":["GET"]}}],"collection":[{"href":"https:\/\/staging.glassfilms.eu\/fr\/wp-json\/wp\/v2\/product"}],"about":[{"href":"https:\/\/staging.glassfilms.eu\/fr\/wp-json\/wp\/v2\/types\/product"}],"version-history":[{"count":1,"href":"https:\/\/staging.glassfilms.eu\/fr\/wp-json\/wp\/v2\/product\/368515\/revisions"}],"predecessor-version":[{"id":384114,"href":"https:\/\/staging.glassfilms.eu\/fr\/wp-json\/wp\/v2\/product\/368515\/revisions\/384114"}],"wp:featuredmedia":[{"embeddable":true,"href":"https:\/\/staging.glassfilms.eu\/fr\/wp-json\/wp\/v2\/media\/368546"}],"wp:attachment":[{"href":"https:\/\/staging.glassfilms.eu\/fr\/wp-json\/wp\/v2\/media?parent=368515"}],"wp:term":[{"taxonomy":"product_brand","embeddable":true,"href":"https:\/\/staging.glassfilms.eu\/fr\/wp-json\/wp\/v2\/product_brand?post=368515"},{"taxonomy":"product_cat","embeddable":true,"href":"https:\/\/staging.glassfilms.eu\/fr\/wp-json\/wp\/v2\/product_cat?post=368515"},{"taxonomy":"product_tag","embeddable":true,"href":"https:\/\/staging.glassfilms.eu\/fr\/wp-json\/wp\/v2\/product_tag?post=368515"}],"curies":[{"name":"wp","href":"https:\/\/api.w.org\/{rel}","templated":true}]}}