{"id":368569,"date":"2024-06-12T10:14:56","date_gmt":"2024-06-12T10:14:56","guid":{"rendered":"https:\/\/www.glassfilms.eu\/new\/?post_type=product&#038;p=368569"},"modified":"2024-12-04T10:56:20","modified_gmt":"2024-12-04T10:56:20","slug":"sx-9060-ribbed-glass-frosted","status":"publish","type":"product","link":"https:\/\/staging.glassfilms.eu\/fr\/produit\/films-de-verre\/patterned-window-film\/striped-window-film\/sx-9060-verre-strie-givre\/","title":{"rendered":"SX-9060 Verre stri\u00e9 d\u00e9poli"},"content":{"rendered":"","protected":false},"excerpt":{"rendered":"<p>SX-9060 Ribbed Glass Frosted est un film d'intimit\u00e9 d\u00e9coratif en polyester gaufr\u00e9 avec un motif de nervures de 3\/16\u2033 sur toute la longueur du rouleau. Ce film de 2 millim\u00e8tres d'\u00e9paisseur est fourni avec une doublure enduite de silicone qui prot\u00e8ge l'adh\u00e9sif transparent sensible \u00e0 la pression. Il est recommand\u00e9 pour une application sur le verre int\u00e9rieur et est id\u00e9al pour les applications d'intimit\u00e9, d\u00e9coratives ou architecturales.<\/p>","protected":false},"featured_media":368598,"template":"","meta":{"_acf_changed":false},"product_brand":[],"product_cat":[305,301,659,306,377,307],"product_tag":[],"class_list":{"0":"post-368569","1":"product","2":"type-product","3":"status-publish","4":"has-post-thumbnail","6":"product_cat-frosted-window-film","7":"product_cat-glass-films","8":"product_cat-patterned-frost-window-films","9":"product_cat-patterned-window-film","10":"product_cat-retro-window-films","11":"product_cat-striped-window-film","12":"pa_brand-solyx","14":"first","15":"onbackorder","16":"taxable","17":"shipping-taxable","18":"purchasable","19":"product-type-variable","20":"has-default-attributes"},"acf":[],"_links":{"self":[{"href":"https:\/\/staging.glassfilms.eu\/fr\/wp-json\/wp\/v2\/product\/368569","targetHints":{"allow":["GET"]}}],"collection":[{"href":"https:\/\/staging.glassfilms.eu\/fr\/wp-json\/wp\/v2\/product"}],"about":[{"href":"https:\/\/staging.glassfilms.eu\/fr\/wp-json\/wp\/v2\/types\/product"}],"version-history":[{"count":1,"href":"https:\/\/staging.glassfilms.eu\/fr\/wp-json\/wp\/v2\/product\/368569\/revisions"}],"predecessor-version":[{"id":380053,"href":"https:\/\/staging.glassfilms.eu\/fr\/wp-json\/wp\/v2\/product\/368569\/revisions\/380053"}],"wp:featuredmedia":[{"embeddable":true,"href":"https:\/\/staging.glassfilms.eu\/fr\/wp-json\/wp\/v2\/media\/368598"}],"wp:attachment":[{"href":"https:\/\/staging.glassfilms.eu\/fr\/wp-json\/wp\/v2\/media?parent=368569"}],"wp:term":[{"taxonomy":"product_brand","embeddable":true,"href":"https:\/\/staging.glassfilms.eu\/fr\/wp-json\/wp\/v2\/product_brand?post=368569"},{"taxonomy":"product_cat","embeddable":true,"href":"https:\/\/staging.glassfilms.eu\/fr\/wp-json\/wp\/v2\/product_cat?post=368569"},{"taxonomy":"product_tag","embeddable":true,"href":"https:\/\/staging.glassfilms.eu\/fr\/wp-json\/wp\/v2\/product_tag?post=368569"}],"curies":[{"name":"wp","href":"https:\/\/api.w.org\/{rel}","templated":true}]}}