{"id":368589,"date":"2024-06-12T10:14:57","date_gmt":"2024-06-12T10:14:57","guid":{"rendered":"https:\/\/www.glassfilms.eu\/new\/?post_type=product&#038;p=368589"},"modified":"2024-11-15T16:43:58","modified_gmt":"2024-11-15T16:43:58","slug":"sxb-174-cinnamon-sand-blast","status":"publish","type":"product","link":"https:\/\/staging.glassfilms.eu\/fr\/produit\/films-de-verre\/coloured-window-film\/sxb-97-bleu-vert-sand-blast-6\/","title":{"rendered":"SXB-174 Cannelle, souffle de sable"},"content":{"rendered":"","protected":false},"excerpt":{"rendered":"<p>SXB-174 Cinnamon Sand Blast Coloured Glass Film is a translucent, high grade embossed vinyl combination that simulates sand blasted glass. Ideal for obscuring direct visibility while allowing excellent light transmission.<\/p>\n<p><strong>Mise en conformit\u00e9 du verre non tremp\u00e9 avec les normes de s\u00e9curit\u00e9 du verre tremp\u00e9<\/strong><br \/>\nPASSE :<br \/>\nANSI Z97.1-1984<br \/>\n16 CFR 1201 U.S.G.S. Cat\u00e9gorie II : R\u00e9sistance \u00e0 la rupture 100PLI<\/p>","protected":false},"featured_media":368621,"template":"","meta":{"_acf_changed":false},"product_brand":[],"product_cat":[302,305,301],"product_tag":[],"class_list":{"0":"post-368589","1":"product","2":"type-product","3":"status-publish","4":"has-post-thumbnail","6":"product_cat-coloured-window-film","7":"product_cat-frosted-window-film","8":"product_cat-glass-films","9":"pa_brand-solyx","11":"first","12":"onbackorder","13":"taxable","14":"shipping-taxable","15":"purchasable","16":"product-type-variable","17":"has-default-attributes"},"acf":[],"_links":{"self":[{"href":"https:\/\/staging.glassfilms.eu\/fr\/wp-json\/wp\/v2\/product\/368589","targetHints":{"allow":["GET"]}}],"collection":[{"href":"https:\/\/staging.glassfilms.eu\/fr\/wp-json\/wp\/v2\/product"}],"about":[{"href":"https:\/\/staging.glassfilms.eu\/fr\/wp-json\/wp\/v2\/types\/product"}],"version-history":[{"count":1,"href":"https:\/\/staging.glassfilms.eu\/fr\/wp-json\/wp\/v2\/product\/368589\/revisions"}],"predecessor-version":[{"id":384440,"href":"https:\/\/staging.glassfilms.eu\/fr\/wp-json\/wp\/v2\/product\/368589\/revisions\/384440"}],"wp:featuredmedia":[{"embeddable":true,"href":"https:\/\/staging.glassfilms.eu\/fr\/wp-json\/wp\/v2\/media\/368621"}],"wp:attachment":[{"href":"https:\/\/staging.glassfilms.eu\/fr\/wp-json\/wp\/v2\/media?parent=368589"}],"wp:term":[{"taxonomy":"product_brand","embeddable":true,"href":"https:\/\/staging.glassfilms.eu\/fr\/wp-json\/wp\/v2\/product_brand?post=368589"},{"taxonomy":"product_cat","embeddable":true,"href":"https:\/\/staging.glassfilms.eu\/fr\/wp-json\/wp\/v2\/product_cat?post=368589"},{"taxonomy":"product_tag","embeddable":true,"href":"https:\/\/staging.glassfilms.eu\/fr\/wp-json\/wp\/v2\/product_tag?post=368589"}],"curies":[{"name":"wp","href":"https:\/\/api.w.org\/{rel}","templated":true}]}}