{"id":387531,"date":"2024-11-05T11:08:50","date_gmt":"2024-11-05T11:08:50","guid":{"rendered":"https:\/\/www.glassfilms.eu\/product\/uncategorized\/sample-sx-sc211-snowfall\/"},"modified":"2024-11-15T07:39:54","modified_gmt":"2024-11-15T07:39:54","slug":"sx-sc215-bonnies-winter-village","status":"publish","type":"product","link":"https:\/\/staging.glassfilms.eu\/fr\/produit\/films-de-verre\/easyfit-window-films\/easyfit-patterned-frost\/sx-sc215-bonnies-winter-village\/","title":{"rendered":"SX-SC215 Winter Village"},"content":{"rendered":"","protected":false},"excerpt":{"rendered":"<p style=\"font-weight: 400;\">SX-SC215 Winter Village. Non-Adhesive Static Cling Decorative Window Film. Reusable and Removable! Decorate your glass with Bonnie&#8217;s Winter Village this Christmas season and add a touch of cheer to your glazing.<\/p>\n<p>Notre gamme de\u00a0<a href=\"https:\/\/staging.glassfilms.eu\/fr\/easyfit\/\">easyfit<\/a>\u00a0Les films en verre sont enti\u00e8rement amovibles, r\u00e9utilisables et ne contiennent pas d'adh\u00e9sif. Notre gamme easyfit peut \u00eatre utilis\u00e9e sur n'importe quelle surface lisse et non poreuse et, surtout, peut \u00eatre install\u00e9e en quelques minutes seulement !<\/p>\n<p><strong>Fixed roll width is the height of the winter village design. <\/strong><\/p>\n<p><strong>Increasing the roll length extends the width of the pattern.<\/strong><\/p>","protected":false},"featured_media":387534,"template":"","meta":{"_acf_changed":false},"product_brand":[],"product_cat":[745,742,305,301,659,306,307,303],"product_tag":[],"class_list":{"0":"post-387531","1":"product","2":"type-product","3":"status-publish","4":"has-post-thumbnail","6":"product_cat-easyfit-patterned-frost","7":"product_cat-easyfit-window-films","8":"product_cat-frosted-window-film","9":"product_cat-glass-films","10":"product_cat-patterned-frost-window-films","11":"product_cat-patterned-window-film","12":"product_cat-striped-window-film","13":"product_cat-textured-window-film","14":"pa_brand-easyfit","16":"first","17":"onbackorder","18":"taxable","19":"shipping-taxable","20":"purchasable","21":"product-type-variable","22":"has-default-attributes"},"acf":[],"_links":{"self":[{"href":"https:\/\/staging.glassfilms.eu\/fr\/wp-json\/wp\/v2\/product\/387531","targetHints":{"allow":["GET"]}}],"collection":[{"href":"https:\/\/staging.glassfilms.eu\/fr\/wp-json\/wp\/v2\/product"}],"about":[{"href":"https:\/\/staging.glassfilms.eu\/fr\/wp-json\/wp\/v2\/types\/product"}],"version-history":[{"count":7,"href":"https:\/\/staging.glassfilms.eu\/fr\/wp-json\/wp\/v2\/product\/387531\/revisions"}],"predecessor-version":[{"id":387562,"href":"https:\/\/staging.glassfilms.eu\/fr\/wp-json\/wp\/v2\/product\/387531\/revisions\/387562"}],"wp:featuredmedia":[{"embeddable":true,"href":"https:\/\/staging.glassfilms.eu\/fr\/wp-json\/wp\/v2\/media\/387534"}],"wp:attachment":[{"href":"https:\/\/staging.glassfilms.eu\/fr\/wp-json\/wp\/v2\/media?parent=387531"}],"wp:term":[{"taxonomy":"product_brand","embeddable":true,"href":"https:\/\/staging.glassfilms.eu\/fr\/wp-json\/wp\/v2\/product_brand?post=387531"},{"taxonomy":"product_cat","embeddable":true,"href":"https:\/\/staging.glassfilms.eu\/fr\/wp-json\/wp\/v2\/product_cat?post=387531"},{"taxonomy":"product_tag","embeddable":true,"href":"https:\/\/staging.glassfilms.eu\/fr\/wp-json\/wp\/v2\/product_tag?post=387531"}],"curies":[{"name":"wp","href":"https:\/\/api.w.org\/{rel}","templated":true}]}}