{"id":366600,"date":"2024-06-12T10:07:05","date_gmt":"2024-06-12T10:07:05","guid":{"rendered":"https:\/\/www.glassfilms.eu\/new\/?post_type=product&#038;p=366600"},"modified":"2024-11-21T13:59:30","modified_gmt":"2024-11-21T13:59:30","slug":"sx-1303-grey-frost","status":"publish","type":"product","link":"https:\/\/staging.glassfilms.eu\/it\/prodotto\/pellicole-di-vetro\/frosted-window-film\/simple-frost\/sx-1303-grigio-gelo\/","title":{"rendered":"SX-1303 Grigio Ghiaccio"},"content":{"rendered":"","protected":false},"excerpt":{"rendered":"<p>SX-1303 Grey Frost \u00e8 una pellicola vinilica trasparente e traslucida di alta qualit\u00e0 che simula il vetro sabbiato. Ideale per oscurare la visibilit\u00e0 diretta e consentire un'eccellente trasmissione della luce.<\/p>\n<p>Questa pellicola \u00e8 consigliata per l'applicazione su vetri interni ed esterni. Realizzata in PVC polimerico resistente con una superficie decorativa in rilievo, perfetta per applicazioni di privacy, decorative o architettoniche. Prodotto con un liner in silicone che protegge l'adesivo trasparente sensibile alla pressione e si applica con gli stessi strumenti e le stesse tecniche delle pellicole per finestre.<\/p>","protected":false},"featured_media":366721,"template":"","meta":{"_acf_changed":false},"product_brand":[],"product_cat":[305,301,23],"product_tag":[],"class_list":{"0":"post-366600","1":"product","2":"type-product","3":"status-publish","4":"has-post-thumbnail","6":"product_cat-frosted-window-film","7":"product_cat-glass-films","8":"product_cat-simple-frost","9":"pa_brand-solyx","11":"first","12":"onbackorder","13":"taxable","14":"shipping-taxable","15":"purchasable","16":"product-type-variable","17":"has-default-attributes"},"acf":[],"_links":{"self":[{"href":"https:\/\/staging.glassfilms.eu\/it\/wp-json\/wp\/v2\/product\/366600","targetHints":{"allow":["GET"]}}],"collection":[{"href":"https:\/\/staging.glassfilms.eu\/it\/wp-json\/wp\/v2\/product"}],"about":[{"href":"https:\/\/staging.glassfilms.eu\/it\/wp-json\/wp\/v2\/types\/product"}],"version-history":[{"count":1,"href":"https:\/\/staging.glassfilms.eu\/it\/wp-json\/wp\/v2\/product\/366600\/revisions"}],"predecessor-version":[{"id":384128,"href":"https:\/\/staging.glassfilms.eu\/it\/wp-json\/wp\/v2\/product\/366600\/revisions\/384128"}],"wp:featuredmedia":[{"embeddable":true,"href":"https:\/\/staging.glassfilms.eu\/it\/wp-json\/wp\/v2\/media\/366721"}],"wp:attachment":[{"href":"https:\/\/staging.glassfilms.eu\/it\/wp-json\/wp\/v2\/media?parent=366600"}],"wp:term":[{"taxonomy":"product_brand","embeddable":true,"href":"https:\/\/staging.glassfilms.eu\/it\/wp-json\/wp\/v2\/product_brand?post=366600"},{"taxonomy":"product_cat","embeddable":true,"href":"https:\/\/staging.glassfilms.eu\/it\/wp-json\/wp\/v2\/product_cat?post=366600"},{"taxonomy":"product_tag","embeddable":true,"href":"https:\/\/staging.glassfilms.eu\/it\/wp-json\/wp\/v2\/product_tag?post=366600"}],"curies":[{"name":"wp","href":"https:\/\/api.w.org\/{rel}","templated":true}]}}