{"id":366798,"date":"2024-06-12T10:07:49","date_gmt":"2024-06-12T10:07:49","guid":{"rendered":"https:\/\/www.glassfilms.eu\/new\/?post_type=product&#038;p=366798"},"modified":"2024-11-19T14:54:20","modified_gmt":"2024-11-19T14:54:20","slug":"sgv-6614-fleur-de-lis","status":"publish","type":"product","link":"https:\/\/staging.glassfilms.eu\/it\/prodotto\/pellicole-di-vetro\/simulated-glass-films\/sgv-6614-fleur-de-lis-2\/","title":{"rendered":"SGV-6614 Fleur De Lis"},"content":{"rendered":"<h2><span style=\"font-weight: 400;\">Domande frequenti sulla pellicola per finestre SGV<\/span><\/h2>\n<p><span style=\"font-weight: 400;\">Di seguito abbiamo risposto ad alcune delle domande pi\u00f9 comuni sull'acquisto delle nostre pellicole per finestre testurizzate nella categoria SGV.\u00a0<\/span><\/p>\n<p><span style=\"font-weight: 400;\">Se non trovate la vostra richiesta, contattate il nostro servizio clienti chiamando il numero <\/span><span style=\"font-weight: 400;\">\u00a0<\/span><b>0800 970 6366<\/b><span style=\"font-weight: 400;\"> o inviateci un'e-mail all'indirizzo <\/span><a href=\"mailto:sales@glassfilms.eu\"><span style=\"font-weight: 400;\">sales@glassfilms.eu<\/span><\/a><span style=\"font-weight: 400;\">.<\/span><\/p>\n<p><span style=\"font-weight: 400;\">Potete anche tenervi aggiornati sulle nostre ultime novit\u00e0 e sui lanci dei prodotti seguendoci su <\/span><a href=\"https:\/\/twitter.com\/glassfilmseu\" target=\"_blank\" rel=\"noopener\"><span style=\"font-weight: 400;\">Twitter<\/span><\/a><span style=\"font-weight: 400;\">, <\/span><a href=\"https:\/\/www.facebook.com\/glassfilmseurope\" target=\"_blank\" rel=\"noopener\"><span style=\"font-weight: 400;\">Facebook<\/span><\/a><span style=\"font-weight: 400;\"> o <\/span><a href=\"https:\/\/www.pinterest.co.uk\/glassfilms\/\" target=\"_blank\" rel=\"noopener\"><span style=\"font-weight: 400;\">Pinterest<\/span><\/a><span style=\"font-weight: 400;\">.\u00a0<\/span><\/p>\n<h3><span style=\"font-weight: 400;\">Cosa sono le pellicole per finestre con motivi SGV?<\/span><\/h3>\n<p><span style=\"font-weight: 400;\">Le nostre pellicole per finestre con motivi SGV sono caratterizzate da una serie di disegni che garantiscono tutti la privacy della finestra. <\/span><span style=\"font-weight: 400;\">Alcune delle texture che abbiamo replicato visivamente includono diamanti, fiori, vetro con scaglie di colla, cubetti di ghiaccio e pioggia. <\/span><span style=\"font-weight: 400;\">All'interno di ognuna di queste opzioni, l'aspetto strutturato fornir\u00e0 diverse qualit\u00e0, tra cui la privacy delle finestre. Ci\u00f2 pu\u00f2 dipendere dai motivi creati o semplicemente dall'applicazione stratificata del motivo sulla pellicola per finestre.<\/span><\/p>\n<p><span style=\"font-weight: 400;\">Per qualsiasi progetto che richieda la privacy della finestra combinata con un look altamente stilizzato, le pellicole per finestre SGV offrono infinite opzioni da esplorare.<\/span><span style=\"font-weight: 400;\"><br \/>\n<\/span><\/p>\n<h3><span style=\"font-weight: 400;\">In che modo le texture SGV aiutano a ottenere la privacy nelle pellicole per finestre?\u00a0<\/span><\/h3>\n<p><span style=\"font-weight: 400;\">Se consideriamo l'aspetto del vetro semplice, di solito \u00e8 completamente trasparente. <\/span><span style=\"font-weight: 400;\">Le pellicole per finestre testurizzate SGV contengono motivi e dettagli. La maggior parte presenta anche elementi smerigliati all'interno del design. <\/span><span style=\"font-weight: 400;\">Quando le nostre pellicole per finestre SGV vengono applicate al vetro trasparente (o a qualsiasi altra superficie di vetro adatta), le texture e gli effetti contribuiscono a trasformare il vetro trasparente in vetro opaco. I livelli effettivi di privacy dipendono dallo stile selezionato: si pu\u00f2 scegliere tra livelli di privacy bassi, medi e alti.<\/span><\/p>\n<p><span style=\"font-weight: 400;\">Pertanto, le nostre pellicole per finestre testurizzate SGV possono risolvere molti dei problemi che la mancanza di privacy crea.\u00a0<\/span><\/p>\n<h3><span style=\"font-weight: 400;\">Come applicare la pellicola per finestre<\/span><\/h3>\n<p><span style=\"font-weight: 400;\">Tutte le nostre pellicole per finestre sono corredate di istruzioni per l'installazione, che si trovano anche in ogni scheda prodotto. Sebbene siano necessari alcuni accessori per il montaggio delle pellicole per finestre, il processo \u00e8 progettato per essere molto semplice.<\/span><\/p>\n<h3><span style=\"font-weight: 400;\">Come congelare una finestra<\/span><\/h3>\n<p><span style=\"font-weight: 400;\">Le finestre smerigliate possono essere ottenute in tre modi. Tuttavia, solo le pellicole per finestre smerigliate che abbiamo in stock qui da Glass Films offrono una soluzione davvero conveniente. <\/span><span style=\"font-weight: 400;\">Le altre due opzioni non adatte includono lo spray per vetri smerigliati, che pu\u00f2 creare disordine ed \u00e8 anche difficile da rimuovere dal vetro stesso della finestra. Le ricerche su Google di \"si pu\u00f2 disfare il vetro smerigliato\" e \"lo spray per vetri smerigliati \u00e8 facile da rimuovere\" lo dimostrano! <\/span><span style=\"font-weight: 400;\">Infine, potete anche sostituire le finestre e scegliere un vetro con effetto smerigliato. Tuttavia, questa \u00e8 l'opzione pi\u00f9 costosa e pu\u00f2 anche causare disagi alla casa o all'edificio.<\/span><\/p>\n<h3><span style=\"font-weight: 400;\">Le luci possono essere viste attraverso le pellicole per finestre smerigliate?<\/span><\/h3>\n<p><span style=\"font-weight: 400;\">S\u00ec. Lo scopo delle pellicole per finestre smerigliate \u00e8 quello di ridurre la trasparenza della finestra, ma non di bloccare completamente la luce. Le pellicole per finestre smerigliate hanno una trasmissione luminosa variabile, i cui dettagli sono riportati su ciascun prodotto. <\/span><span style=\"font-weight: 400;\">Se siete alla ricerca di una pellicola per finestre che riduca completamente la trasmissione della luce, un modello come <\/span><a href=\"https:\/\/staging.glassfilms.eu\/it\/prodotto\/pellicole-di-vetro\/sxv-9-1003-black-gloss-opaque\/\"><span style=\"font-weight: 400;\">SXV-9-1003 Nero lucido opaco<\/span><\/a><span style=\"font-weight: 400;\"> possono essere pi\u00f9 adatti alle vostre esigenze. Disponiamo anche di altri tipi di pellicole per finestre con diverse propriet\u00e0 di riduzione della luce o solari.<\/span><\/p>\n<h3><span style=\"font-weight: 400;\">Che cosa significa Fleur De Lis?<\/span><\/h3>\n<p><span style=\"font-weight: 400;\">Fleur De Lis (noto anche come Fleur De Lys) significa fiore del giglio o fiore dell'iris. Ha molte associazioni positive, tra cui la lealt\u00e0, la fedelt\u00e0 e la nobilt\u00e0.\u00a0<\/span><\/p>\n<h3><span style=\"font-weight: 400;\">Pu\u00f2 dirmi di pi\u00f9 sul vetro con chip di colla?\u00a0<\/span><\/h3>\n<p><span style=\"font-weight: 400;\">Il nostro <\/span><a href=\"https:\/\/staging.glassfilms.eu\/it\/prodotto\/pellicole-di-vetro\/simulated-glass-films\/sgv-6607-frosted-glue-chip-2\/\"><span style=\"font-weight: 400;\">SGV-6607 Chip di colla smerigliata<\/span><\/a><span style=\"font-weight: 400;\"> riproduce l'aspetto di un vetro con schegge di colla nel formato di una pellicola per finestre. <\/span><span style=\"font-weight: 400;\">Il vetro a colla \u00e8 un tipo di vetro decorativo che vanta una consistenza e un aspetto unici. Si ottiene applicando un tipo di colla speciale su una superficie di vetro e lasciando che la colla si asciughi o si ritiri. Quando la colla si ritira, la superficie del vetro si fessura e si ottengono disegni unici che possono imitare l'aspetto della brina o dei cristalli di ghiaccio.\u00a0<\/span><\/p>\n<p><span style=\"font-weight: 400;\">Il modo originale di ottenere l'aspetto del vetro a colla \u00e8 complicato e disordinato. Tuttavia, la nostra pellicola smerigliata per finestre crea lo stesso aspetto in pochi secondi. Inoltre, \u00e8 possibile rimuovere la pellicola senza danneggiare il vetro originale.<\/span><\/p>\n<h3><span style=\"font-weight: 400;\">Quali sono alcuni stili insoliti di pellicole per finestre?<\/span><\/h3>\n<p><span style=\"font-weight: 400;\">Le pellicole per finestre sono disponibili in vari colori, motivi, texture e persino effetti speciali. In questa pagina troverete le nostre pellicole per finestre SGV.\u00a0<\/span><span style=\"font-weight: 400;\">Inoltre, potreste essere interessati ai nostri <\/span><a href=\"https:\/\/staging.glassfilms.eu\/it\/pellicola-per-finestre\/decorative-glass-films\/speciality-window-films\/\"><span style=\"font-weight: 400;\">Pellicole speciali per finestre<\/span><\/a><span style=\"font-weight: 400;\"> o <\/span><a href=\"https:\/\/staging.glassfilms.eu\/it\/pellicola-per-finestre\/decorative-glass-films\/colour-window-films\/stained-glass-window-films\/\"><span style=\"font-weight: 400;\">Pellicole per vetrate<\/span><\/a><span style=\"font-weight: 400;\">. Se desiderate aggiungere un tocco di colore alle vostre finestre, i nostri <\/span><a href=\"https:\/\/staging.glassfilms.eu\/it\/pellicola-per-finestre\/decorative-glass-films\/colour-window-films\/dichroic-window-films\/\"><span style=\"font-weight: 400;\">Pellicole dicroiche per finestre<\/span><\/a><span style=\"font-weight: 400;\"> sono proprio l'ideale.<\/span><\/p>\n<h3><span style=\"font-weight: 400;\">Che cos'\u00e8 la texture della finestra?<\/span><\/h3>\n<p><span style=\"font-weight: 400;\">Nelle nostre pellicole per finestre testurizzate (comprese le pellicole per finestre SGV), ogni stile riproduce l'aspetto visivo di varie texture. <\/span><span style=\"font-weight: 400;\">Di solito associamo la texture alla differenza fisica che crea al tatto. Tuttavia, la maggior parte delle texture presenta differenze anche nell'aspetto visivo. <\/span><span style=\"font-weight: 400;\">Riproducendo l'aspetto della texture all'interno delle pellicole per finestre, \u00e8 possibile ottenere la privacy della finestra. Inoltre, lo stile della finestra pu\u00f2 essere modificato istantaneamente per adattarsi a qualsiasi ambiente, arredamento o stato d'animo.\u00a0<\/span><span style=\"font-weight: 400;\"><br \/>\n<\/span><\/p>","protected":false},"excerpt":{"rendered":"<p>Un motivo chiaro ed elegante del classico Fleur De Lis (fiore di giglio) stilizzato su pellicola smerigliata.<\/p>","protected":false},"featured_media":366924,"template":"","meta":{"_acf_changed":false},"product_brand":[],"product_cat":[378],"product_tag":[],"class_list":{"0":"post-366798","1":"product","2":"type-product","3":"status-publish","4":"has-post-thumbnail","6":"product_cat-simulated-glass-films","7":"pa_brand-simglas","9":"first","10":"onbackorder","11":"taxable","12":"shipping-taxable","13":"purchasable","14":"product-type-variable","15":"has-default-attributes"},"acf":[],"_links":{"self":[{"href":"https:\/\/staging.glassfilms.eu\/it\/wp-json\/wp\/v2\/product\/366798","targetHints":{"allow":["GET"]}}],"collection":[{"href":"https:\/\/staging.glassfilms.eu\/it\/wp-json\/wp\/v2\/product"}],"about":[{"href":"https:\/\/staging.glassfilms.eu\/it\/wp-json\/wp\/v2\/types\/product"}],"version-history":[{"count":1,"href":"https:\/\/staging.glassfilms.eu\/it\/wp-json\/wp\/v2\/product\/366798\/revisions"}],"predecessor-version":[{"id":385528,"href":"https:\/\/staging.glassfilms.eu\/it\/wp-json\/wp\/v2\/product\/366798\/revisions\/385528"}],"wp:featuredmedia":[{"embeddable":true,"href":"https:\/\/staging.glassfilms.eu\/it\/wp-json\/wp\/v2\/media\/366924"}],"wp:attachment":[{"href":"https:\/\/staging.glassfilms.eu\/it\/wp-json\/wp\/v2\/media?parent=366798"}],"wp:term":[{"taxonomy":"product_brand","embeddable":true,"href":"https:\/\/staging.glassfilms.eu\/it\/wp-json\/wp\/v2\/product_brand?post=366798"},{"taxonomy":"product_cat","embeddable":true,"href":"https:\/\/staging.glassfilms.eu\/it\/wp-json\/wp\/v2\/product_cat?post=366798"},{"taxonomy":"product_tag","embeddable":true,"href":"https:\/\/staging.glassfilms.eu\/it\/wp-json\/wp\/v2\/product_tag?post=366798"}],"curies":[{"name":"wp","href":"https:\/\/api.w.org\/{rel}","templated":true}]}}