{"id":366906,"date":"2024-06-12T10:08:40","date_gmt":"2024-06-12T10:08:40","guid":{"rendered":"https:\/\/www.glassfilms.eu\/new\/?post_type=product&#038;p=366906"},"modified":"2024-11-26T14:42:39","modified_gmt":"2024-11-26T14:42:39","slug":"sx-6020-antique-clear","status":"publish","type":"product","link":"https:\/\/staging.glassfilms.eu\/it\/prodotto\/pellicole-di-vetro\/patterned-window-film\/sx-6020-antique-clear\/","title":{"rendered":"SX-6020 Trasparente antico"},"content":{"rendered":"","protected":false},"excerpt":{"rendered":"<p>Una pellicola trasparente con un motivo a specchio antico. Questa pellicola \u00e8 dotata di un adesivo ed \u00e8 progettata per essere installata su specchi esistenti per creare un effetto specchio antico. Pu\u00f2 essere installata anche su superfici in vetro trasparente.<\/p>","protected":false},"featured_media":367040,"template":"","meta":{"_acf_changed":false},"product_brand":[],"product_cat":[788,301,306],"product_tag":[790],"class_list":{"0":"post-366906","1":"product","2":"type-product","3":"status-publish","4":"has-post-thumbnail","6":"product_cat-antique-vintage-window-films","7":"product_cat-glass-films","8":"product_cat-patterned-window-film","9":"product_tag-antique","10":"pa_brand-solyx","12":"first","13":"instock","14":"taxable","15":"shipping-taxable","16":"purchasable","17":"product-type-variable","18":"has-default-attributes"},"acf":[],"_links":{"self":[{"href":"https:\/\/staging.glassfilms.eu\/it\/wp-json\/wp\/v2\/product\/366906","targetHints":{"allow":["GET"]}}],"collection":[{"href":"https:\/\/staging.glassfilms.eu\/it\/wp-json\/wp\/v2\/product"}],"about":[{"href":"https:\/\/staging.glassfilms.eu\/it\/wp-json\/wp\/v2\/types\/product"}],"version-history":[{"count":1,"href":"https:\/\/staging.glassfilms.eu\/it\/wp-json\/wp\/v2\/product\/366906\/revisions"}],"predecessor-version":[{"id":384367,"href":"https:\/\/staging.glassfilms.eu\/it\/wp-json\/wp\/v2\/product\/366906\/revisions\/384367"}],"wp:featuredmedia":[{"embeddable":true,"href":"https:\/\/staging.glassfilms.eu\/it\/wp-json\/wp\/v2\/media\/367040"}],"wp:attachment":[{"href":"https:\/\/staging.glassfilms.eu\/it\/wp-json\/wp\/v2\/media?parent=366906"}],"wp:term":[{"taxonomy":"product_brand","embeddable":true,"href":"https:\/\/staging.glassfilms.eu\/it\/wp-json\/wp\/v2\/product_brand?post=366906"},{"taxonomy":"product_cat","embeddable":true,"href":"https:\/\/staging.glassfilms.eu\/it\/wp-json\/wp\/v2\/product_cat?post=366906"},{"taxonomy":"product_tag","embeddable":true,"href":"https:\/\/staging.glassfilms.eu\/it\/wp-json\/wp\/v2\/product_tag?post=366906"}],"curies":[{"name":"wp","href":"https:\/\/api.w.org\/{rel}","templated":true}]}}