{"id":366921,"date":"2024-06-12T10:08:40","date_gmt":"2024-06-12T10:08:40","guid":{"rendered":"https:\/\/www.glassfilms.eu\/new\/?post_type=product&#038;p=366921"},"modified":"2024-09-16T15:11:02","modified_gmt":"2024-09-16T15:11:02","slug":"sx-bsfv-bird-safety-film-vertical","status":"publish","type":"product","link":"https:\/\/staging.glassfilms.eu\/it\/prodotto\/pellicole-di-vetro\/speciality-window-films\/bird-safety-window-film\/sx-bsfv-bird-safety-film-verticale-2\/","title":{"rendered":"SX-BSFV Pellicola di sicurezza per uccelli - verticale"},"content":{"rendered":"","protected":false},"excerpt":{"rendered":"<p>La pellicola SX-BSFV Vertical Pattern Bird Safety \u00e8 progettata per dissuadere gli uccelli dal volare contro il vetro riflettente, subendo cos\u00ec lesioni o morte e causando potenziali danni alla propriet\u00e0. Le nostre pellicole Bird Deterrent sono il modo migliore per impedire agli uccelli di volare contro le finestre una volta per tutte. I colpi di uccelli sono oggi un problema comune nelle abitazioni e le nostre pellicole Bird Strike hanno dimostrato di contribuire a controllare gli uccelli dal colpire le finestre. Create finestre sicure per gli uccelli con la nostra pellicola di sicurezza Bird Strike SX-BSFV.<\/p>\n<p>&nbsp;<\/p>","protected":false},"featured_media":367090,"template":"","meta":{"_acf_changed":false},"product_brand":[],"product_cat":[503,379],"product_tag":[],"class_list":{"0":"post-366921","1":"product","2":"type-product","3":"status-publish","4":"has-post-thumbnail","6":"product_cat-bird-safety-window-film","7":"product_cat-speciality-window-films","8":"pa_brand-solyx","10":"first","11":"onbackorder","12":"taxable","13":"shipping-taxable","14":"purchasable","15":"product-type-variable","16":"has-default-attributes"},"acf":[],"_links":{"self":[{"href":"https:\/\/staging.glassfilms.eu\/it\/wp-json\/wp\/v2\/product\/366921","targetHints":{"allow":["GET"]}}],"collection":[{"href":"https:\/\/staging.glassfilms.eu\/it\/wp-json\/wp\/v2\/product"}],"about":[{"href":"https:\/\/staging.glassfilms.eu\/it\/wp-json\/wp\/v2\/types\/product"}],"version-history":[{"count":1,"href":"https:\/\/staging.glassfilms.eu\/it\/wp-json\/wp\/v2\/product\/366921\/revisions"}],"predecessor-version":[{"id":380308,"href":"https:\/\/staging.glassfilms.eu\/it\/wp-json\/wp\/v2\/product\/366921\/revisions\/380308"}],"wp:featuredmedia":[{"embeddable":true,"href":"https:\/\/staging.glassfilms.eu\/it\/wp-json\/wp\/v2\/media\/367090"}],"wp:attachment":[{"href":"https:\/\/staging.glassfilms.eu\/it\/wp-json\/wp\/v2\/media?parent=366921"}],"wp:term":[{"taxonomy":"product_brand","embeddable":true,"href":"https:\/\/staging.glassfilms.eu\/it\/wp-json\/wp\/v2\/product_brand?post=366921"},{"taxonomy":"product_cat","embeddable":true,"href":"https:\/\/staging.glassfilms.eu\/it\/wp-json\/wp\/v2\/product_cat?post=366921"},{"taxonomy":"product_tag","embeddable":true,"href":"https:\/\/staging.glassfilms.eu\/it\/wp-json\/wp\/v2\/product_tag?post=366921"}],"curies":[{"name":"wp","href":"https:\/\/api.w.org\/{rel}","templated":true}]}}