{"id":367014,"date":"2024-06-12T10:09:03","date_gmt":"2024-06-12T10:09:03","guid":{"rendered":"https:\/\/www.glassfilms.eu\/new\/?post_type=product&#038;p=367014"},"modified":"2024-11-19T17:40:19","modified_gmt":"2024-11-19T17:40:19","slug":"sgc-6503-charice","status":"publish","type":"product","link":"https:\/\/staging.glassfilms.eu\/it\/prodotto\/pellicole-di-vetro\/simulated-glass-films\/sgc-6503-carice\/","title":{"rendered":"SGC-6503 Charice"},"content":{"rendered":"","protected":false},"excerpt":{"rendered":"<p>SGC-6503 Charice \u00e8 una pellicola trasparente leggermente strutturata, realizzata in poliestere resistente, che offre una visione attenuata e distorta. Questa pellicola dimensionalmente stabile \u00e8 stabilizzata ai raggi UV 100%, non scolorisce e non si ritira, ed \u00e8 fornita con un liner rivestito in silicone che protegge l'adesivo acrilico trasparente sensibile alla pressione. \u00c8 consigliata per l'applicazione su vetro interno ed \u00e8 ideale per la distrazione semi-privata in applicazioni decorative o architettoniche.<\/p>\n<p>Questo prodotto \u00e8 perfetto per applicazioni di distrazione semi-privacy, decorative o architettoniche. Questa pellicola \u00e8 prodotta con un liner in silicone che protegge l'adesivo acrilico trasparente sensibile alla pressione. La pellicola si applica con gli stessi strumenti e le stesse tecniche di applicazione delle pellicole per finestre. Questa pellicola \u00e8 dimensionalmente stabile.<\/p>","protected":false},"featured_media":367160,"template":"","meta":{"_acf_changed":false},"product_brand":[],"product_cat":[378],"product_tag":[],"class_list":{"0":"post-367014","1":"product","2":"type-product","3":"status-publish","4":"has-post-thumbnail","6":"product_cat-simulated-glass-films","7":"pa_brand-simglas","9":"first","10":"onbackorder","11":"sale","12":"taxable","13":"shipping-taxable","14":"purchasable","15":"product-type-variable","16":"has-default-attributes"},"acf":[],"_links":{"self":[{"href":"https:\/\/staging.glassfilms.eu\/it\/wp-json\/wp\/v2\/product\/367014","targetHints":{"allow":["GET"]}}],"collection":[{"href":"https:\/\/staging.glassfilms.eu\/it\/wp-json\/wp\/v2\/product"}],"about":[{"href":"https:\/\/staging.glassfilms.eu\/it\/wp-json\/wp\/v2\/types\/product"}],"version-history":[{"count":2,"href":"https:\/\/staging.glassfilms.eu\/it\/wp-json\/wp\/v2\/product\/367014\/revisions"}],"predecessor-version":[{"id":387622,"href":"https:\/\/staging.glassfilms.eu\/it\/wp-json\/wp\/v2\/product\/367014\/revisions\/387622"}],"wp:featuredmedia":[{"embeddable":true,"href":"https:\/\/staging.glassfilms.eu\/it\/wp-json\/wp\/v2\/media\/367160"}],"wp:attachment":[{"href":"https:\/\/staging.glassfilms.eu\/it\/wp-json\/wp\/v2\/media?parent=367014"}],"wp:term":[{"taxonomy":"product_brand","embeddable":true,"href":"https:\/\/staging.glassfilms.eu\/it\/wp-json\/wp\/v2\/product_brand?post=367014"},{"taxonomy":"product_cat","embeddable":true,"href":"https:\/\/staging.glassfilms.eu\/it\/wp-json\/wp\/v2\/product_cat?post=367014"},{"taxonomy":"product_tag","embeddable":true,"href":"https:\/\/staging.glassfilms.eu\/it\/wp-json\/wp\/v2\/product_tag?post=367014"}],"curies":[{"name":"wp","href":"https:\/\/api.w.org\/{rel}","templated":true}]}}