{"id":367254,"date":"2024-06-12T10:10:03","date_gmt":"2024-06-12T10:10:03","guid":{"rendered":"https:\/\/www.glassfilms.eu\/new\/?post_type=product&#038;p=367254"},"modified":"2024-11-26T14:19:41","modified_gmt":"2024-11-26T14:19:41","slug":"sx-1720-spheres","status":"publish","type":"product","link":"https:\/\/staging.glassfilms.eu\/it\/prodotto\/pellicole-di-vetro\/patterned-window-film\/dotted-window-films\/sx-1720-sfere\/","title":{"rendered":"SX-1720 Sfere"},"content":{"rendered":"","protected":false},"excerpt":{"rendered":"<p>SX-1720 Spheres \u00e8 una pellicola goffrata trasparente\/trasparente di alta qualit\u00e0. Questo prodotto \u00e8 ideale per semi-oscurare la visibilit\u00e0 diretta, pur consentendo un'eccellente trasmissione della luce.<\/p>\n<p>Questa pellicola decorativa per la privacy del vetro \u00e8 consigliata per l'applicazione su vetri interni. Questa pellicola \u00e8 un vinile in polipropilene resistente con una superficie decorativa in rilievo. \u00c8 perfetta per applicazioni semi-privacy, decorative o architettoniche. Si installa con gli stessi metodi utilizzati per l'installazione delle normali pellicole per vetri.<\/p>","protected":false},"featured_media":367283,"template":"","meta":{"_acf_changed":false},"product_brand":[],"product_cat":[502,305,301,306],"product_tag":[],"class_list":{"0":"post-367254","1":"product","2":"type-product","3":"status-publish","4":"has-post-thumbnail","6":"product_cat-dotted-window-films","7":"product_cat-frosted-window-film","8":"product_cat-glass-films","9":"product_cat-patterned-window-film","10":"pa_brand-solyx","12":"first","13":"onbackorder","14":"taxable","15":"shipping-taxable","16":"purchasable","17":"product-type-variable","18":"has-default-attributes"},"acf":[],"_links":{"self":[{"href":"https:\/\/staging.glassfilms.eu\/it\/wp-json\/wp\/v2\/product\/367254","targetHints":{"allow":["GET"]}}],"collection":[{"href":"https:\/\/staging.glassfilms.eu\/it\/wp-json\/wp\/v2\/product"}],"about":[{"href":"https:\/\/staging.glassfilms.eu\/it\/wp-json\/wp\/v2\/types\/product"}],"version-history":[{"count":1,"href":"https:\/\/staging.glassfilms.eu\/it\/wp-json\/wp\/v2\/product\/367254\/revisions"}],"predecessor-version":[{"id":384172,"href":"https:\/\/staging.glassfilms.eu\/it\/wp-json\/wp\/v2\/product\/367254\/revisions\/384172"}],"wp:featuredmedia":[{"embeddable":true,"href":"https:\/\/staging.glassfilms.eu\/it\/wp-json\/wp\/v2\/media\/367283"}],"wp:attachment":[{"href":"https:\/\/staging.glassfilms.eu\/it\/wp-json\/wp\/v2\/media?parent=367254"}],"wp:term":[{"taxonomy":"product_brand","embeddable":true,"href":"https:\/\/staging.glassfilms.eu\/it\/wp-json\/wp\/v2\/product_brand?post=367254"},{"taxonomy":"product_cat","embeddable":true,"href":"https:\/\/staging.glassfilms.eu\/it\/wp-json\/wp\/v2\/product_cat?post=367254"},{"taxonomy":"product_tag","embeddable":true,"href":"https:\/\/staging.glassfilms.eu\/it\/wp-json\/wp\/v2\/product_tag?post=367254"}],"curies":[{"name":"wp","href":"https:\/\/api.w.org\/{rel}","templated":true}]}}