{"id":367279,"date":"2024-06-12T10:10:04","date_gmt":"2024-06-12T10:10:04","guid":{"rendered":"https:\/\/www.glassfilms.eu\/new\/?post_type=product&#038;p=367279"},"modified":"2024-10-07T15:28:07","modified_gmt":"2024-10-07T15:28:07","slug":"sx-4510-cool-grey-stripes","status":"publish","type":"product","link":"https:\/\/staging.glassfilms.eu\/it\/prodotto\/pellicole-di-vetro\/patterned-window-film\/striped-window-film\/sx-4510-cool-grey-stripes\/","title":{"rendered":"SX-4510 Grigio freddo a strisce"},"content":{"rendered":"","protected":false},"excerpt":{"rendered":"<p>SX-4510 Cool Grey Stripes \u00e8 una pellicola in poliestere traslucida a strisce opache con rivestimento antigraffio. \u00c8 perfetto per applicazioni di privacy, decorative o architettoniche. Ideale per oscurare la visibilit\u00e0 pur lasciando passare la luce.<\/p>\n<p>Questa pellicola \u00e8 consigliata per l'applicazione su vetri interni ed esterni (superficie interna). Strisce da 1\/3\/4\" con uno spazio libero di 3\/8\". Realizzata in poliestere resistente con rivestimento antigraffio. Lo spessore \u00e8 di 2 mil. Fornita con un liner in silicone che protegge l'adesivo trasparente sensibile alla pressione, si applica con gli stessi strumenti e le stesse tecniche delle pellicole per finestre.<\/p>","protected":false},"featured_media":367350,"template":"","meta":{"_acf_changed":false},"product_brand":[],"product_cat":[301,306,307],"product_tag":[],"class_list":{"0":"post-367279","1":"product","2":"type-product","3":"status-publish","4":"has-post-thumbnail","6":"product_cat-glass-films","7":"product_cat-patterned-window-film","8":"product_cat-striped-window-film","10":"first","11":"onbackorder","12":"sold-individually","13":"taxable","14":"shipping-taxable","15":"purchasable","16":"product-type-variable","17":"has-default-attributes"},"acf":[],"_links":{"self":[{"href":"https:\/\/staging.glassfilms.eu\/it\/wp-json\/wp\/v2\/product\/367279","targetHints":{"allow":["GET"]}}],"collection":[{"href":"https:\/\/staging.glassfilms.eu\/it\/wp-json\/wp\/v2\/product"}],"about":[{"href":"https:\/\/staging.glassfilms.eu\/it\/wp-json\/wp\/v2\/types\/product"}],"version-history":[{"count":1,"href":"https:\/\/staging.glassfilms.eu\/it\/wp-json\/wp\/v2\/product\/367279\/revisions"}],"predecessor-version":[{"id":386901,"href":"https:\/\/staging.glassfilms.eu\/it\/wp-json\/wp\/v2\/product\/367279\/revisions\/386901"}],"wp:featuredmedia":[{"embeddable":true,"href":"https:\/\/staging.glassfilms.eu\/it\/wp-json\/wp\/v2\/media\/367350"}],"wp:attachment":[{"href":"https:\/\/staging.glassfilms.eu\/it\/wp-json\/wp\/v2\/media?parent=367279"}],"wp:term":[{"taxonomy":"product_brand","embeddable":true,"href":"https:\/\/staging.glassfilms.eu\/it\/wp-json\/wp\/v2\/product_brand?post=367279"},{"taxonomy":"product_cat","embeddable":true,"href":"https:\/\/staging.glassfilms.eu\/it\/wp-json\/wp\/v2\/product_cat?post=367279"},{"taxonomy":"product_tag","embeddable":true,"href":"https:\/\/staging.glassfilms.eu\/it\/wp-json\/wp\/v2\/product_tag?post=367279"}],"curies":[{"name":"wp","href":"https:\/\/api.w.org\/{rel}","templated":true}]}}