{"id":367751,"date":"2024-06-12T10:11:42","date_gmt":"2024-06-12T10:11:42","guid":{"rendered":"https:\/\/www.glassfilms.eu\/new\/?post_type=product&#038;p=367751"},"modified":"2024-09-16T15:28:06","modified_gmt":"2024-09-16T15:28:06","slug":"sx-c371-structure","status":"publish","type":"product","link":"https:\/\/staging.glassfilms.eu\/it\/prodotto\/pellicole-di-vetro\/patterned-window-film\/sx-c371-struttura\/","title":{"rendered":"SX-C371 Struttura"},"content":{"rendered":"","protected":false},"excerpt":{"rendered":"<p>SX-SC371 Structure \u00e8 una pellicola testurizzata a motivi bianchi con sfondo trasparente. Si tratta di una pellicola in poliestere di alta qualit\u00e0, ideale per oscurare la visibilit\u00e0 diretta, pur consentendo un'eccellente trasmissione della luce. Questa pellicola \u00e8 dotata di un liner in silicone e di un adesivo sensibile alla pressione.<\/p>","protected":false},"featured_media":367773,"template":"","meta":{"_acf_changed":false},"product_brand":[],"product_cat":[301,306],"product_tag":[],"class_list":{"0":"post-367751","1":"product","2":"type-product","3":"status-publish","4":"has-post-thumbnail","6":"product_cat-glass-films","7":"product_cat-patterned-window-film","8":"pa_brand-solyx","10":"first","11":"onbackorder","12":"taxable","13":"shipping-taxable","14":"purchasable","15":"product-type-variable","16":"has-default-attributes"},"acf":[],"_links":{"self":[{"href":"https:\/\/staging.glassfilms.eu\/it\/wp-json\/wp\/v2\/product\/367751","targetHints":{"allow":["GET"]}}],"collection":[{"href":"https:\/\/staging.glassfilms.eu\/it\/wp-json\/wp\/v2\/product"}],"about":[{"href":"https:\/\/staging.glassfilms.eu\/it\/wp-json\/wp\/v2\/types\/product"}],"version-history":[{"count":1,"href":"https:\/\/staging.glassfilms.eu\/it\/wp-json\/wp\/v2\/product\/367751\/revisions"}],"predecessor-version":[{"id":380328,"href":"https:\/\/staging.glassfilms.eu\/it\/wp-json\/wp\/v2\/product\/367751\/revisions\/380328"}],"wp:featuredmedia":[{"embeddable":true,"href":"https:\/\/staging.glassfilms.eu\/it\/wp-json\/wp\/v2\/media\/367773"}],"wp:attachment":[{"href":"https:\/\/staging.glassfilms.eu\/it\/wp-json\/wp\/v2\/media?parent=367751"}],"wp:term":[{"taxonomy":"product_brand","embeddable":true,"href":"https:\/\/staging.glassfilms.eu\/it\/wp-json\/wp\/v2\/product_brand?post=367751"},{"taxonomy":"product_cat","embeddable":true,"href":"https:\/\/staging.glassfilms.eu\/it\/wp-json\/wp\/v2\/product_cat?post=367751"},{"taxonomy":"product_tag","embeddable":true,"href":"https:\/\/staging.glassfilms.eu\/it\/wp-json\/wp\/v2\/product_tag?post=367751"}],"curies":[{"name":"wp","href":"https:\/\/api.w.org\/{rel}","templated":true}]}}