{"id":367792,"date":"2024-06-12T10:11:54","date_gmt":"2024-06-12T10:11:54","guid":{"rendered":"https:\/\/www.glassfilms.eu\/new\/?post_type=product&#038;p=367792"},"modified":"2024-11-26T13:43:09","modified_gmt":"2024-11-26T13:43:09","slug":"sx-c387-linen","status":"publish","type":"product","link":"https:\/\/staging.glassfilms.eu\/it\/prodotto\/pellicole-di-vetro\/patterned-window-film\/striped-window-film\/sx-c387-lino\/","title":{"rendered":"SX-C387 Lino"},"content":{"rendered":"","protected":false},"excerpt":{"rendered":"<p>SX-C387 Linen \u00e8 una pellicola in poliestere di alta qualit\u00e0 con motivo a lino bianco. Questo prodotto \u00e8 ideale per semi-oscurare la visibilit\u00e0 diretta, pur consentendo un'eccellente trasmissione della luce.<\/p>\n<p>Questa pellicola ha un rivestimento in silicone e un adesivo sensibile alla pressione. \u00c8 perfetta per applicazioni di privacy, decorative o architettoniche.<\/p>","protected":false},"featured_media":367823,"template":"","meta":{"_acf_changed":false},"product_brand":[],"product_cat":[301,306,307],"product_tag":[],"class_list":{"0":"post-367792","1":"product","2":"type-product","3":"status-publish","4":"has-post-thumbnail","6":"product_cat-glass-films","7":"product_cat-patterned-window-film","8":"product_cat-striped-window-film","9":"pa_brand-solyx","11":"first","12":"onbackorder","13":"taxable","14":"shipping-taxable","15":"purchasable","16":"product-type-variable","17":"has-default-attributes"},"acf":[],"_links":{"self":[{"href":"https:\/\/staging.glassfilms.eu\/it\/wp-json\/wp\/v2\/product\/367792","targetHints":{"allow":["GET"]}}],"collection":[{"href":"https:\/\/staging.glassfilms.eu\/it\/wp-json\/wp\/v2\/product"}],"about":[{"href":"https:\/\/staging.glassfilms.eu\/it\/wp-json\/wp\/v2\/types\/product"}],"version-history":[{"count":1,"href":"https:\/\/staging.glassfilms.eu\/it\/wp-json\/wp\/v2\/product\/367792\/revisions"}],"predecessor-version":[{"id":380337,"href":"https:\/\/staging.glassfilms.eu\/it\/wp-json\/wp\/v2\/product\/367792\/revisions\/380337"}],"wp:featuredmedia":[{"embeddable":true,"href":"https:\/\/staging.glassfilms.eu\/it\/wp-json\/wp\/v2\/media\/367823"}],"wp:attachment":[{"href":"https:\/\/staging.glassfilms.eu\/it\/wp-json\/wp\/v2\/media?parent=367792"}],"wp:term":[{"taxonomy":"product_brand","embeddable":true,"href":"https:\/\/staging.glassfilms.eu\/it\/wp-json\/wp\/v2\/product_brand?post=367792"},{"taxonomy":"product_cat","embeddable":true,"href":"https:\/\/staging.glassfilms.eu\/it\/wp-json\/wp\/v2\/product_cat?post=367792"},{"taxonomy":"product_tag","embeddable":true,"href":"https:\/\/staging.glassfilms.eu\/it\/wp-json\/wp\/v2\/product_tag?post=367792"}],"curies":[{"name":"wp","href":"https:\/\/api.w.org\/{rel}","templated":true}]}}