{"id":367992,"date":"2024-06-12T10:12:41","date_gmt":"2024-06-12T10:12:41","guid":{"rendered":"https:\/\/www.glassfilms.eu\/new\/?post_type=product&#038;p=367992"},"modified":"2024-11-21T13:08:57","modified_gmt":"2024-11-21T13:08:57","slug":"sxl-1017-clear-fine-brushed","status":"publish","type":"product","link":"https:\/\/staging.glassfilms.eu\/it\/prodotto\/pellicole-di-vetro\/frosted-window-film\/simple-frost\/sxl-1017-clear-fine-brushed\/","title":{"rendered":"SXL-1017 Trasparente spazzolato fine"},"content":{"rendered":"","protected":false},"excerpt":{"rendered":"<p>SXL-1017 Clear Fine Brushed \u00e8 una pellicola vinilica traslucida di alta qualit\u00e0 con motivo spazzolato in rilievo. Questo prodotto \u00e8 ideale per oscurare la visibilit\u00e0 diretta, pur consentendo un'eccellente trasmissione della luce.<\/p>","protected":false},"featured_media":368026,"template":"","meta":{"_acf_changed":false},"product_brand":[],"product_cat":[305,301,23,303],"product_tag":[],"class_list":{"0":"post-367992","1":"product","2":"type-product","3":"status-publish","4":"has-post-thumbnail","6":"product_cat-frosted-window-film","7":"product_cat-glass-films","8":"product_cat-simple-frost","9":"product_cat-textured-window-film","10":"pa_brand-solyx","12":"first","13":"onbackorder","14":"taxable","15":"shipping-taxable","16":"purchasable","17":"product-type-variable","18":"has-default-attributes"},"acf":[],"_links":{"self":[{"href":"https:\/\/staging.glassfilms.eu\/it\/wp-json\/wp\/v2\/product\/367992","targetHints":{"allow":["GET"]}}],"collection":[{"href":"https:\/\/staging.glassfilms.eu\/it\/wp-json\/wp\/v2\/product"}],"about":[{"href":"https:\/\/staging.glassfilms.eu\/it\/wp-json\/wp\/v2\/types\/product"}],"version-history":[{"count":1,"href":"https:\/\/staging.glassfilms.eu\/it\/wp-json\/wp\/v2\/product\/367992\/revisions"}],"predecessor-version":[{"id":382827,"href":"https:\/\/staging.glassfilms.eu\/it\/wp-json\/wp\/v2\/product\/367992\/revisions\/382827"}],"wp:featuredmedia":[{"embeddable":true,"href":"https:\/\/staging.glassfilms.eu\/it\/wp-json\/wp\/v2\/media\/368026"}],"wp:attachment":[{"href":"https:\/\/staging.glassfilms.eu\/it\/wp-json\/wp\/v2\/media?parent=367992"}],"wp:term":[{"taxonomy":"product_brand","embeddable":true,"href":"https:\/\/staging.glassfilms.eu\/it\/wp-json\/wp\/v2\/product_brand?post=367992"},{"taxonomy":"product_cat","embeddable":true,"href":"https:\/\/staging.glassfilms.eu\/it\/wp-json\/wp\/v2\/product_cat?post=367992"},{"taxonomy":"product_tag","embeddable":true,"href":"https:\/\/staging.glassfilms.eu\/it\/wp-json\/wp\/v2\/product_tag?post=367992"}],"curies":[{"name":"wp","href":"https:\/\/api.w.org\/{rel}","templated":true}]}}