{"id":368099,"date":"2024-06-12T10:13:04","date_gmt":"2024-06-12T10:13:04","guid":{"rendered":"https:\/\/www.glassfilms.eu\/new\/?post_type=product&#038;p=368099"},"modified":"2024-11-21T14:31:14","modified_gmt":"2024-11-21T14:31:14","slug":"sx3-314-acid-etch","status":"publish","type":"product","link":"https:\/\/staging.glassfilms.eu\/it\/prodotto\/pellicole-di-vetro\/frosted-window-film\/simple-frost\/sx3-314-acido-etch-2\/","title":{"rendered":"SX3-314 Mordenzatura acida"},"content":{"rendered":"","protected":false},"excerpt":{"rendered":"<p>SX3-314 Acid Etch \u00e8 una pellicola vinilica opaca spolverata di alta qualit\u00e0, pi\u00f9 trasparente delle pellicole Dusted Crystal. Questo prodotto \u00e8 ideale per oscurare la visibilit\u00e0 diretta, pur consentendo un'eccellente trasmissione della luce. Questa pellicola \u00e8 un vinile resistente con una superficie opaca spolverata che elimina i riflessi. \u00c8 perfetta per la privacy, le applicazioni decorative e architettoniche.<\/p>\n<p><strong>Adesivo<\/strong><br \/>\nTrasparente acrilico a base d'acqua, sensibile alla pressione (nota: l'adesivo si sbianca se installato con una soluzione acquosa e si schiarisce una volta indurito) Tranne che per la larghezza di 45\"!<\/p>\n<p><strong>Fodera di rilascio<\/strong><br \/>\nCarta su tutte le larghezze, tranne quella da 45\" che ha una fodera in poliestere.<\/p>","protected":false},"featured_media":368130,"template":"","meta":{"_acf_changed":false},"product_brand":[],"product_cat":[305,301,308,23],"product_tag":[],"class_list":{"0":"post-368099","1":"product","2":"type-product","3":"status-publish","4":"has-post-thumbnail","6":"product_cat-frosted-window-film","7":"product_cat-glass-films","8":"product_cat-light-diffusing-window-films","9":"product_cat-simple-frost","10":"pa_brand-solyx","12":"first","13":"onbackorder","14":"taxable","15":"shipping-taxable","16":"purchasable","17":"product-type-variable","18":"has-default-attributes"},"acf":[],"_links":{"self":[{"href":"https:\/\/staging.glassfilms.eu\/it\/wp-json\/wp\/v2\/product\/368099","targetHints":{"allow":["GET"]}}],"collection":[{"href":"https:\/\/staging.glassfilms.eu\/it\/wp-json\/wp\/v2\/product"}],"about":[{"href":"https:\/\/staging.glassfilms.eu\/it\/wp-json\/wp\/v2\/types\/product"}],"version-history":[{"count":1,"href":"https:\/\/staging.glassfilms.eu\/it\/wp-json\/wp\/v2\/product\/368099\/revisions"}],"predecessor-version":[{"id":384332,"href":"https:\/\/staging.glassfilms.eu\/it\/wp-json\/wp\/v2\/product\/368099\/revisions\/384332"}],"wp:featuredmedia":[{"embeddable":true,"href":"https:\/\/staging.glassfilms.eu\/it\/wp-json\/wp\/v2\/media\/368130"}],"wp:attachment":[{"href":"https:\/\/staging.glassfilms.eu\/it\/wp-json\/wp\/v2\/media?parent=368099"}],"wp:term":[{"taxonomy":"product_brand","embeddable":true,"href":"https:\/\/staging.glassfilms.eu\/it\/wp-json\/wp\/v2\/product_brand?post=368099"},{"taxonomy":"product_cat","embeddable":true,"href":"https:\/\/staging.glassfilms.eu\/it\/wp-json\/wp\/v2\/product_cat?post=368099"},{"taxonomy":"product_tag","embeddable":true,"href":"https:\/\/staging.glassfilms.eu\/it\/wp-json\/wp\/v2\/product_tag?post=368099"}],"curies":[{"name":"wp","href":"https:\/\/api.w.org\/{rel}","templated":true}]}}