{"id":368110,"date":"2024-06-12T10:13:04","date_gmt":"2024-06-12T10:13:04","guid":{"rendered":"https:\/\/www.glassfilms.eu\/new\/?post_type=product&#038;p=368110"},"modified":"2024-11-26T15:28:11","modified_gmt":"2024-11-26T15:28:11","slug":"ultraglare-g014-medium-shade","status":"publish","type":"product","link":"https:\/\/staging.glassfilms.eu\/it\/prodotto\/pellicole-di-vetro\/solar-window-films\/ultraglare-g014-ombra-media\/","title":{"rendered":"UltraGlare-G014 Ombra media"},"content":{"rendered":"","protected":false},"excerpt":{"rendered":"<p>UltraGlare-G014 Medium Shade \u00e8 una pellicola per finestre non riflettente con la massima riduzione dell'ombreggiatura e dell'abbagliamento. Riduce la trasmissione della luce visibile di 85%, respinge il calore di 42% e blocca i raggi UV di 99%. Questa pellicola \u00e8 una delle migliori pellicole oscuranti disponibili. \u00c8 consigliata per l'applicazione su vetri interni. Questa pellicola \u00e8 realizzata in poliestere resistente, trasparente e tinto in massa, con una superficie resistente ai graffi. L'adesivo sensibile alla pressione \u00e8 protetto da una pellicola sintetica di rilascio. Eccellente privacy diurna. Ideale per l'oscuramento di veicoli e per qualsiasi applicazione interna.<\/p>","protected":false},"featured_media":368153,"template":"","meta":{"_acf_changed":false},"product_brand":[],"product_cat":[301,524],"product_tag":[],"class_list":{"0":"post-368110","1":"product","2":"type-product","3":"status-publish","4":"has-post-thumbnail","6":"product_cat-glass-films","7":"product_cat-solar-window-films","8":"pa_brand-ultraglare","10":"first","11":"onbackorder","12":"taxable","13":"shipping-taxable","14":"purchasable","15":"product-type-variable","16":"has-default-attributes"},"acf":[],"_links":{"self":[{"href":"https:\/\/staging.glassfilms.eu\/it\/wp-json\/wp\/v2\/product\/368110","targetHints":{"allow":["GET"]}}],"collection":[{"href":"https:\/\/staging.glassfilms.eu\/it\/wp-json\/wp\/v2\/product"}],"about":[{"href":"https:\/\/staging.glassfilms.eu\/it\/wp-json\/wp\/v2\/types\/product"}],"version-history":[{"count":1,"href":"https:\/\/staging.glassfilms.eu\/it\/wp-json\/wp\/v2\/product\/368110\/revisions"}],"predecessor-version":[{"id":383170,"href":"https:\/\/staging.glassfilms.eu\/it\/wp-json\/wp\/v2\/product\/368110\/revisions\/383170"}],"wp:featuredmedia":[{"embeddable":true,"href":"https:\/\/staging.glassfilms.eu\/it\/wp-json\/wp\/v2\/media\/368153"}],"wp:attachment":[{"href":"https:\/\/staging.glassfilms.eu\/it\/wp-json\/wp\/v2\/media?parent=368110"}],"wp:term":[{"taxonomy":"product_brand","embeddable":true,"href":"https:\/\/staging.glassfilms.eu\/it\/wp-json\/wp\/v2\/product_brand?post=368110"},{"taxonomy":"product_cat","embeddable":true,"href":"https:\/\/staging.glassfilms.eu\/it\/wp-json\/wp\/v2\/product_cat?post=368110"},{"taxonomy":"product_tag","embeddable":true,"href":"https:\/\/staging.glassfilms.eu\/it\/wp-json\/wp\/v2\/product_tag?post=368110"}],"curies":[{"name":"wp","href":"https:\/\/api.w.org\/{rel}","templated":true}]}}